{"id":88734,"date":"2026-04-06T12:15:00","date_gmt":"2026-04-06T12:15:00","guid":{"rendered":"https:\/\/smilingway.cz\/politica-de-confidentialitate\/"},"modified":"2018-11-26T12:15:51","modified_gmt":"2018-11-26T12:15:51","slug":"politica-de-confidentialitate","status":"publish","type":"page","link":"https:\/\/smilingway.cz\/ro\/politica-de-confidentialitate\/","title":{"rendered":"Politica de confiden\u021bialitate"},"content":{"rendered":"<p>Dac\u0103 sunte\u021bi vizitator al site-ului meu web, furniza\u021bi informa\u021bii personale, ca \u00een cazul majorit\u0103\u021bii site-urilor web. Datele dvs. sunt protejate \u00een totalitate aici, \u00een conformitate cu Regulamentul general privind protec\u021bia datelor (GDPR).<\/p>\n<p><span style=\"font-size: 14pt;\"><strong>Cine este administratorul?<\/strong><\/span><\/p>\n<p>Operatorul de date este Blanka Odv\u00e1rkov\u00e1, care opereaz\u0103 site-ul web www.smilingway.cz. Operatorul stabile\u0219te \u00een ce scop \u0219i pentru c\u00e2t timp vor fi prelucrate datele cu caracter personal \u0219i, dac\u0103 este cazul, selecteaz\u0103 al\u021bi \u00eemputernici\u021bi care s\u0103 contribuie la aceast\u0103 prelucrare.<\/p>\n<p><span style=\"font-size: 14pt;\"><strong>\u00cen ce scopuri sunt prelucrate datele?  <\/strong><\/span><\/p>\n<p><strong>Cookie-uri pentru a \u00eembun\u0103t\u0103\u021bi performan\u021ba<\/strong> site-ului web &#8211; atunci c\u00e2nd vizita\u021bi un site web, sunt \u00eenregistrate adresa dumneavoastr\u0103 IP \u0219i date anonime despre comportamentul dumneavoastr\u0103 pe site (c\u00e2t timp r\u0103m\u00e2ne\u021bi pe site, din ce surs\u0103 a\u021bi ajuns pe site etc.). Aceste informa\u021bii sunt ob\u021binute prin utilizarea cookie-urilor pentru a m\u0103sura traficul.<br \/>\nDatele cu caracter personal sunt prelucrate pe durata consim\u021b\u0103m\u00e2ntului dumneavoastr\u0103, dar nu mai mult de 26 de luni. <a href=\"https:\/\/smilingway.cz\/zasady-cookies-eu\/\" target=\"_blank\" rel=\"noopener\">Mai multe despre cookie-uri<\/a>.<\/p>\n<p>Buletine informative<strong>&#8211; <\/strong> prin \u00eenscrierea la buletinul informativ, e-mailul dvs. este procesat numai \u00een scopul trimiterii buletinului informativ. \u00cen acela\u0219i timp, acest lucru ofer\u0103 informa\u021bii despre con\u021binutul care v\u0103 intereseaz\u0103 cel mai mult. Scopul este de a g\u0103si cele mai bune \u0219tiri, f\u0103cute pe m\u0103sur\u0103 pentru dumneavoastr\u0103 :). Datele dvs. nu sunt furnizate niciunei ter\u021be p\u0103r\u021bi \u0219i nu sunt rev\u00e2ndute nim\u0103nui. Aceasta este doar pentru a trimite e-mailuri cu nout\u0103\u021bi despre acest site.<\/p>\n<p><span style=\"font-size: 14pt;\"><strong>Securitatea \u0219i protec\u021bia datelor cu caracter personal<\/strong><\/span><\/p>\n<p>Conexiunea la site este complet securizat\u0103, iar datele personale sunt protejate \u00een cea mai mare m\u0103sur\u0103 posibil\u0103 datorit\u0103 cript\u0103rii transmiterii datelor prin protocolul HTTPS (pute\u021bi verifica \u00een orice moment securitatea maxim\u0103 a acestui site folosind lac\u0103tul de l\u00e2ng\u0103 adresa web).<\/p>\n<p><span style=\"font-size: 14pt;\"><strong>Transferul de date cu caracter personal c\u0103tre persoanele \u00eemputernicite de operator \u0219i ter\u021bi<\/strong><\/span><\/p>\n<p>Datele dumneavoastr\u0103 cu caracter personal sunt prelucrate numai de c\u0103tre operatorul \u0219i persoana \u00eemputernicit\u0103 de Google Analytics, folosind codul de m\u0103surare. Cu ajutorul acestuia pot vedea num\u0103rul de vizitatori ai site-ului meu \u0219i ce articole sunt cele mai citite.<\/p>\n<p><span style=\"font-size: 14pt;\"><strong>Transferul de date \u00een afara Uniunii Europene<\/strong><\/span><\/p>\n<p>Datele sunt prelucrate exclusiv \u00een Uniunea European\u0103 sau \u00een \u021b\u0103ri care asigur\u0103 un nivel adecvat de protec\u021bie pe baza unei decizii a Comisiei Europene sau a Conven\u021biei 108.<\/p>\n<p><span style=\"font-size: 14pt;\"><strong>Drepturile dumneavoastr\u0103 \u00een leg\u0103tur\u0103 cu protec\u021bia datelor cu caracter personal<\/strong><\/span><\/p>\n<p>Ave\u021bi o serie de drepturi \u00een ceea ce prive\u0219te protec\u021bia datelor:<\/p>\n<p>Ave\u021bi <strong>dreptul la informare<\/strong>, care este deja respectat prin aceast\u0103 pagin\u0103 de informare cu politica de prelucrare a datelor cu caracter personal.<br \/>\nDatorit\u0103 <strong>dreptului de acces <\/strong>, pute\u021bi solicita \u00een orice moment, \u00een termen de 30 de zile, o dovad\u0103 a datelor cu caracter personal care sunt prelucrate \u0219i a motivelor pentru care sunt prelucrate.<\/p>\n<p><span style=\"font-weight: 400;\">Dac\u0103 se schimb\u0103 ceva \u00een ceea ce v\u0103 prive\u0219te sau dac\u0103 constata\u021bi c\u0103 datele dvs. personale sunt dep\u0103\u0219ite sau incomplete, ave\u021bi urm\u0103toarele posibilit\u0103\u021bi <\/span><b>dreptul de a v\u0103 completa \u0219i modifica datele cu caracter personal<\/b><span style=\"font-weight: 400;\">.<\/span><\/p>\n<p><b>Dreptul la restric\u021bionarea prelucr\u0103rii<\/b><span style=\"font-weight: 400;\">  pe care o pute\u021bi utiliza dac\u0103 considera\u021bi c\u0103 datele dvs. sunt prelucrate \u00een mod ilegal sau inexact, dar nu dori\u021bi s\u0103 \u0219terge\u021bi toate datele sau dac\u0103 v-a\u021bi opus prelucr\u0103rii. Pute\u021bi limita domeniul de aplicare a datelor cu caracter personal sau scopurile prelucr\u0103rii.  <\/span><\/p>\n<p>Dreptul<b>la portabilitate &#8211; <\/b><span style=\"font-weight: 400;\">dac\u0103 dori\u021bi s\u0103 v\u0103 lua\u021bi datele cu caracter personal \u0219i s\u0103 le transfera\u021bi c\u0103tre altcineva, se va urma aceea\u0219i procedur\u0103 ca \u0219i \u00een cazul exercit\u0103rii dreptului de acces &#8211; cu excep\u021bia faptului c\u0103 informa\u021biile v\u0103 vor fi furnizate \u00eentr-un format care poate fi citit automat<\/span>.<\/p>\n<p><b>Dreptul la \u0219tergere<\/b><span style=\"font-weight: 400;\"> (pentru a fi uitat) &#8211; \u00een<\/span><span style=\"font-weight: 400;\">Un alt drept este dreptul de a fi complet \u0219ters din baza de date. \u00cen acest caz, toate datele dvs. personale vor fi \u0219terse din sistem \u0219i din sistemul tuturor subprocesatorilor \u0219i al copiilor de rezerv\u0103. Ave\u021bi nevoie de 30 de zile pentru a v\u0103 asigura dreptul la \u0219tergere.<\/span><\/p>\n<p><span style=\"font-weight: 400;\">\u00cen unele cazuri, exist\u0103 o obliga\u021bie legal\u0103 de arhivare a datelor cu caracter personal (de exemplu, toate documentele fiscale emise). \u00cen acest caz, toate aceste date cu caracter personal care nu sunt prev\u0103zute de lege vor fi \u0219terse.<\/span><\/p>\n<p><b>Pl\u00e2ngere la Oficiul pentru protec\u021bia datelor cu caracter personal<\/b><\/p>\n<p><span style=\"font-weight: 400;\">\u00cen cazul \u00een care considera\u021bi c\u0103 datele dumneavoastr\u0103 nu sunt tratate \u00een conformitate cu legea, ave\u021bi dreptul de a depune o pl\u00e2ngere la Autoritatea pentru protec\u021bia datelor. M-a\u0219 bucura dac\u0103 m-a\u021bi informa mai \u00eent\u00e2i despre aceast\u0103 suspiciune la adresa napis@smilingway.cz, astfel \u00eenc\u00e2t s\u0103 pot face ceva \u00een acest sens \u0219i s\u0103 corectez eventualele gre\u0219eli.  <\/span><\/p>\n<p><span style=\"font-size: 14pt;\"><strong>T\u0103cere<\/strong><\/span><\/p>\n<p><span style=\"font-weight: 400;\">Operatorul este obligat s\u0103 men\u021bin\u0103 confiden\u021bialitatea datelor cu caracter personal \u0219i m\u0103surile de securitate a c\u0103ror divulgare ar putea compromite securitatea datelor dumneavoastr\u0103 cu caracter personal. Aceast\u0103 confiden\u021bialitate se p\u0103streaz\u0103 \u0219i dup\u0103 \u00eencetarea rela\u021biei contractuale. Datele dvs. personale nu vor fi divulgate niciunei ter\u021be p\u0103r\u021bi f\u0103r\u0103 consim\u021b\u0103m\u00e2ntul dvs.<\/span><\/p>\n<p><strong><span style=\"font-size: 14pt;\">Detalii de contact<\/span><\/strong><\/p>\n<p><span style=\"font-weight: 400;\">Dac\u0103 ave\u021bi \u00eentreb\u0103ri cu privire la prelucrarea datelor cu caracter personal, \u0219i nu numai \u00een acest context, v\u0103 rug\u0103m s\u0103 nu ezita\u021bi s\u0103 ne contacta\u021bi la napis@smilingway.cz.<\/span><\/p>\n<p>Prezenta politic\u0103 intr\u0103 \u00een vigoare imediat.<\/p>\n","protected":false},"excerpt":{"rendered":"<p>Dac\u0103 sunte\u021bi vizitator al site-ului meu web, furniza\u021bi informa\u021bii personale, ca \u00een cazul majorit\u0103\u021bii site-urilor web. Datele dvs. sunt protejate \u00een totalitate aici, \u00een conformitate [&hellip;]<\/p>\n","protected":false},"author":1,"featured_media":0,"parent":0,"menu_order":0,"comment_status":"closed","ping_status":"closed","template":"","meta":{"_uag_custom_page_level_css":"","site-sidebar-layout":"right-sidebar","site-content-layout":"default","ast-site-content-layout":"normal-width-container","site-content-style":"default","site-sidebar-style":"default","ast-global-header-display":"","ast-banner-title-visibility":"","ast-main-header-display":"","ast-hfb-above-header-display":"","ast-hfb-below-header-display":"","ast-hfb-mobile-header-display":"","site-post-title":"","ast-breadcrumbs-content":"","ast-featured-img":"","footer-sml-layout":"","ast-disable-related-posts":"","theme-transparent-header-meta":"default","adv-header-id-meta":"","stick-header-meta":"default","header-above-stick-meta":"","header-main-stick-meta":"","header-below-stick-meta":"","astra-migrate-meta-layouts":"default","ast-page-background-enabled":"default","ast-page-background-meta":{"desktop":{"background-color":"","background-image":"","background-repeat":"repeat","background-position":"center center","background-size":"auto","background-attachment":"scroll","background-type":"","background-media":"","overlay-type":"","overlay-color":"","overlay-opacity":"","overlay-gradient":""},"tablet":{"background-color":"","background-image":"","background-repeat":"repeat","background-position":"center center","background-size":"auto","background-attachment":"scroll","background-type":"","background-media":"","overlay-type":"","overlay-color":"","overlay-opacity":"","overlay-gradient":""},"mobile":{"background-color":"","background-image":"","background-repeat":"repeat","background-position":"center center","background-size":"auto","background-attachment":"scroll","background-type":"","background-media":"","overlay-type":"","overlay-color":"","overlay-opacity":"","overlay-gradient":""}},"ast-content-background-meta":{"desktop":{"background-color":"var(--ast-global-color-5)","background-image":"","background-repeat":"repeat","background-position":"center center","background-size":"auto","background-attachment":"scroll","background-type":"","background-media":"","overlay-type":"","overlay-color":"","overlay-opacity":"","overlay-gradient":""},"tablet":{"background-color":"var(--ast-global-color-5)","background-image":"","background-repeat":"repeat","background-position":"center center","background-size":"auto","background-attachment":"scroll","background-type":"","background-media":"","overlay-type":"","overlay-color":"","overlay-opacity":"","overlay-gradient":""},"mobile":{"background-color":"var(--ast-global-color-5)","background-image":"","background-repeat":"repeat","background-position":"center center","background-size":"auto","background-attachment":"scroll","background-type":"","background-media":"","overlay-type":"","overlay-color":"","overlay-opacity":"","overlay-gradient":""}},"footnotes":""},"class_list":["post-88734","page","type-page","status-publish","hentry"],"yoast_head":"<!-- This site is optimized with the Yoast SEO plugin v27.5 - https:\/\/yoast.com\/product\/yoast-seo-wordpress\/ -->\n<title>Politica de confiden\u021bialitate - SMILING WAY<\/title>\n<meta name=\"robots\" content=\"index, follow, max-snippet:-1, max-image-preview:large, max-video-preview:-1\" \/>\n<link rel=\"canonical\" href=\"https:\/\/smilingway.cz\/ro\/politica-de-confidentialitate\/\" \/>\n<meta property=\"og:locale\" content=\"ro_RO\" \/>\n<meta property=\"og:type\" content=\"article\" \/>\n<meta property=\"og:title\" content=\"Politica de confiden\u021bialitate - SMILING WAY\" \/>\n<meta property=\"og:description\" content=\"Dac\u0103 sunte\u021bi vizitator al site-ului meu web, furniza\u021bi informa\u021bii personale, ca \u00een cazul majorit\u0103\u021bii site-urilor web. Datele dvs. sunt protejate \u00een totalitate aici, \u00een conformitate [&hellip;]\" \/>\n<meta property=\"og:url\" content=\"https:\/\/smilingway.cz\/ro\/politica-de-confidentialitate\/\" \/>\n<meta property=\"og:site_name\" content=\"SMILING WAY\" \/>\n<meta property=\"article:publisher\" content=\"https:\/\/www.facebook.com\/smilingwaycz\/\" \/>\n<meta name=\"twitter:card\" content=\"summary_large_image\" \/>\n<meta name=\"twitter:site\" content=\"@smilingwaycz\" \/>\n<meta name=\"twitter:label1\" content=\"Timp estimat pentru citire\" \/>\n\t<meta name=\"twitter:data1\" content=\"5 minute\" \/>\n<!-- \/ Yoast SEO plugin. -->","yoast_head_json":{"title":"Politica de confiden\u021bialitate - SMILING WAY","robots":{"index":"index","follow":"follow","max-snippet":"max-snippet:-1","max-image-preview":"max-image-preview:large","max-video-preview":"max-video-preview:-1"},"canonical":"https:\/\/smilingway.cz\/ro\/politica-de-confidentialitate\/","og_locale":"ro_RO","og_type":"article","og_title":"Politica de confiden\u021bialitate - SMILING WAY","og_description":"Dac\u0103 sunte\u021bi vizitator al site-ului meu web, furniza\u021bi informa\u021bii personale, ca \u00een cazul majorit\u0103\u021bii site-urilor web. Datele dvs. sunt protejate \u00een totalitate aici, \u00een conformitate [&hellip;]","og_url":"https:\/\/smilingway.cz\/ro\/politica-de-confidentialitate\/","og_site_name":"SMILING WAY","article_publisher":"https:\/\/www.facebook.com\/smilingwaycz\/","twitter_card":"summary_large_image","twitter_site":"@smilingwaycz","twitter_misc":{"Timp estimat pentru citire":"5 minute"},"schema":{"@context":"https:\/\/schema.org","@graph":[{"@type":"WebPage","@id":"https:\/\/smilingway.cz\/ro\/politica-de-confidentialitate\/","url":"https:\/\/smilingway.cz\/ro\/politica-de-confidentialitate\/","name":"Politica de confiden\u021bialitate - SMILING WAY","isPartOf":{"@id":"https:\/\/smilingway.cz\/ro\/#website"},"datePublished":"2026-04-06T12:15:00+00:00","breadcrumb":{"@id":"https:\/\/smilingway.cz\/ro\/politica-de-confidentialitate\/#breadcrumb"},"inLanguage":"ro-RO","potentialAction":[{"@type":"ReadAction","target":["https:\/\/smilingway.cz\/ro\/politica-de-confidentialitate\/"]}]},{"@type":"BreadcrumbList","@id":"https:\/\/smilingway.cz\/ro\/politica-de-confidentialitate\/#breadcrumb","itemListElement":[{"@type":"ListItem","position":1,"name":"Acas\u0103","item":"https:\/\/smilingway.cz\/ro\/"},{"@type":"ListItem","position":2,"name":"Politica de confiden\u021bialitate"}]},{"@type":"WebSite","@id":"https:\/\/smilingway.cz\/ro\/#website","url":"https:\/\/smilingway.cz\/ro\/","name":"Smiling Way","description":"Sfaturi, inspira\u021bie \u0219i ghiduri de c\u0103l\u0103torie","publisher":{"@id":"https:\/\/smilingway.cz\/ro\/#\/schema\/person\/1bb9c7a0f759e37cc3c643cfcf64b9ee"},"potentialAction":[{"@type":"SearchAction","target":{"@type":"EntryPoint","urlTemplate":"https:\/\/smilingway.cz\/ro\/?s={search_term_string}"},"query-input":{"@type":"PropertyValueSpecification","valueRequired":true,"valueName":"search_term_string"}}],"inLanguage":"ro-RO"},{"@type":["Person","Organization"],"@id":"https:\/\/smilingway.cz\/ro\/#\/schema\/person\/1bb9c7a0f759e37cc3c643cfcf64b9ee","name":"Blanka","image":{"@type":"ImageObject","inLanguage":"ro-RO","@id":"https:\/\/smilingway.cz\/wp-content\/uploads\/2023\/08\/IMG_20190712_115524_optimized-1-1024x768-1.jpg","url":"https:\/\/smilingway.cz\/wp-content\/uploads\/2023\/08\/IMG_20190712_115524_optimized-1-1024x768-1.jpg","contentUrl":"https:\/\/smilingway.cz\/wp-content\/uploads\/2023\/08\/IMG_20190712_115524_optimized-1-1024x768-1.jpg","width":1024,"height":768,"caption":"Blanka"},"logo":{"@id":"https:\/\/smilingway.cz\/wp-content\/uploads\/2023\/08\/IMG_20190712_115524_optimized-1-1024x768-1.jpg"},"sameAs":["https:\/\/www.facebook.com\/smilingwaycz\/","https:\/\/cz.pinterest.com\/smilingwaycz\/","https:\/\/x.com\/smilingwaycz"]}]}},"spectra_custom_meta":{"_wpml_media_duplicate":["0"],"_wpml_media_featured":["1"],"stick-header-meta":["default"],"site-content-layout":["default"],"theme-transparent-header-meta":["default"],"_top_nav_excluded":[""],"_cms_nav_minihome":[""],"_wp_page_template":["default"],"_wpml_word_count":["{\"total\":825,\"to_translate\":{\"cs\":825,\"en\":825,\"de\":825,\"hu\":825}}"],"adv-header-id-meta":[""],"site-sidebar-layout":["right-sidebar"],"ast-site-content-layout":["normal-width-container"],"_uag_page_assets":["a:9:{s:3:\"css\";s:0:\"\";s:2:\"js\";s:0:\"\";s:18:\"current_block_list\";a:2:{i:0;s:14:\"core\/paragraph\";i:1;s:10:\"core\/image\";}s:8:\"uag_flag\";b:0;s:11:\"uag_version\";s:10:\"1777714900\";s:6:\"gfonts\";a:1:{s:7:\"Default\";a:2:{s:10:\"fontfamily\";s:7:\"Default\";s:12:\"fontvariants\";a:0:{}}}s:10:\"gfonts_url\";s:77:\"https:\/\/fonts.googleapis.com\/css?family=Default&subset=latin&display=fallback\";s:12:\"gfonts_files\";a:0:{}s:14:\"uag_faq_layout\";b:0;}"]},"uagb_featured_image_src":{"full":false,"thumbnail":false,"medium":false,"medium_large":false,"large":false,"1536x1536":false,"2048x2048":false},"uagb_author_info":{"display_name":"Blanka","author_link":"https:\/\/smilingway.cz\/ro\/author\/admin\/"},"uagb_comment_info":0,"uagb_excerpt":"Dac\u0103 sunte\u021bi vizitator al site-ului meu web, furniza\u021bi informa\u021bii personale, ca \u00een cazul majorit\u0103\u021bii site-urilor web. Datele dvs. sunt protejate \u00een totalitate aici, \u00een conformitate [&hellip;]","_links":{"self":[{"href":"https:\/\/smilingway.cz\/ro\/wp-json\/wp\/v2\/pages\/88734","targetHints":{"allow":["GET"]}}],"collection":[{"href":"https:\/\/smilingway.cz\/ro\/wp-json\/wp\/v2\/pages"}],"about":[{"href":"https:\/\/smilingway.cz\/ro\/wp-json\/wp\/v2\/types\/page"}],"author":[{"embeddable":true,"href":"https:\/\/smilingway.cz\/ro\/wp-json\/wp\/v2\/users\/1"}],"replies":[{"embeddable":true,"href":"https:\/\/smilingway.cz\/ro\/wp-json\/wp\/v2\/comments?post=88734"}],"version-history":[{"count":0,"href":"https:\/\/smilingway.cz\/ro\/wp-json\/wp\/v2\/pages\/88734\/revisions"}],"wp:attachment":[{"href":"https:\/\/smilingway.cz\/ro\/wp-json\/wp\/v2\/media?parent=88734"}],"curies":[{"name":"wp","href":"https:\/\/api.w.org\/{rel}","templated":true}]}}