{"id":88722,"date":"2023-02-11T18:11:00","date_gmt":"2023-02-11T18:11:00","guid":{"rendered":"https:\/\/smilingway.cz\/despre-noi\/"},"modified":"2024-04-30T11:28:29","modified_gmt":"2024-04-30T11:28:29","slug":"despre-noi","status":"publish","type":"page","link":"https:\/\/smilingway.cz\/ro\/despre-noi\/","title":{"rendered":"DESPRE NOI"},"content":{"rendered":"\n<div class=\"wp-block-columns alignwide is-layout-flex wp-container-core-columns-is-layout-28f84493 wp-block-columns-is-layout-flex\">\n<div class=\"wp-block-column is-layout-flow wp-block-column-is-layout-flow\">\n<div style=\"height:62px\" aria-hidden=\"true\" class=\"wp-block-spacer\"><\/div>\n\n\n\n<p style=\"font-size:28px\"><strong>Bine a\u021bi venit pe blogul nostru!<\/strong><\/p>\n\n\n\n<p>Suntem o familie de patru persoane din Boemia de Vest, c\u0103rora le place s\u0103 exploreze, s\u0103 descopere \u0219i s\u0103 se \u00eembibeze de atmosfera unor locuri noi.  <\/p>\n\n\n\n<p>Niciunul dintre noi nu provine dintr-o familie de c\u0103l\u0103tori. De fapt, cu ani \u00een urm\u0103, credeam c\u0103 c\u0103l\u0103toriile sunt un privilegiu de care nu beneficiaz\u0103 aproape nimeni.  <\/p>\n\n\n\n<p>Ast\u0103zi \u0219tim c\u0103 nu am fi putut gre\u0219i mai mult.  <\/p>\n<\/div>\n\n\n\n<div class=\"wp-block-column is-layout-flow wp-block-column-is-layout-flow\">\n<figure class=\"wp-block-image size-full\"><a href=\"https:\/\/smilingway.cz\/wp-content\/uploads\/2023\/02\/IMG_20180707_152138-1024x768-1-2.jpg\"><img decoding=\"async\" width=\"780\" height=\"585\" src=\"https:\/\/smilingway.cz\/wp-content\/uploads\/2023\/02\/IMG_20180707_152138-1024x768-1-2.jpg\" alt=\"\" class=\"wp-image-125143\" srcset=\"https:\/\/smilingway.cz\/wp-content\/uploads\/2023\/02\/IMG_20180707_152138-1024x768-1-2.jpg 780w, https:\/\/smilingway.cz\/wp-content\/uploads\/2023\/02\/IMG_20180707_152138-1024x768-1-2-300x225.jpg 300w, https:\/\/smilingway.cz\/wp-content\/uploads\/2023\/02\/IMG_20180707_152138-1024x768-1-2-768x576.jpg 768w\" sizes=\"(max-width: 780px) 100vw, 780px\" \/><\/a><\/figure>\n<\/div>\n<\/div>\n\n<p>Aventura noastr\u0103 a \u00eenceput \u00een urm\u0103 cu 14 ani, c\u00e2nd am cump\u0103rat de la socrul meu o b\u0103tr\u00e2n\u0103 Felicia cu 5 mii de coroane. Am mers oriunde Felicia ne-a permis &#8211; \u00een <a href=\"https:\/\/smilingway.cz\/cesky-raj\/\" target=\"_blank\" rel=\"noreferrer noopener\">Paradisul<\/a> <a href=\"https:\/\/smilingway.cz\/ceske-svycarsko\/\" target=\"_blank\" rel=\"noreferrer noopener\">Boemiei<\/a>, \u00een <a href=\"https:\/\/smilingway.cz\/ceske-svycarsko\/\" target=\"_blank\" rel=\"noreferrer noopener\">Elve\u021bia boem\u0103<\/a> sau \u00een <a href=\"https:\/\/smilingway.cz\/co-navstivit-v-krkonosich\/\" target=\"_blank\" rel=\"noreferrer noopener\">Mun\u021bii Krkono\u0161e<\/a>.  <\/p>\n\n<p>Dup\u0103 c\u00e2\u021biva ani, l-am \u00eenlocuit pe Felice. Fie ca p\u0103m\u00e2ntul din cimitirul de vechituri s\u0103-i fie lumin\u0103.  <\/p>\n\n<p>\u0218i au trecut grani\u021ba. La acea vreme lucram la po\u0219t\u0103 \u0219i studiam la universitate. Salariile noastre din regiunea Karlovy Vary nu erau dintre cele mai mari, a\u0219a c\u0103 adesea c\u0103l\u0103toream cu pu\u021bin bagaj \u0219i doar cu c\u00e2\u021biva b\u0103nu\u021bi \u00een buzunar.  <\/p>\n\n<figure class=\"wp-block-image aligncenter size-full is-resized\"><a href=\"https:\/\/smilingway.cz\/wp-content\/uploads\/2023\/02\/image-0-02-05-faf278b8f3b81dc00206901a90f2ec18318c3d154e06d1e7b63770bba43fba90-V.jpg\"><img decoding=\"async\" width=\"600\" height=\"800\" src=\"https:\/\/smilingway.cz\/wp-content\/uploads\/2023\/02\/image-0-02-05-faf278b8f3b81dc00206901a90f2ec18318c3d154e06d1e7b63770bba43fba90-V.jpg\" alt=\"\" class=\"wp-image-125130\" style=\"width:450px;height:600px\" srcset=\"https:\/\/smilingway.cz\/wp-content\/uploads\/2023\/02\/image-0-02-05-faf278b8f3b81dc00206901a90f2ec18318c3d154e06d1e7b63770bba43fba90-V.jpg 600w, https:\/\/smilingway.cz\/wp-content\/uploads\/2023\/02\/image-0-02-05-faf278b8f3b81dc00206901a90f2ec18318c3d154e06d1e7b63770bba43fba90-V-225x300.jpg 225w\" sizes=\"(max-width: 600px) 100vw, 600px\" \/><\/a><\/figure>\n\n<p>Am rezervat cea mai ieftin\u0103 cazare. \u00cen cel mai bun caz, a\u0219teptam doar mucegai pe pere\u021bi, \u00een cele mai rele am a\u0219teptat ore \u00eentregi \u00een curte p\u00e2n\u0103 c\u00e2nd proprietarul Airbnb a sosit \u0219i ne-a l\u0103sat s\u0103 intr\u0103m. Sau pur \u0219i simplu ne-am f\u0103cut patul la aeroport (\u0219i am fost destul de surprin\u0219i de c\u00e2\u021bi oameni \u0219i-au f\u0103cut patul cu noi la aeroport).  <\/p>\n\n<p>\u00cen timpul vacan\u021bei noastre \u00een Veneto, am \u00eemp\u0103r\u021bit \u00een fiecare zi un pache\u021bel de paste la pr\u00e2nz pentru a putea merge s\u0103 lu\u0103m \u00eenghe\u021bat\u0103.<\/p>\n\n<figure class=\"wp-block-image aligncenter size-full\"><a href=\"https:\/\/smilingway.cz\/wp-content\/uploads\/2023\/02\/IMG_20190713_114612.jpg\"><img decoding=\"async\" width=\"800\" height=\"600\" src=\"https:\/\/smilingway.cz\/wp-content\/uploads\/2023\/02\/IMG_20190713_114612.jpg\" alt=\"\" class=\"wp-image-125125\" srcset=\"https:\/\/smilingway.cz\/wp-content\/uploads\/2023\/02\/IMG_20190713_114612.jpg 800w, https:\/\/smilingway.cz\/wp-content\/uploads\/2023\/02\/IMG_20190713_114612-300x225.jpg 300w, https:\/\/smilingway.cz\/wp-content\/uploads\/2023\/02\/IMG_20190713_114612-768x576.jpg 768w\" sizes=\"(max-width: 800px) 100vw, 800px\" \/><\/a><\/figure>\n\n<figure class=\"wp-block-image aligncenter size-full is-resized\"><a href=\"https:\/\/smilingway.cz\/wp-content\/uploads\/2023\/02\/IMG_20211030_104011_1-2-scaled-1.jpg\"><img decoding=\"async\" width=\"924\" height=\"693\" src=\"https:\/\/smilingway.cz\/wp-content\/uploads\/2023\/02\/IMG_20211030_104011_1-2-scaled-1.jpg\" alt=\"\" class=\"wp-image-125135\" style=\"width:693px;height:520px\" srcset=\"https:\/\/smilingway.cz\/wp-content\/uploads\/2023\/02\/IMG_20211030_104011_1-2-scaled-1.jpg 924w, https:\/\/smilingway.cz\/wp-content\/uploads\/2023\/02\/IMG_20211030_104011_1-2-scaled-1-300x225.jpg 300w, https:\/\/smilingway.cz\/wp-content\/uploads\/2023\/02\/IMG_20211030_104011_1-2-scaled-1-768x576.jpg 768w\" sizes=\"(max-width: 924px) 100vw, 924px\" \/><\/a><\/figure>\n\n<p>\u0218i, de\u0219i c\u0103l\u0103toria ieftin\u0103 a avut cu siguran\u021b\u0103 un rol important, ast\u0103zi c\u0103l\u0103torim diferit. De asemenea, din cauza b\u0103ie\u021bilor no\u0219tri (2 \u0219i 4 ani). Planific\u0103m din timp \u0219i c\u0103ut\u0103m op\u021biunile cu cel mai bun raport calitate-pre\u021b. Nu mai vrem s\u0103 ne stres\u0103m la fa\u021ba locului, a\u0219a c\u0103 ne deplas\u0103m cu firme verificate. \u0218i asta este ceea ce am dori s\u0103 transmitem pe acest blog.  <\/p>\n\n<p>Ne-au ajutat cu experien\u021ba lor \u0219i cu sfaturi despre cum s\u0103 planific\u0103m o vacan\u021b\u0103 perfect\u0103.  <\/p>\n\n<p>Descoperi\u021bi cu noi <a href=\"https:\/\/smilingway.cz\/pamatky-v-londyne-prehled-vstupneho-a-oteviraci-doby\/\">Londra<\/a>, <a href=\"https:\/\/smilingway.cz\/pariz-za-3-dny\/\">Paris<\/a>, <a href=\"https:\/\/smilingway.cz\/ro\/cce-sa-vizitezi-in-roma\/\">Roma<\/a>, <a href=\"https:\/\/smilingway.cz\/lisabon-pamatky\/\">Lisabona<\/a>, dar \u0219i <a href=\"https:\/\/smilingway.cz\/dubaj\/\">Dubai<\/a> sau <a href=\"https:\/\/smilingway.cz\/pamatky-v-new-yorku\/\">New York<\/a>. Face\u021bi o plimbare pe dealurile din <a href=\"https:\/\/smilingway.cz\/rakouske-alpy\/\">Alpii austrieci<\/a> sau din <a href=\"https:\/\/smilingway.cz\/dolomity-nejkrasnejsi-mista\/\">Dolomi\u021bi<\/a>. Sau bucura\u021bi-v\u0103 de podgoriile din <a href=\"https:\/\/smilingway.cz\/kam-v-toskansku\/\">Toscana<\/a> \u0219i de c\u00e2mpurile de lavand\u0103 din <a href=\"https:\/\/smilingway.cz\/provence-francie\/\">Provence<\/a>. Inspir\u0103-te \u0219i alege-\u021bi vacan\u021ba <a href=\"https:\/\/smilingway.cz\/ro\/destinatii\/\" target=\"_blank\" rel=\"noreferrer noopener\">aici<\/a>.  <\/p>\n\n<p>Suntem de p\u0103rere c\u0103 nu este necesar s\u0103 zbur\u0103m jum\u0103tate de lume pentru a descoperi locuri frumoase.<\/p>\n\n<p>Nici unul dintre articolele de pe acest site nu este sponsorizat. Acoperim noi \u00een\u0219ine toate cheltuielile pentru a ne asigura c\u0103 opiniile noastre sunt obiective \u0219i impar\u021biale.<\/p>\n\n<p>V\u0103 mul\u021bumim c\u0103 a\u021bi c\u0103l\u0103torit cu noi. V\u0103 mul\u021bumim pentru orice feedback \u00een comentarii sau prin e-mail. Apreciem foarte mult!<\/p>\n\n<p>Blanka, Petya \u0219i copiii<\/p>\n","protected":false},"excerpt":{"rendered":"<p>Bine a\u021bi venit pe blogul nostru! Suntem o familie de patru persoane din Boemia de Vest, c\u0103rora le place s\u0103 exploreze, s\u0103 descopere \u0219i s\u0103 [&hellip;]<\/p>\n","protected":false},"author":1,"featured_media":0,"parent":0,"menu_order":0,"comment_status":"open","ping_status":"closed","template":"","meta":{"_uag_custom_page_level_css":"","site-sidebar-layout":"default","site-content-layout":"default","ast-site-content-layout":"normal-width-container","site-content-style":"default","site-sidebar-style":"default","ast-global-header-display":"","ast-banner-title-visibility":"","ast-main-header-display":"","ast-hfb-above-header-display":"","ast-hfb-below-header-display":"","ast-hfb-mobile-header-display":"","site-post-title":"disabled","ast-breadcrumbs-content":"","ast-featured-img":"","footer-sml-layout":"","ast-disable-related-posts":"","theme-transparent-header-meta":"default","adv-header-id-meta":"","stick-header-meta":"default","header-above-stick-meta":"","header-main-stick-meta":"","header-below-stick-meta":"","astra-migrate-meta-layouts":"default","ast-page-background-enabled":"default","ast-page-background-meta":{"desktop":{"background-color":"","background-image":"","background-repeat":"repeat","background-position":"center center","background-size":"auto","background-attachment":"scroll","background-type":"","background-media":"","overlay-type":"","overlay-color":"","overlay-opacity":"","overlay-gradient":""},"tablet":{"background-color":"","background-image":"","background-repeat":"repeat","background-position":"center center","background-size":"auto","background-attachment":"scroll","background-type":"","background-media":"","overlay-type":"","overlay-color":"","overlay-opacity":"","overlay-gradient":""},"mobile":{"background-color":"","background-image":"","background-repeat":"repeat","background-position":"center center","background-size":"auto","background-attachment":"scroll","background-type":"","background-media":"","overlay-type":"","overlay-color":"","overlay-opacity":"","overlay-gradient":""}},"ast-content-background-meta":{"desktop":{"background-color":"var(--ast-global-color-5)","background-image":"","background-repeat":"repeat","background-position":"center center","background-size":"auto","background-attachment":"scroll","background-type":"","background-media":"","overlay-type":"","overlay-color":"","overlay-opacity":"","overlay-gradient":""},"tablet":{"background-color":"var(--ast-global-color-5)","background-image":"","background-repeat":"repeat","background-position":"center center","background-size":"auto","background-attachment":"scroll","background-type":"","background-media":"","overlay-type":"","overlay-color":"","overlay-opacity":"","overlay-gradient":""},"mobile":{"background-color":"var(--ast-global-color-5)","background-image":"","background-repeat":"repeat","background-position":"center center","background-size":"auto","background-attachment":"scroll","background-type":"","background-media":"","overlay-type":"","overlay-color":"","overlay-opacity":"","overlay-gradient":""}},"footnotes":""},"class_list":["post-88722","page","type-page","status-publish","hentry"],"yoast_head":"<!-- This site is optimized with the Yoast SEO plugin v27.4 - https:\/\/yoast.com\/product\/yoast-seo-wordpress\/ -->\n<title>DESPRE NOI - SMILING WAY<\/title>\n<meta name=\"robots\" content=\"index, follow, max-snippet:-1, max-image-preview:large, max-video-preview:-1\" \/>\n<link rel=\"canonical\" href=\"https:\/\/smilingway.cz\/ro\/despre-noi\/\" \/>\n<meta property=\"og:locale\" content=\"ro_RO\" \/>\n<meta property=\"og:type\" content=\"article\" \/>\n<meta property=\"og:title\" content=\"DESPRE NOI - SMILING WAY\" \/>\n<meta property=\"og:description\" content=\"Bine a\u021bi venit pe blogul nostru! Suntem o familie de patru persoane din Boemia de Vest, c\u0103rora le place s\u0103 exploreze, s\u0103 descopere \u0219i s\u0103 [&hellip;]\" \/>\n<meta property=\"og:url\" content=\"https:\/\/smilingway.cz\/ro\/despre-noi\/\" \/>\n<meta property=\"og:site_name\" content=\"SMILING WAY\" \/>\n<meta property=\"article:publisher\" content=\"https:\/\/www.facebook.com\/smilingwaycz\/\" \/>\n<meta property=\"article:modified_time\" content=\"2024-04-30T11:28:29+00:00\" \/>\n<meta property=\"og:image\" content=\"https:\/\/smilingway.cz\/wp-content\/uploads\/2023\/02\/IMG_20180707_152138-1024x768-1-2.jpg\" \/>\n<meta name=\"twitter:card\" content=\"summary_large_image\" \/>\n<meta name=\"twitter:site\" content=\"@smilingwaycz\" \/>\n<meta name=\"twitter:label1\" content=\"Timp estimat pentru citire\" \/>\n\t<meta name=\"twitter:data1\" content=\"3 minute\" \/>\n<!-- \/ Yoast SEO plugin. -->","yoast_head_json":{"title":"DESPRE NOI - SMILING WAY","robots":{"index":"index","follow":"follow","max-snippet":"max-snippet:-1","max-image-preview":"max-image-preview:large","max-video-preview":"max-video-preview:-1"},"canonical":"https:\/\/smilingway.cz\/ro\/despre-noi\/","og_locale":"ro_RO","og_type":"article","og_title":"DESPRE NOI - SMILING WAY","og_description":"Bine a\u021bi venit pe blogul nostru! Suntem o familie de patru persoane din Boemia de Vest, c\u0103rora le place s\u0103 exploreze, s\u0103 descopere \u0219i s\u0103 [&hellip;]","og_url":"https:\/\/smilingway.cz\/ro\/despre-noi\/","og_site_name":"SMILING WAY","article_publisher":"https:\/\/www.facebook.com\/smilingwaycz\/","article_modified_time":"2024-04-30T11:28:29+00:00","og_image":[{"url":"https:\/\/smilingway.cz\/wp-content\/uploads\/2023\/02\/IMG_20180707_152138-1024x768-1-2.jpg","type":"","width":"","height":""}],"twitter_card":"summary_large_image","twitter_site":"@smilingwaycz","twitter_misc":{"Timp estimat pentru citire":"3 minute"},"schema":{"@context":"https:\/\/schema.org","@graph":[{"@type":"WebPage","@id":"https:\/\/smilingway.cz\/ro\/despre-noi\/","url":"https:\/\/smilingway.cz\/ro\/despre-noi\/","name":"DESPRE NOI - SMILING WAY","isPartOf":{"@id":"https:\/\/smilingway.cz\/ro\/#website"},"primaryImageOfPage":{"@id":"https:\/\/smilingway.cz\/ro\/despre-noi\/#primaryimage"},"image":{"@id":"https:\/\/smilingway.cz\/ro\/despre-noi\/#primaryimage"},"thumbnailUrl":"https:\/\/smilingway.cz\/wp-content\/uploads\/2023\/02\/IMG_20180707_152138-1024x768-1-2.jpg","datePublished":"2023-02-11T18:11:00+00:00","dateModified":"2024-04-30T11:28:29+00:00","breadcrumb":{"@id":"https:\/\/smilingway.cz\/ro\/despre-noi\/#breadcrumb"},"inLanguage":"ro-RO","potentialAction":[{"@type":"ReadAction","target":["https:\/\/smilingway.cz\/ro\/despre-noi\/"]}]},{"@type":"ImageObject","inLanguage":"ro-RO","@id":"https:\/\/smilingway.cz\/ro\/despre-noi\/#primaryimage","url":"https:\/\/smilingway.cz\/wp-content\/uploads\/2023\/02\/IMG_20180707_152138-1024x768-1-2.jpg","contentUrl":"https:\/\/smilingway.cz\/wp-content\/uploads\/2023\/02\/IMG_20180707_152138-1024x768-1-2.jpg"},{"@type":"BreadcrumbList","@id":"https:\/\/smilingway.cz\/ro\/despre-noi\/#breadcrumb","itemListElement":[{"@type":"ListItem","position":1,"name":"Acas\u0103","item":"https:\/\/smilingway.cz\/ro\/"},{"@type":"ListItem","position":2,"name":"DESPRE NOI"}]},{"@type":"WebSite","@id":"https:\/\/smilingway.cz\/ro\/#website","url":"https:\/\/smilingway.cz\/ro\/","name":"Smiling Way","description":"Sfaturi, inspira\u021bie \u0219i ghiduri de c\u0103l\u0103torie","publisher":{"@id":"https:\/\/smilingway.cz\/ro\/#\/schema\/person\/1bb9c7a0f759e37cc3c643cfcf64b9ee"},"potentialAction":[{"@type":"SearchAction","target":{"@type":"EntryPoint","urlTemplate":"https:\/\/smilingway.cz\/ro\/?s={search_term_string}"},"query-input":{"@type":"PropertyValueSpecification","valueRequired":true,"valueName":"search_term_string"}}],"inLanguage":"ro-RO"},{"@type":["Person","Organization"],"@id":"https:\/\/smilingway.cz\/ro\/#\/schema\/person\/1bb9c7a0f759e37cc3c643cfcf64b9ee","name":"Blanka","image":{"@type":"ImageObject","inLanguage":"ro-RO","@id":"https:\/\/smilingway.cz\/wp-content\/uploads\/2023\/08\/IMG_20190712_115524_optimized-1-1024x768-1.jpg","url":"https:\/\/smilingway.cz\/wp-content\/uploads\/2023\/08\/IMG_20190712_115524_optimized-1-1024x768-1.jpg","contentUrl":"https:\/\/smilingway.cz\/wp-content\/uploads\/2023\/08\/IMG_20190712_115524_optimized-1-1024x768-1.jpg","width":1024,"height":768,"caption":"Blanka"},"logo":{"@id":"https:\/\/smilingway.cz\/wp-content\/uploads\/2023\/08\/IMG_20190712_115524_optimized-1-1024x768-1.jpg"},"sameAs":["https:\/\/www.facebook.com\/smilingwaycz\/","https:\/\/cz.pinterest.com\/smilingwaycz\/","https:\/\/x.com\/smilingwaycz"]}]}},"spectra_custom_meta":{"_wpml_media_featured":["1"],"adv-header-id-meta":[""],"stick-header-meta":["default"],"site-sidebar-layout":["default"],"site-content-layout":["default"],"theme-transparent-header-meta":["default"],"_top_nav_excluded":[""],"_cms_nav_minihome":[""],"_wp_page_template":["default"],"_last_translation_edit_mode":["translation-editor"],"_wpml_word_count":["{\"total\":658,\"to_translate\":{\"cs\":658,\"en\":658,\"de\":658,\"hu\":658}}"],"saswp_schema_type_product_pros_enable_cons":["0"],"site-post-title":["disabled"],"_wpml_media_duplicate":["0"],"ast-site-content-layout":["normal-width-container"],"_wpml_media_has_media":["1"],"_uagb_previous_block_counts":["a:90:{s:21:\"uagb\/advanced-heading\";i:0;s:15:\"uagb\/blockquote\";i:0;s:12:\"uagb\/buttons\";i:0;s:18:\"uagb\/buttons-child\";i:0;s:19:\"uagb\/call-to-action\";i:0;s:15:\"uagb\/cf7-styler\";i:0;s:11:\"uagb\/column\";i:0;s:12:\"uagb\/columns\";i:0;s:14:\"uagb\/container\";i:0;s:21:\"uagb\/content-timeline\";i:0;s:27:\"uagb\/content-timeline-child\";i:0;s:14:\"uagb\/countdown\";i:0;s:12:\"uagb\/counter\";i:0;s:8:\"uagb\/faq\";i:0;s:14:\"uagb\/faq-child\";i:0;s:10:\"uagb\/forms\";i:0;s:17:\"uagb\/forms-accept\";i:0;s:19:\"uagb\/forms-checkbox\";i:0;s:15:\"uagb\/forms-date\";i:0;s:16:\"uagb\/forms-email\";i:0;s:17:\"uagb\/forms-hidden\";i:0;s:15:\"uagb\/forms-name\";i:0;s:16:\"uagb\/forms-phone\";i:0;s:16:\"uagb\/forms-radio\";i:0;s:17:\"uagb\/forms-select\";i:0;s:19:\"uagb\/forms-textarea\";i:0;s:17:\"uagb\/forms-toggle\";i:0;s:14:\"uagb\/forms-url\";i:0;s:14:\"uagb\/gf-styler\";i:0;s:15:\"uagb\/google-map\";i:0;s:11:\"uagb\/how-to\";i:0;s:16:\"uagb\/how-to-step\";i:0;s:9:\"uagb\/icon\";i:0;s:14:\"uagb\/icon-list\";i:0;s:20:\"uagb\/icon-list-child\";i:0;s:10:\"uagb\/image\";i:0;s:18:\"uagb\/image-gallery\";i:0;s:13:\"uagb\/info-box\";i:0;s:18:\"uagb\/inline-notice\";i:0;s:11:\"uagb\/lottie\";i:0;s:21:\"uagb\/marketing-button\";i:0;s:10:\"uagb\/modal\";i:0;s:18:\"uagb\/popup-builder\";i:0;s:16:\"uagb\/post-button\";i:0;s:18:\"uagb\/post-carousel\";i:0;s:17:\"uagb\/post-excerpt\";i:0;s:14:\"uagb\/post-grid\";i:0;s:15:\"uagb\/post-image\";i:0;s:17:\"uagb\/post-masonry\";i:0;s:14:\"uagb\/post-meta\";i:0;s:18:\"uagb\/post-taxonomy\";i:0;s:18:\"uagb\/post-timeline\";i:0;s:15:\"uagb\/post-title\";i:0;s:20:\"uagb\/restaurant-menu\";i:0;s:26:\"uagb\/restaurant-menu-child\";i:0;s:11:\"uagb\/review\";i:0;s:12:\"uagb\/section\";i:0;s:14:\"uagb\/separator\";i:0;s:11:\"uagb\/slider\";i:0;s:17:\"uagb\/slider-child\";i:0;s:17:\"uagb\/social-share\";i:0;s:23:\"uagb\/social-share-child\";i:0;s:16:\"uagb\/star-rating\";i:0;s:23:\"uagb\/sure-cart-checkout\";i:0;s:22:\"uagb\/sure-cart-product\";i:0;s:15:\"uagb\/sure-forms\";i:0;s:22:\"uagb\/table-of-contents\";i:0;s:9:\"uagb\/tabs\";i:0;s:15:\"uagb\/tabs-child\";i:0;s:18:\"uagb\/taxonomy-list\";i:0;s:9:\"uagb\/team\";i:0;s:16:\"uagb\/testimonial\";i:0;s:14:\"uagb\/wp-search\";i:0;s:19:\"uagb\/instagram-feed\";i:0;s:10:\"uagb\/login\";i:0;s:17:\"uagb\/loop-builder\";i:0;s:18:\"uagb\/loop-category\";i:0;s:20:\"uagb\/loop-pagination\";i:0;s:15:\"uagb\/loop-reset\";i:0;s:16:\"uagb\/loop-search\";i:0;s:14:\"uagb\/loop-sort\";i:0;s:17:\"uagb\/loop-wrapper\";i:0;s:13:\"uagb\/register\";i:0;s:19:\"uagb\/register-email\";i:0;s:24:\"uagb\/register-first-name\";i:0;s:23:\"uagb\/register-last-name\";i:0;s:22:\"uagb\/register-password\";i:0;s:30:\"uagb\/register-reenter-password\";i:0;s:19:\"uagb\/register-terms\";i:0;s:22:\"uagb\/register-username\";i:0;}"],"_uag_page_assets":["a:9:{s:3:\"css\";s:0:\"\";s:2:\"js\";s:0:\"\";s:18:\"current_block_list\";a:5:{i:0;s:12:\"core\/columns\";i:1;s:11:\"core\/column\";i:2;s:11:\"core\/spacer\";i:3;s:14:\"core\/paragraph\";i:5;s:10:\"core\/image\";}s:8:\"uag_flag\";b:0;s:11:\"uag_version\";s:10:\"1777346932\";s:6:\"gfonts\";a:1:{s:7:\"Default\";a:2:{s:10:\"fontfamily\";s:7:\"Default\";s:12:\"fontvariants\";a:0:{}}}s:10:\"gfonts_url\";s:77:\"https:\/\/fonts.googleapis.com\/css?family=Default&subset=latin&display=fallback\";s:12:\"gfonts_files\";a:0:{}s:14:\"uag_faq_layout\";b:0;}"]},"uagb_featured_image_src":{"full":false,"thumbnail":false,"medium":false,"medium_large":false,"large":false,"1536x1536":false,"2048x2048":false},"uagb_author_info":{"display_name":"Blanka","author_link":"https:\/\/smilingway.cz\/ro\/author\/admin\/"},"uagb_comment_info":0,"uagb_excerpt":"Bine a\u021bi venit pe blogul nostru! Suntem o familie de patru persoane din Boemia de Vest, c\u0103rora le place s\u0103 exploreze, s\u0103 descopere \u0219i s\u0103 [&hellip;]","_links":{"self":[{"href":"https:\/\/smilingway.cz\/ro\/wp-json\/wp\/v2\/pages\/88722","targetHints":{"allow":["GET"]}}],"collection":[{"href":"https:\/\/smilingway.cz\/ro\/wp-json\/wp\/v2\/pages"}],"about":[{"href":"https:\/\/smilingway.cz\/ro\/wp-json\/wp\/v2\/types\/page"}],"author":[{"embeddable":true,"href":"https:\/\/smilingway.cz\/ro\/wp-json\/wp\/v2\/users\/1"}],"replies":[{"embeddable":true,"href":"https:\/\/smilingway.cz\/ro\/wp-json\/wp\/v2\/comments?post=88722"}],"version-history":[{"count":0,"href":"https:\/\/smilingway.cz\/ro\/wp-json\/wp\/v2\/pages\/88722\/revisions"}],"wp:attachment":[{"href":"https:\/\/smilingway.cz\/ro\/wp-json\/wp\/v2\/media?parent=88722"}],"curies":[{"name":"wp","href":"https:\/\/api.w.org\/{rel}","templated":true}]}}