{"id":88692,"date":"2021-12-19T07:38:15","date_gmt":"2021-12-19T07:38:15","guid":{"rendered":"https:\/\/smilingway.cz\/cookie-uri\/"},"modified":"2022-06-08T10:50:56","modified_gmt":"2022-06-08T10:50:56","slug":"cookie-uri","status":"publish","type":"page","link":"https:\/\/smilingway.cz\/ro\/cookie-uri\/","title":{"rendered":"Cookie-uri"},"content":{"rendered":"\n<p>Numele meu este Blanka Odv\u00e1rkov\u00e1 \u0219i sunt operatorul site-ului<a href=\"https:\/\/smilingway.cz\/ro\/\"> smilingway.cz<\/a>.<\/p>\n\n<p>Datele mele de contact sunt:  <\/p>\n\n<ul class=\"wp-block-list\"><li>Adres\u0103: Zahradn\u00ed 615, 357 31 Horn\u00ed Slavkov, \u010cesk\u00e1 republika<\/li><li>Email: <a href=\"mailto:napis@smilingway.cz\">napis@smilingway.cz<\/a><\/li><\/ul>\n<h2 class=\"wp-block-heading\">Ce sunt cookie-urile?  <\/h2>\n\n<p>Cookie-urile sunt fi\u0219iere text de mici dimensiuni pe care un site web le trimite browserului dvs., care le stocheaz\u0103 apoi pe dispozitivul dvs. (computer, telefon mobil, tablet\u0103). Acest lucru m\u0103 ajut\u0103 s\u0103 analizez ce articole v\u0103 plac pe acest site, dac\u0103 reveni\u021bi \u00een mod regulat, ce trebuie \u00eembun\u0103t\u0103\u021bit etc. Datorit\u0103 modulelor cookie, nu trebuie s\u0103 v\u0103 completa\u021bi datele la nesf\u00e2r\u0219it oriunde pe internet. Acestea sunt mici ajutoare care v\u0103 faciliteaz\u0103 navigarea \u0219i lucrul pe internet.<\/p>\n\n<h2 class=\"wp-block-heading\">Ce tipuri de cookie-uri folosesc?  <\/h2>\n\n<p><strong>Cookie-uri tehnice \u0219i func\u021bionale<\/strong>, care sunt necesare pentru a asigura afi\u0219area site-ului web \u00een condi\u021bii de siguran\u021b\u0103 \u0219i securitate. Nu este posibil\u0103 dezactivarea lor.  <\/p>\n\n<p><strong>Cookie-urile de analiz\u0103<\/strong> m\u0103 ajut\u0103 s\u0103 \u00een\u021beleg \u0219i s\u0103 analizez ce articole v\u0103 intereseaz\u0103 cel mai mult \u0219i ce c\u0103uta\u021bi cel mai des. Acest lucru \u00eemi permite s\u0103 \u00eembun\u0103t\u0103\u021besc continuu site-ul \u0219i s\u0103 creez articole \u00een func\u021bie de preferin\u021bele dumneavoastr\u0103.<\/p>\n\n<p>Datorit\u0103 <strong>modulelor cookie de marketing <\/strong>, ve\u021bi vedea doar publicitatea care v\u0103 intereseaz\u0103.  <\/p>\n\n<h2 class=\"wp-block-heading\">Pe ce baz\u0103 procesez cookie-urile?  <\/h2>\n\n<p>Cookie-urile func\u021bionale sunt procesate de c\u0103tre furnizorul de servicii de baze de date de cookie-uri, Cookiesdatabase.org, cu sediul \u00een Kalmarweg 14-5, Groningen, Olanda, \u00een conformitate cu <a href=\"https:\/\/cookiedatabase.org\/legal\/privacy-statement-eu\/\">termenii \u0219i condi\u021biile acestora<\/a>.  <\/p>\n\n<p>Procesez cookie-uri analitice numai dac\u0103 \u00eemi da\u021bi consim\u021b\u0103m\u00e2ntul \u00een acest sens. Modulele cookie sunt procesate de Google Ireland Ltd., cu sediul la Google Building Gordon House, 4 Barrow St, Dublin, D04 E5W5, Irlanda, \u00een conformitate cu<a href=\"https:\/\/policies.google.com\/technologies\/cookies?hl=cs\"> termenii \u0219i condi\u021biile acestora<\/a>. <\/p>\n\n<h2 class=\"wp-block-heading\">Cum se elimin\u0103 cookie-urile?  <\/h2>\n\n<p>Pute\u021bi elimina modulele cookie pur \u0219i simplu \u0219terg\u00e2nd istoricul din browserul dumneavoastr\u0103.  <\/p>\n\n<h2 class=\"wp-block-heading\">Cum se dezactiveaz\u0103 cookie-urile?  <\/h2>\n\n<p>Mai jos g\u0103si\u021bi instruc\u021biuni privind modul \u00een care pute\u021bi dezactiva cookie-urile \u00een fiecare browser:<\/p>\n\n<ul class=\"wp-block-list\"><li><a href=\"https:\/\/support.google.com\/accounts\/answer\/61416?hl=cs\">Chrome<\/a><\/li><li><a href=\"https:\/\/support.mozilla.org\/cs\/kb\/vymazani-cookies-dat-stranek?redirectlocale=cs&amp;redirectslug=vymazani-cookies\">Firefox<\/a><\/li><li><a href=\"https:\/\/support.microsoft.com\/cs-cz\/help\/17442\/windows-internet-explorer-delete-manage-cookies\">Internet Explorer<\/a><\/li><li><a href=\"https:\/\/help.opera.com\/cs\/latest\/web-preferences\/\">Opera<\/a><\/li><li><a href=\"https:\/\/napoveda.seznam.cz\/cz\/email\/seznam.cz-prohlizec\/smazani-docasnych-souboru-cookies-seznam\/\">Lista<\/a><\/li><li><a href=\"https:\/\/support.google.com\/chrome\/answer\/2392709?visit_id=1-636270856459123937-2696746637&amp;rd=1&amp;co=GENIE.Platform%3DAndroid&amp;oco=1\">Android<\/a><\/li><li><a href=\"https:\/\/support.apple.com\/cs-cz\/guide\/safari\/sfri11471\/mac\">Safari<\/a><\/li><li><a href=\"https:\/\/support.microsoft.com\/cs-cz\/windows\/microsoft-edge-data-o-proch%C3%A1zen%C3%AD-a-ochrana-soukrom%C3%AD-bb8174ba-9d73-dcf2-9b4a-c582b4e640dd\">Microsoft Edge<\/a><\/li><\/ul>\n<p>Informa\u021bii suplimentare privind prelucrarea datelor cu caracter personal pot fi g\u0103site <a href=\"https:\/\/smilingway.cz\/zasady-o-ochrane-osobnich-udaju\/\" target=\"_blank\" rel=\"noreferrer noopener\">aici<\/a>.  <\/p>\n\n<p>Aceste politici au fost sincronizate cu <a href=\"https:\/\/cookiedatabase.org\/\" target=\"_blank\" rel=\"noreferrer noopener\">cookiedatabase.org<\/a> 19. 12. 2021.<\/p>\n","protected":false},"excerpt":{"rendered":"<p>Numele meu este Blanka Odv\u00e1rkov\u00e1 \u0219i sunt operatorul site-ului smilingway.cz. Datele mele de contact sunt: Adres\u0103: Zahradn\u00ed 615, 357 31 Horn\u00ed Slavkov, \u010cesk\u00e1 republika Email: [&hellip;]<\/p>\n","protected":false},"author":1,"featured_media":0,"parent":0,"menu_order":0,"comment_status":"closed","ping_status":"closed","template":"","meta":{"_uag_custom_page_level_css":"","site-sidebar-layout":"default","site-content-layout":"","ast-site-content-layout":"default","site-content-style":"default","site-sidebar-style":"default","ast-global-header-display":"","ast-banner-title-visibility":"","ast-main-header-display":"","ast-hfb-above-header-display":"","ast-hfb-below-header-display":"","ast-hfb-mobile-header-display":"","site-post-title":"","ast-breadcrumbs-content":"","ast-featured-img":"","footer-sml-layout":"","ast-disable-related-posts":"","theme-transparent-header-meta":"","adv-header-id-meta":"","stick-header-meta":"","header-above-stick-meta":"","header-main-stick-meta":"","header-below-stick-meta":"","astra-migrate-meta-layouts":"default","ast-page-background-enabled":"default","ast-page-background-meta":{"desktop":{"background-color":"","background-image":"","background-repeat":"repeat","background-position":"center center","background-size":"auto","background-attachment":"scroll","background-type":"","background-media":"","overlay-type":"","overlay-color":"","overlay-opacity":"","overlay-gradient":""},"tablet":{"background-color":"","background-image":"","background-repeat":"repeat","background-position":"center center","background-size":"auto","background-attachment":"scroll","background-type":"","background-media":"","overlay-type":"","overlay-color":"","overlay-opacity":"","overlay-gradient":""},"mobile":{"background-color":"","background-image":"","background-repeat":"repeat","background-position":"center center","background-size":"auto","background-attachment":"scroll","background-type":"","background-media":"","overlay-type":"","overlay-color":"","overlay-opacity":"","overlay-gradient":""}},"ast-content-background-meta":{"desktop":{"background-color":"var(--ast-global-color-5)","background-image":"","background-repeat":"repeat","background-position":"center center","background-size":"auto","background-attachment":"scroll","background-type":"","background-media":"","overlay-type":"","overlay-color":"","overlay-opacity":"","overlay-gradient":""},"tablet":{"background-color":"var(--ast-global-color-5)","background-image":"","background-repeat":"repeat","background-position":"center center","background-size":"auto","background-attachment":"scroll","background-type":"","background-media":"","overlay-type":"","overlay-color":"","overlay-opacity":"","overlay-gradient":""},"mobile":{"background-color":"var(--ast-global-color-5)","background-image":"","background-repeat":"repeat","background-position":"center center","background-size":"auto","background-attachment":"scroll","background-type":"","background-media":"","overlay-type":"","overlay-color":"","overlay-opacity":"","overlay-gradient":""}},"footnotes":""},"class_list":["post-88692","page","type-page","status-publish","hentry"],"yoast_head":"<!-- This site is optimized with the Yoast SEO plugin v27.4 - https:\/\/yoast.com\/product\/yoast-seo-wordpress\/ -->\n<title>Cookie-uri - SMILING WAY<\/title>\n<meta name=\"robots\" content=\"index, follow, max-snippet:-1, max-image-preview:large, max-video-preview:-1\" \/>\n<link rel=\"canonical\" href=\"https:\/\/smilingway.cz\/ro\/cookie-uri\/\" \/>\n<meta property=\"og:locale\" content=\"ro_RO\" \/>\n<meta property=\"og:type\" content=\"article\" \/>\n<meta property=\"og:title\" content=\"Cookie-uri - SMILING WAY\" \/>\n<meta property=\"og:description\" content=\"Numele meu este Blanka Odv\u00e1rkov\u00e1 \u0219i sunt operatorul site-ului smilingway.cz. Datele mele de contact sunt: Adres\u0103: Zahradn\u00ed 615, 357 31 Horn\u00ed Slavkov, \u010cesk\u00e1 republika Email: [&hellip;]\" \/>\n<meta property=\"og:url\" content=\"https:\/\/smilingway.cz\/ro\/cookie-uri\/\" \/>\n<meta property=\"og:site_name\" content=\"SMILING WAY\" \/>\n<meta property=\"article:publisher\" content=\"https:\/\/www.facebook.com\/smilingwaycz\/\" \/>\n<meta property=\"article:modified_time\" content=\"2022-06-08T10:50:56+00:00\" \/>\n<meta name=\"twitter:card\" content=\"summary_large_image\" \/>\n<meta name=\"twitter:site\" content=\"@smilingwaycz\" \/>\n<meta name=\"twitter:label1\" content=\"Timp estimat pentru citire\" \/>\n\t<meta name=\"twitter:data1\" content=\"2 minute\" \/>\n<!-- \/ Yoast SEO plugin. -->","yoast_head_json":{"title":"Cookie-uri - SMILING WAY","robots":{"index":"index","follow":"follow","max-snippet":"max-snippet:-1","max-image-preview":"max-image-preview:large","max-video-preview":"max-video-preview:-1"},"canonical":"https:\/\/smilingway.cz\/ro\/cookie-uri\/","og_locale":"ro_RO","og_type":"article","og_title":"Cookie-uri - SMILING WAY","og_description":"Numele meu este Blanka Odv\u00e1rkov\u00e1 \u0219i sunt operatorul site-ului smilingway.cz. Datele mele de contact sunt: Adres\u0103: Zahradn\u00ed 615, 357 31 Horn\u00ed Slavkov, \u010cesk\u00e1 republika Email: [&hellip;]","og_url":"https:\/\/smilingway.cz\/ro\/cookie-uri\/","og_site_name":"SMILING WAY","article_publisher":"https:\/\/www.facebook.com\/smilingwaycz\/","article_modified_time":"2022-06-08T10:50:56+00:00","twitter_card":"summary_large_image","twitter_site":"@smilingwaycz","twitter_misc":{"Timp estimat pentru citire":"2 minute"},"schema":{"@context":"https:\/\/schema.org","@graph":[{"@type":"WebPage","@id":"https:\/\/smilingway.cz\/ro\/cookie-uri\/","url":"https:\/\/smilingway.cz\/ro\/cookie-uri\/","name":"Cookie-uri - SMILING WAY","isPartOf":{"@id":"https:\/\/smilingway.cz\/ro\/#website"},"datePublished":"2021-12-19T07:38:15+00:00","dateModified":"2022-06-08T10:50:56+00:00","breadcrumb":{"@id":"https:\/\/smilingway.cz\/ro\/cookie-uri\/#breadcrumb"},"inLanguage":"ro-RO","potentialAction":[{"@type":"ReadAction","target":["https:\/\/smilingway.cz\/ro\/cookie-uri\/"]}]},{"@type":"BreadcrumbList","@id":"https:\/\/smilingway.cz\/ro\/cookie-uri\/#breadcrumb","itemListElement":[{"@type":"ListItem","position":1,"name":"Acas\u0103","item":"https:\/\/smilingway.cz\/ro\/"},{"@type":"ListItem","position":2,"name":"Cookie-uri"}]},{"@type":"WebSite","@id":"https:\/\/smilingway.cz\/ro\/#website","url":"https:\/\/smilingway.cz\/ro\/","name":"Smiling Way","description":"Sfaturi, inspira\u021bie \u0219i ghiduri de c\u0103l\u0103torie","publisher":{"@id":"https:\/\/smilingway.cz\/ro\/#\/schema\/person\/1bb9c7a0f759e37cc3c643cfcf64b9ee"},"potentialAction":[{"@type":"SearchAction","target":{"@type":"EntryPoint","urlTemplate":"https:\/\/smilingway.cz\/ro\/?s={search_term_string}"},"query-input":{"@type":"PropertyValueSpecification","valueRequired":true,"valueName":"search_term_string"}}],"inLanguage":"ro-RO"},{"@type":["Person","Organization"],"@id":"https:\/\/smilingway.cz\/ro\/#\/schema\/person\/1bb9c7a0f759e37cc3c643cfcf64b9ee","name":"Blanka","image":{"@type":"ImageObject","inLanguage":"ro-RO","@id":"https:\/\/smilingway.cz\/wp-content\/uploads\/2023\/08\/IMG_20190712_115524_optimized-1-1024x768-1.jpg","url":"https:\/\/smilingway.cz\/wp-content\/uploads\/2023\/08\/IMG_20190712_115524_optimized-1-1024x768-1.jpg","contentUrl":"https:\/\/smilingway.cz\/wp-content\/uploads\/2023\/08\/IMG_20190712_115524_optimized-1-1024x768-1.jpg","width":1024,"height":768,"caption":"Blanka"},"logo":{"@id":"https:\/\/smilingway.cz\/wp-content\/uploads\/2023\/08\/IMG_20190712_115524_optimized-1-1024x768-1.jpg"},"sameAs":["https:\/\/www.facebook.com\/smilingwaycz\/","https:\/\/cz.pinterest.com\/smilingwaycz\/","https:\/\/x.com\/smilingwaycz"]}]}},"spectra_custom_meta":{"_wpml_media_duplicate":["0"],"_wpml_media_featured":["1"],"_top_nav_excluded":[""],"_cms_nav_minihome":[""],"_last_translation_edit_mode":["translation-editor"],"_wpml_word_count":["{\"total\":342,\"to_translate\":{\"cs\":342,\"en\":342,\"de\":342,\"hu\":342}}"],"_wp_page_template":[""],"_uag_page_assets":["a:9:{s:3:\"css\";s:0:\"\";s:2:\"js\";s:0:\"\";s:18:\"current_block_list\";a:5:{i:0;s:22:\"tadv\/classic-paragraph\";i:1;s:14:\"core\/paragraph\";i:2;s:9:\"core\/list\";i:3;s:12:\"core\/heading\";i:4;s:10:\"core\/image\";}s:8:\"uag_flag\";b:0;s:11:\"uag_version\";s:10:\"1776670595\";s:6:\"gfonts\";a:1:{s:7:\"Default\";a:2:{s:10:\"fontfamily\";s:7:\"Default\";s:12:\"fontvariants\";a:0:{}}}s:10:\"gfonts_url\";s:71:\"\/\/fonts.googleapis.com\/css?family=Default&subset=latin&display=fallback\";s:12:\"gfonts_files\";a:0:{}s:14:\"uag_faq_layout\";b:0;}"],"_uagb_previous_block_counts":["a:90:{s:21:\"uagb\/advanced-heading\";i:0;s:15:\"uagb\/blockquote\";i:0;s:12:\"uagb\/buttons\";i:0;s:18:\"uagb\/buttons-child\";i:0;s:19:\"uagb\/call-to-action\";i:0;s:15:\"uagb\/cf7-styler\";i:0;s:11:\"uagb\/column\";i:0;s:12:\"uagb\/columns\";i:0;s:14:\"uagb\/container\";i:0;s:21:\"uagb\/content-timeline\";i:0;s:27:\"uagb\/content-timeline-child\";i:0;s:14:\"uagb\/countdown\";i:0;s:12:\"uagb\/counter\";i:0;s:8:\"uagb\/faq\";i:0;s:14:\"uagb\/faq-child\";i:0;s:10:\"uagb\/forms\";i:0;s:17:\"uagb\/forms-accept\";i:0;s:19:\"uagb\/forms-checkbox\";i:0;s:15:\"uagb\/forms-date\";i:0;s:16:\"uagb\/forms-email\";i:0;s:17:\"uagb\/forms-hidden\";i:0;s:15:\"uagb\/forms-name\";i:0;s:16:\"uagb\/forms-phone\";i:0;s:16:\"uagb\/forms-radio\";i:0;s:17:\"uagb\/forms-select\";i:0;s:19:\"uagb\/forms-textarea\";i:0;s:17:\"uagb\/forms-toggle\";i:0;s:14:\"uagb\/forms-url\";i:0;s:14:\"uagb\/gf-styler\";i:0;s:15:\"uagb\/google-map\";i:0;s:11:\"uagb\/how-to\";i:0;s:16:\"uagb\/how-to-step\";i:0;s:9:\"uagb\/icon\";i:0;s:14:\"uagb\/icon-list\";i:0;s:20:\"uagb\/icon-list-child\";i:0;s:10:\"uagb\/image\";i:0;s:18:\"uagb\/image-gallery\";i:0;s:13:\"uagb\/info-box\";i:0;s:18:\"uagb\/inline-notice\";i:0;s:11:\"uagb\/lottie\";i:0;s:21:\"uagb\/marketing-button\";i:0;s:10:\"uagb\/modal\";i:0;s:18:\"uagb\/popup-builder\";i:0;s:16:\"uagb\/post-button\";i:0;s:18:\"uagb\/post-carousel\";i:0;s:17:\"uagb\/post-excerpt\";i:0;s:14:\"uagb\/post-grid\";i:0;s:15:\"uagb\/post-image\";i:0;s:17:\"uagb\/post-masonry\";i:0;s:14:\"uagb\/post-meta\";i:0;s:18:\"uagb\/post-taxonomy\";i:0;s:18:\"uagb\/post-timeline\";i:0;s:15:\"uagb\/post-title\";i:0;s:20:\"uagb\/restaurant-menu\";i:0;s:26:\"uagb\/restaurant-menu-child\";i:0;s:11:\"uagb\/review\";i:0;s:12:\"uagb\/section\";i:0;s:14:\"uagb\/separator\";i:0;s:11:\"uagb\/slider\";i:0;s:17:\"uagb\/slider-child\";i:0;s:17:\"uagb\/social-share\";i:0;s:23:\"uagb\/social-share-child\";i:0;s:16:\"uagb\/star-rating\";i:0;s:23:\"uagb\/sure-cart-checkout\";i:0;s:22:\"uagb\/sure-cart-product\";i:0;s:15:\"uagb\/sure-forms\";i:0;s:22:\"uagb\/table-of-contents\";i:0;s:9:\"uagb\/tabs\";i:0;s:15:\"uagb\/tabs-child\";i:0;s:18:\"uagb\/taxonomy-list\";i:0;s:9:\"uagb\/team\";i:0;s:16:\"uagb\/testimonial\";i:0;s:14:\"uagb\/wp-search\";i:0;s:19:\"uagb\/instagram-feed\";i:0;s:10:\"uagb\/login\";i:0;s:17:\"uagb\/loop-builder\";i:0;s:18:\"uagb\/loop-category\";i:0;s:20:\"uagb\/loop-pagination\";i:0;s:15:\"uagb\/loop-reset\";i:0;s:16:\"uagb\/loop-search\";i:0;s:14:\"uagb\/loop-sort\";i:0;s:17:\"uagb\/loop-wrapper\";i:0;s:13:\"uagb\/register\";i:0;s:19:\"uagb\/register-email\";i:0;s:24:\"uagb\/register-first-name\";i:0;s:23:\"uagb\/register-last-name\";i:0;s:22:\"uagb\/register-password\";i:0;s:30:\"uagb\/register-reenter-password\";i:0;s:19:\"uagb\/register-terms\";i:0;s:22:\"uagb\/register-username\";i:0;}"]},"uagb_featured_image_src":{"full":false,"thumbnail":false,"medium":false,"medium_large":false,"large":false,"1536x1536":false,"2048x2048":false},"uagb_author_info":{"display_name":"Blanka","author_link":"https:\/\/smilingway.cz\/ro\/author\/admin\/"},"uagb_comment_info":0,"uagb_excerpt":"Numele meu este Blanka Odv\u00e1rkov\u00e1 \u0219i sunt operatorul site-ului smilingway.cz. Datele mele de contact sunt: Adres\u0103: Zahradn\u00ed 615, 357 31 Horn\u00ed Slavkov, \u010cesk\u00e1 republika Email: [&hellip;]","_links":{"self":[{"href":"https:\/\/smilingway.cz\/ro\/wp-json\/wp\/v2\/pages\/88692","targetHints":{"allow":["GET"]}}],"collection":[{"href":"https:\/\/smilingway.cz\/ro\/wp-json\/wp\/v2\/pages"}],"about":[{"href":"https:\/\/smilingway.cz\/ro\/wp-json\/wp\/v2\/types\/page"}],"author":[{"embeddable":true,"href":"https:\/\/smilingway.cz\/ro\/wp-json\/wp\/v2\/users\/1"}],"replies":[{"embeddable":true,"href":"https:\/\/smilingway.cz\/ro\/wp-json\/wp\/v2\/comments?post=88692"}],"version-history":[{"count":0,"href":"https:\/\/smilingway.cz\/ro\/wp-json\/wp\/v2\/pages\/88692\/revisions"}],"wp:attachment":[{"href":"https:\/\/smilingway.cz\/ro\/wp-json\/wp\/v2\/media?parent=88692"}],"curies":[{"name":"wp","href":"https:\/\/api.w.org\/{rel}","templated":true}]}}