{"id":88733,"date":"2018-11-26T12:15:51","date_gmt":"2018-11-26T12:15:51","guid":{"rendered":"https:\/\/smilingway.cz\/adatvedelmi-iranyelvek\/"},"modified":"2018-11-26T12:15:51","modified_gmt":"2018-11-26T12:15:51","slug":"adatvedelmi-iranyelvek","status":"publish","type":"page","link":"https:\/\/smilingway.cz\/hu\/adatvedelmi-iranyelvek\/","title":{"rendered":"Adatv\u00e9delmi ir\u00e1nyelvek"},"content":{"rendered":"<p>Ha \u00d6n a weboldalam l\u00e1togat\u00f3ja, akkor a legt\u00f6bb weboldalhoz hasonl\u00f3an \u00d6n is megadja szem\u00e9lyes adatait. Az \u00d6n adatai az \u00e1ltal\u00e1nos adatv\u00e9delmi rendeletnek (GDPR) megfelel\u0151en teljes k\u00f6r\u0171 v\u00e9delmet \u00e9lveznek.<\/p>\n<p><span style=\"font-size: 14pt;\"><strong>Ki az \u00fcgyint\u00e9z\u0151?<\/strong><\/span><\/p>\n<p>Az adatkezel\u0151 Blanka Odv\u00e1rkov\u00e1, aki a www.smilingway.cz weboldalt \u00fczemelteti. Az adatkezel\u0151 hat\u00e1rozza meg, hogy a szem\u00e9lyes adatokat milyen c\u00e9lb\u00f3l \u00e9s mennyi ideig dolgozz\u00e1k fel, \u00e9s adott esetben m\u00e1s adatfeldolgoz\u00f3kat v\u00e1laszt ki, hogy seg\u00edtsenek a feldolgoz\u00e1sban.<\/p>\n<p><span style=\"font-size: 14pt;\"><strong>Milyen c\u00e9lb\u00f3l t\u00f6rt\u00e9nik az adatok feldolgoz\u00e1sa?  <\/strong><\/span><\/p>\n<p><strong>S\u00fctik a weboldal teljes\u00edtm\u00e9ny\u00e9nek jav\u00edt\u00e1sa \u00e9rdek\u00e9ben<\/strong> &#8211; amikor \u00d6n megl\u00e1togat egy weboldalt, az IP-c\u00edme \u00e9s a weboldalon tan\u00fas\u00edtott viselked\u00e9s\u00e9re vonatkoz\u00f3 anonimiz\u00e1lt adatok (mennyi ideig marad a weboldalon, milyen forr\u00e1sb\u00f3l \u00e9rkezett a weboldalra stb.) r\u00f6gz\u00edt\u00e9sre ker\u00fclnek. Ezt az inform\u00e1ci\u00f3t a forgalom m\u00e9r\u00e9s\u00e9re szolg\u00e1l\u00f3 cookie-k seg\u00edts\u00e9g\u00e9vel kapjuk.<br \/>\nA szem\u00e9lyes adatok feldolgoz\u00e1sa az \u00d6n hozz\u00e1j\u00e1rul\u00e1s\u00e1ig, de legfeljebb 26 h\u00f3napig tart. <a href=\"https:\/\/smilingway.cz\/zasady-cookies-eu\/\" target=\"_blank\" rel=\"noopener\">Tov\u00e1bbi inform\u00e1ci\u00f3k a s\u00fctikr\u0151l<\/a>.<\/p>\n<p><strong>H\u00edrlevelek &#8211; <\/strong> a h\u00edrlev\u00e9lre val\u00f3 feliratkoz\u00e1ssal az \u00d6n e-mail c\u00edm\u00e9t kiz\u00e1r\u00f3lag a h\u00edrlev\u00e9l k\u00fcld\u00e9se c\u00e9lj\u00e1b\u00f3l kezelj\u00fck. Egy\u00fattal inform\u00e1ci\u00f3t ny\u00fajt az \u00d6nt legink\u00e1bb \u00e9rdekl\u0151 tartalmakr\u00f3l. A c\u00e9l az, hogy megtal\u00e1ljuk a legide\u00e1lisabb, az \u00d6nre szabott h\u00edreket :). Az \u00d6n adatait nem adjuk \u00e1t harmadik f\u00e9lnek, \u00e9s nem adjuk tov\u00e1bb senkinek. Ez csak a weboldalon tal\u00e1lhat\u00f3 h\u00edreket tartalmaz\u00f3 e-mailek k\u00fcld\u00e9s\u00e9re szolg\u00e1l.<\/p>\n<p><span style=\"font-size: 14pt;\"><strong>A szem\u00e9lyes adatok biztons\u00e1ga \u00e9s v\u00e9delme<\/strong><\/span><\/p>\n<p>Az oldalhoz val\u00f3 csatlakoz\u00e1s teljesen biztons\u00e1gos, \u00e9s a szem\u00e9lyes adatok a lehet\u0151 legnagyobb m\u00e9rt\u00e9kben v\u00e9dve vannak az adat\u00e1tvitel titkos\u00edt\u00e1s\u00e1nak k\u00f6sz\u00f6nhet\u0151en a HTTPS protokoll seg\u00edts\u00e9g\u00e9vel (az oldal maxim\u00e1lis biztons\u00e1g\u00e1t mindig ellen\u0151rizheti a webc\u00edm melletti z\u00e1r seg\u00edts\u00e9g\u00e9vel).<\/p>\n<p><span style=\"font-size: 14pt;\"><strong>Szem\u00e9lyes adatok tov\u00e1bb\u00edt\u00e1sa adatfeldolgoz\u00f3k \u00e9s harmadik felek r\u00e9sz\u00e9re<\/strong><\/span><\/p>\n<p>Az \u00d6n szem\u00e9lyes adatait kiz\u00e1r\u00f3lag a Google Analytics adatkezel\u0151je \u00e9s adatfeldolgoz\u00f3ja dolgozza fel a m\u00e9r\u00e9si k\u00f3d seg\u00edts\u00e9g\u00e9vel. Ez lehet\u0151v\u00e9 teszi sz\u00e1momra, hogy l\u00e1ssam az oldalam l\u00e1togat\u00f3inak sz\u00e1m\u00e1t, \u00e9s hogy mely cikkeket olvass\u00e1k a legt\u00f6bben.<\/p>\n<p><span style=\"font-size: 14pt;\"><strong>Adattov\u00e1bb\u00edt\u00e1s az Eur\u00f3pai Uni\u00f3n k\u00edv\u00fclre<\/strong><\/span><\/p>\n<p>Az adatok feldolgoz\u00e1sa kiz\u00e1r\u00f3lag az Eur\u00f3pai Uni\u00f3ban vagy olyan orsz\u00e1gokban t\u00f6rt\u00e9nik, amelyek az Eur\u00f3pai Bizotts\u00e1g hat\u00e1rozata vagy a 108. egyezm\u00e9ny alapj\u00e1n megfelel\u0151 szint\u0171 v\u00e9delmet biztos\u00edtanak.<\/p>\n<p><span style=\"font-size: 14pt;\"><strong>Az \u00d6n jogai a szem\u00e9lyes adatok v\u00e9delm\u00e9vel kapcsolatban<\/strong><\/span><\/p>\n<p>Az adatv\u00e9delemmel kapcsolatban sz\u00e1mos joggal rendelkezik:<\/p>\n<p>\u00d6nnek <strong>joga van a t\u00e1j\u00e9koztat\u00e1shoz<\/strong>, amelyet ez a t\u00e1j\u00e9koztat\u00f3 oldal m\u00e1r teljes\u00edt a szem\u00e9lyes adatok feldolgoz\u00e1s\u00e1ra vonatkoz\u00f3 politik\u00e1val.<br \/>\nA <strong>hozz\u00e1f\u00e9r\u00e9si jognak <\/strong>k\u00f6sz\u00f6nhet\u0151en 30 napon bel\u00fcl b\u00e1rmikor k\u00e9rhet bizony\u00edt\u00e9kot arr\u00f3l, hogy milyen szem\u00e9lyes adatokat kezelnek \u00e9s mi\u00e9rt.<\/p>\n<p><span style=\"font-weight: 400;\">Ha valami megv\u00e1ltozik \u00d6nnel kapcsolatban, vagy ha \u00fagy tal\u00e1lja, hogy szem\u00e9lyes adatai elavultak vagy hi\u00e1nyosak, \u00d6nnek a k\u00f6vetkez\u0151kre van lehet\u0151s\u00e9ge <\/span><b>a szem\u00e9lyes adatok kieg\u00e9sz\u00edt\u00e9s\u00e9hez \u00e9s m\u00f3dos\u00edt\u00e1s\u00e1hoz val\u00f3 jog<\/b><span style=\"font-weight: 400;\">.<\/span><\/p>\n<p><b>Az adatkezel\u00e9s korl\u00e1toz\u00e1s\u00e1hoz val\u00f3 jog<\/b><span style=\"font-weight: 400;\">  akkor haszn\u00e1lhatja, ha \u00fagy v\u00e9li, hogy adatait jogellenesen vagy pontatlanul kezelik, de nem k\u00edv\u00e1nja az \u00f6sszes adatot t\u00f6r\u00f6lni, vagy ha tiltakozott a feldolgoz\u00e1s ellen. \u00d6n korl\u00e1tozhatja a szem\u00e9lyes adatok k\u00f6r\u00e9t vagy a feldolgoz\u00e1s c\u00e9ljait.  <\/span><\/p>\n<p>A<b>hordozhat\u00f3s\u00e1ghoz val\u00f3 jog &#8211; <\/b> ha<span style=\"font-weight: 400;\">\u00d6n szeretn\u00e9 szem\u00e9lyes adatait \u00e1tvenni \u00e9s tov\u00e1bb\u00edtani valaki m\u00e1snak, akkor ugyanaz az elj\u00e1r\u00e1s alkalmazand\u00f3, mint a hozz\u00e1f\u00e9r\u00e9si jog gyakorl\u00e1sa eset\u00e9n, azzal a k\u00fcl\u00f6nbs\u00e9ggel, hogy az adatokat g\u00e9ppel olvashat\u00f3 form\u00e1ban adjuk \u00e1t \u00d6nnek.<\/span><\/p>\n<p><b>T\u00f6rl\u00e9shez val\u00f3 jog<\/b><span style=\"font-weight: 400;\"> (elfelejtend\u0151) &#8211; a<\/span><span style=\"font-weight: 400;\">Egy m\u00e1sik jog az adatb\u00e1zisb\u00f3l val\u00f3 teljes t\u00f6rl\u00e9shez val\u00f3 jog. Ebben az esetben az \u00d6n \u00f6sszes szem\u00e9lyes adat\u00e1t t\u00f6r\u00f6lj\u00fck a rendszerb\u0151l, valamint az \u00f6sszes alv\u00e1llalkoz\u00f3 \u00e9s biztons\u00e1gi ment\u00e9s rendszer\u00e9b\u0151l. A t\u00f6rl\u00e9shez val\u00f3 jog \u00e9rv\u00e9nyes\u00edt\u00e9s\u00e9hez 30 napra van sz\u00fcks\u00e9ge.<\/span><\/p>\n<p><span style=\"font-weight: 400;\">Bizonyos esetekben a szem\u00e9lyes adatok archiv\u00e1l\u00e1s\u00e1ra jogi k\u00f6telezetts\u00e9g van (pl. az \u00f6sszes ki\u00e1ll\u00edtott ad\u00f3\u00fcgyi dokumentum). Ebben az esetben minden olyan szem\u00e9lyes adatot, amelyet nem k\u00f6t a t\u00f6rv\u00e9ny, t\u00f6r\u00f6lni fogunk.<\/span><\/p>\n<p><b>Panaszt\u00e9tel a Szem\u00e9lyes adatok v\u00e9delm\u00e9\u00e9rt felel\u0151s hivataln\u00e1l<\/b><\/p>\n<p><span style=\"font-weight: 400;\">Ha \u00fagy \u00e9rzi, hogy adatait nem a t\u00f6rv\u00e9nyeknek megfelel\u0151en kezelik, joga van panaszt tenni az adatv\u00e9delmi hat\u00f3s\u00e1gn\u00e1l. \u00d6r\u00fcln\u00e9k, ha el\u0151sz\u00f6r engem t\u00e1j\u00e9koztatna err\u0151l a gyan\u00far\u00f3l a napis@smilingway.cz c\u00edmen, hogy tehessek valamit ez \u00fcgyben, \u00e9s kijav\u00edthassam az esetleges hib\u00e1kat.  <\/span><\/p>\n<p><span style=\"font-size: 14pt;\"><strong>Csend<\/strong><\/span><\/p>\n<p><span style=\"font-weight: 400;\">Az adatkezel\u0151 k\u00f6teles fenntartani a szem\u00e9lyes adatok bizalmas kezel\u00e9s\u00e9t \u00e9s az olyan biztons\u00e1gi int\u00e9zked\u00e9seket, amelyek nyilv\u00e1noss\u00e1gra hozatala vesz\u00e9lyeztetn\u00e9 az \u00d6n szem\u00e9lyes adatainak biztons\u00e1g\u00e1t. Ez a titoktart\u00e1s a szerz\u0151d\u00e9ses kapcsolat megsz\u0171n\u00e9se ut\u00e1n is fennmarad. Az \u00d6n szem\u00e9lyes adatait az \u00d6n hozz\u00e1j\u00e1rul\u00e1sa n\u00e9lk\u00fcl nem adjuk ki harmadik f\u00e9lnek.<\/span><\/p>\n<p><strong><span style=\"font-size: 14pt;\">Kapcsolattart\u00e1si adatok<\/span><\/strong><\/p>\n<p><span style=\"font-weight: 400;\">Ha b\u00e1rmilyen k\u00e9rd\u00e9se van a szem\u00e9lyes adatok feldolgoz\u00e1s\u00e1val kapcsolatban, \u00e9s nem csak ebben az \u00f6sszef\u00fcgg\u00e9sben, k\u00e9rj\u00fck, ne habozzon kapcsolatba l\u00e9pni vel\u00fcnk a napis@smilingway.cz c\u00edmen.<\/span><\/p>\n<p>Ez a politika azonnal hat\u00e1lyba l\u00e9p.<\/p>\n","protected":false},"excerpt":{"rendered":"<p>Ha \u00d6n a weboldalam l\u00e1togat\u00f3ja, akkor a legt\u00f6bb weboldalhoz hasonl\u00f3an \u00d6n is megadja szem\u00e9lyes adatait. Az \u00d6n adatai az \u00e1ltal\u00e1nos adatv\u00e9delmi rendeletnek (GDPR) megfelel\u0151en teljes [&hellip;]<\/p>\n","protected":false},"author":1,"featured_media":0,"parent":0,"menu_order":0,"comment_status":"closed","ping_status":"closed","template":"","meta":{"_uag_custom_page_level_css":"","site-sidebar-layout":"right-sidebar","site-content-layout":"default","ast-site-content-layout":"normal-width-container","site-content-style":"default","site-sidebar-style":"default","ast-global-header-display":"","ast-banner-title-visibility":"","ast-main-header-display":"","ast-hfb-above-header-display":"","ast-hfb-below-header-display":"","ast-hfb-mobile-header-display":"","site-post-title":"","ast-breadcrumbs-content":"","ast-featured-img":"","footer-sml-layout":"","ast-disable-related-posts":"","theme-transparent-header-meta":"default","adv-header-id-meta":"","stick-header-meta":"default","header-above-stick-meta":"","header-main-stick-meta":"","header-below-stick-meta":"","astra-migrate-meta-layouts":"default","ast-page-background-enabled":"default","ast-page-background-meta":{"desktop":{"background-color":"","background-image":"","background-repeat":"repeat","background-position":"center center","background-size":"auto","background-attachment":"scroll","background-type":"","background-media":"","overlay-type":"","overlay-color":"","overlay-opacity":"","overlay-gradient":""},"tablet":{"background-color":"","background-image":"","background-repeat":"repeat","background-position":"center center","background-size":"auto","background-attachment":"scroll","background-type":"","background-media":"","overlay-type":"","overlay-color":"","overlay-opacity":"","overlay-gradient":""},"mobile":{"background-color":"","background-image":"","background-repeat":"repeat","background-position":"center center","background-size":"auto","background-attachment":"scroll","background-type":"","background-media":"","overlay-type":"","overlay-color":"","overlay-opacity":"","overlay-gradient":""}},"ast-content-background-meta":{"desktop":{"background-color":"var(--ast-global-color-5)","background-image":"","background-repeat":"repeat","background-position":"center center","background-size":"auto","background-attachment":"scroll","background-type":"","background-media":"","overlay-type":"","overlay-color":"","overlay-opacity":"","overlay-gradient":""},"tablet":{"background-color":"var(--ast-global-color-5)","background-image":"","background-repeat":"repeat","background-position":"center center","background-size":"auto","background-attachment":"scroll","background-type":"","background-media":"","overlay-type":"","overlay-color":"","overlay-opacity":"","overlay-gradient":""},"mobile":{"background-color":"var(--ast-global-color-5)","background-image":"","background-repeat":"repeat","background-position":"center center","background-size":"auto","background-attachment":"scroll","background-type":"","background-media":"","overlay-type":"","overlay-color":"","overlay-opacity":"","overlay-gradient":""}},"footnotes":""},"class_list":["post-88733","page","type-page","status-publish","hentry"],"yoast_head":"<!-- This site is optimized with the Yoast SEO plugin v27.3 - https:\/\/yoast.com\/product\/yoast-seo-wordpress\/ -->\n<title>Adatv\u00e9delmi ir\u00e1nyelvek - SMILING WAY<\/title>\n<meta name=\"robots\" content=\"index, follow, max-snippet:-1, max-image-preview:large, max-video-preview:-1\" \/>\n<link rel=\"canonical\" href=\"https:\/\/smilingway.cz\/hu\/adatvedelmi-iranyelvek\/\" \/>\n<meta property=\"og:locale\" content=\"hu_HU\" \/>\n<meta property=\"og:type\" content=\"article\" \/>\n<meta property=\"og:title\" content=\"Adatv\u00e9delmi ir\u00e1nyelvek - SMILING WAY\" \/>\n<meta property=\"og:description\" content=\"Ha \u00d6n a weboldalam l\u00e1togat\u00f3ja, akkor a legt\u00f6bb weboldalhoz hasonl\u00f3an \u00d6n is megadja szem\u00e9lyes adatait. Az \u00d6n adatai az \u00e1ltal\u00e1nos adatv\u00e9delmi rendeletnek (GDPR) megfelel\u0151en teljes [&hellip;]\" \/>\n<meta property=\"og:url\" content=\"https:\/\/smilingway.cz\/hu\/adatvedelmi-iranyelvek\/\" \/>\n<meta property=\"og:site_name\" content=\"SMILING WAY\" \/>\n<meta property=\"article:publisher\" content=\"https:\/\/www.facebook.com\/smilingwaycz\/\" \/>\n<meta name=\"twitter:card\" content=\"summary_large_image\" \/>\n<meta name=\"twitter:site\" content=\"@smilingwaycz\" \/>\n<meta name=\"twitter:label1\" content=\"Becs\u00fclt olvas\u00e1si id\u0151\" \/>\n\t<meta name=\"twitter:data1\" content=\"5 perc\" \/>\n<!-- \/ Yoast SEO plugin. -->","yoast_head_json":{"title":"Adatv\u00e9delmi ir\u00e1nyelvek - SMILING WAY","robots":{"index":"index","follow":"follow","max-snippet":"max-snippet:-1","max-image-preview":"max-image-preview:large","max-video-preview":"max-video-preview:-1"},"canonical":"https:\/\/smilingway.cz\/hu\/adatvedelmi-iranyelvek\/","og_locale":"hu_HU","og_type":"article","og_title":"Adatv\u00e9delmi ir\u00e1nyelvek - SMILING WAY","og_description":"Ha \u00d6n a weboldalam l\u00e1togat\u00f3ja, akkor a legt\u00f6bb weboldalhoz hasonl\u00f3an \u00d6n is megadja szem\u00e9lyes adatait. Az \u00d6n adatai az \u00e1ltal\u00e1nos adatv\u00e9delmi rendeletnek (GDPR) megfelel\u0151en teljes [&hellip;]","og_url":"https:\/\/smilingway.cz\/hu\/adatvedelmi-iranyelvek\/","og_site_name":"SMILING WAY","article_publisher":"https:\/\/www.facebook.com\/smilingwaycz\/","twitter_card":"summary_large_image","twitter_site":"@smilingwaycz","twitter_misc":{"Becs\u00fclt olvas\u00e1si id\u0151":"5 perc"},"schema":{"@context":"https:\/\/schema.org","@graph":[{"@type":"WebPage","@id":"https:\/\/smilingway.cz\/hu\/adatvedelmi-iranyelvek\/","url":"https:\/\/smilingway.cz\/hu\/adatvedelmi-iranyelvek\/","name":"Adatv\u00e9delmi ir\u00e1nyelvek - SMILING WAY","isPartOf":{"@id":"https:\/\/smilingway.cz\/hu\/#website"},"datePublished":"2018-11-26T12:15:51+00:00","breadcrumb":{"@id":"https:\/\/smilingway.cz\/hu\/adatvedelmi-iranyelvek\/#breadcrumb"},"inLanguage":"hu","potentialAction":[{"@type":"ReadAction","target":["https:\/\/smilingway.cz\/hu\/adatvedelmi-iranyelvek\/"]}]},{"@type":"BreadcrumbList","@id":"https:\/\/smilingway.cz\/hu\/adatvedelmi-iranyelvek\/#breadcrumb","itemListElement":[{"@type":"ListItem","position":1,"name":"Home","item":"https:\/\/smilingway.cz\/hu\/"},{"@type":"ListItem","position":2,"name":"Adatv\u00e9delmi ir\u00e1nyelvek"}]},{"@type":"WebSite","@id":"https:\/\/smilingway.cz\/hu\/#website","url":"https:\/\/smilingway.cz\/hu\/","name":"Smiling Way","description":"Utaz\u00e1si tippek, inspir\u00e1ci\u00f3 \u00e9s \u00fatmutat\u00f3k","publisher":{"@id":"https:\/\/smilingway.cz\/hu\/#\/schema\/person\/1bb9c7a0f759e37cc3c643cfcf64b9ee"},"potentialAction":[{"@type":"SearchAction","target":{"@type":"EntryPoint","urlTemplate":"https:\/\/smilingway.cz\/hu\/?s={search_term_string}"},"query-input":{"@type":"PropertyValueSpecification","valueRequired":true,"valueName":"search_term_string"}}],"inLanguage":"hu"},{"@type":["Person","Organization"],"@id":"https:\/\/smilingway.cz\/hu\/#\/schema\/person\/1bb9c7a0f759e37cc3c643cfcf64b9ee","name":"Blanka","image":{"@type":"ImageObject","inLanguage":"hu","@id":"https:\/\/smilingway.cz\/wp-content\/uploads\/2023\/08\/IMG_20190712_115524_optimized-1-1024x768-1.jpg","url":"https:\/\/smilingway.cz\/wp-content\/uploads\/2023\/08\/IMG_20190712_115524_optimized-1-1024x768-1.jpg","contentUrl":"https:\/\/smilingway.cz\/wp-content\/uploads\/2023\/08\/IMG_20190712_115524_optimized-1-1024x768-1.jpg","width":1024,"height":768,"caption":"Blanka"},"logo":{"@id":"https:\/\/smilingway.cz\/wp-content\/uploads\/2023\/08\/IMG_20190712_115524_optimized-1-1024x768-1.jpg"},"sameAs":["https:\/\/www.facebook.com\/smilingwaycz\/","https:\/\/cz.pinterest.com\/smilingwaycz\/","https:\/\/x.com\/smilingwaycz"]}]}},"spectra_custom_meta":{"_wpml_media_duplicate":["0"],"_wpml_media_featured":["1"],"stick-header-meta":["default"],"site-content-layout":["default"],"theme-transparent-header-meta":["default"],"_top_nav_excluded":[""],"_cms_nav_minihome":[""],"_wp_page_template":["default"],"_wpml_word_count":["{\"total\":661,\"to_translate\":{\"cs\":661,\"en\":661,\"de\":661,\"ro\":661}}"],"adv-header-id-meta":[""],"site-sidebar-layout":["right-sidebar"],"ast-site-content-layout":["normal-width-container"],"_uag_page_assets":["a:9:{s:3:\"css\";s:0:\"\";s:2:\"js\";s:0:\"\";s:18:\"current_block_list\";a:2:{i:0;s:14:\"core\/paragraph\";i:1;s:10:\"core\/image\";}s:8:\"uag_flag\";b:0;s:11:\"uag_version\";s:10:\"1776251483\";s:6:\"gfonts\";a:1:{s:7:\"Default\";a:2:{s:10:\"fontfamily\";s:7:\"Default\";s:12:\"fontvariants\";a:0:{}}}s:10:\"gfonts_url\";s:71:\"\/\/fonts.googleapis.com\/css?family=Default&subset=latin&display=fallback\";s:12:\"gfonts_files\";a:0:{}s:14:\"uag_faq_layout\";b:0;}"]},"uagb_featured_image_src":{"full":false,"thumbnail":false,"medium":false,"medium_large":false,"large":false,"1536x1536":false,"2048x2048":false},"uagb_author_info":{"display_name":"Blanka","author_link":"https:\/\/smilingway.cz\/hu\/author\/admin\/"},"uagb_comment_info":0,"uagb_excerpt":"Ha \u00d6n a weboldalam l\u00e1togat\u00f3ja, akkor a legt\u00f6bb weboldalhoz hasonl\u00f3an \u00d6n is megadja szem\u00e9lyes adatait. Az \u00d6n adatai az \u00e1ltal\u00e1nos adatv\u00e9delmi rendeletnek (GDPR) megfelel\u0151en teljes [&hellip;]","_links":{"self":[{"href":"https:\/\/smilingway.cz\/hu\/wp-json\/wp\/v2\/pages\/88733","targetHints":{"allow":["GET"]}}],"collection":[{"href":"https:\/\/smilingway.cz\/hu\/wp-json\/wp\/v2\/pages"}],"about":[{"href":"https:\/\/smilingway.cz\/hu\/wp-json\/wp\/v2\/types\/page"}],"author":[{"embeddable":true,"href":"https:\/\/smilingway.cz\/hu\/wp-json\/wp\/v2\/users\/1"}],"replies":[{"embeddable":true,"href":"https:\/\/smilingway.cz\/hu\/wp-json\/wp\/v2\/comments?post=88733"}],"version-history":[{"count":0,"href":"https:\/\/smilingway.cz\/hu\/wp-json\/wp\/v2\/pages\/88733\/revisions"}],"wp:attachment":[{"href":"https:\/\/smilingway.cz\/hu\/wp-json\/wp\/v2\/media?parent=88733"}],"curies":[{"name":"wp","href":"https:\/\/api.w.org\/{rel}","templated":true}]}}