{"id":88720,"date":"2023-02-11T18:11:00","date_gmt":"2023-02-11T18:11:00","guid":{"rendered":"https:\/\/smilingway.cz\/rolunk\/"},"modified":"2024-04-30T11:28:27","modified_gmt":"2024-04-30T11:28:27","slug":"rolunk","status":"publish","type":"page","link":"https:\/\/smilingway.cz\/hu\/rolunk\/","title":{"rendered":"R\u00d3LUNK"},"content":{"rendered":"\n<div class=\"wp-block-columns alignwide is-layout-flex wp-container-core-columns-is-layout-28f84493 wp-block-columns-is-layout-flex\">\n<div class=\"wp-block-column is-layout-flow wp-block-column-is-layout-flow\">\n<div style=\"height:62px\" aria-hidden=\"true\" class=\"wp-block-spacer\"><\/div>\n\n\n\n<p style=\"font-size:28px\"><strong>\u00dcdv\u00f6z\u00f6lj\u00fck a blogunkon!<\/strong><\/p>\n\n\n\n<p>N\u00e9gytag\u00fa csal\u00e1d vagyunk Nyugat-Csehorsz\u00e1gb\u00f3l, akik szeretnek felfedezni, felfedezni \u00e9s magunkba sz\u00edvni az \u00faj helyek hangulat\u00e1t.  <\/p>\n\n\n\n<p>Egyik\u00fcnk sem sz\u00e1rmazik utaz\u00f3 csal\u00e1db\u00f3l. Val\u00f3j\u00e1ban \u00e9vekkel ezel\u0151tt azt gondoltuk, hogy az utaz\u00e1s olyan kiv\u00e1lts\u00e1g, ami szinte senkinek sem adatik meg.  <\/p>\n\n\n\n<p>Ma m\u00e1r tudjuk, hogy enn\u00e9l nagyobbat nem is t\u00e9vedhett\u00fcnk volna.  <\/p>\n<\/div>\n\n\n\n<div class=\"wp-block-column is-layout-flow wp-block-column-is-layout-flow\">\n<figure class=\"wp-block-image size-full\"><a href=\"https:\/\/smilingway.cz\/wp-content\/uploads\/2023\/02\/IMG_20180707_152138-1024x768-1-2.jpg\"><img decoding=\"async\" width=\"780\" height=\"585\" src=\"https:\/\/smilingway.cz\/wp-content\/uploads\/2023\/02\/IMG_20180707_152138-1024x768-1-2.jpg\" alt=\"\" class=\"wp-image-125143\" srcset=\"https:\/\/smilingway.cz\/wp-content\/uploads\/2023\/02\/IMG_20180707_152138-1024x768-1-2.jpg 780w, https:\/\/smilingway.cz\/wp-content\/uploads\/2023\/02\/IMG_20180707_152138-1024x768-1-2-300x225.jpg 300w, https:\/\/smilingway.cz\/wp-content\/uploads\/2023\/02\/IMG_20180707_152138-1024x768-1-2-768x576.jpg 768w\" sizes=\"(max-width: 780px) 100vw, 780px\" \/><\/a><\/figure>\n<\/div>\n<\/div>\n\n<p>A mi kalandunk \u00fagy 14 \u00e9vvel ezel\u0151tt kezd\u0151d\u00f6tt, amikor ap\u00f3somt\u00f3l 5 ezer koron\u00e1\u00e9rt megvett\u00fcnk egy j\u00f3 \u00f6reg Felici\u00e1t. Oda ment\u00fcnk, ahov\u00e1 Felicia megengedte &#8211; a <a href=\"https:\/\/smilingway.cz\/cesky-raj\/\" target=\"_blank\" rel=\"noreferrer noopener\">Cseh Paradicsomba<\/a>, a <a href=\"https:\/\/smilingway.cz\/ceske-svycarsko\/\" target=\"_blank\" rel=\"noreferrer noopener\">Cseh Sv\u00e1jcba<\/a> vagy a <a href=\"https:\/\/smilingway.cz\/co-navstivit-v-krkonosich\/\" target=\"_blank\" rel=\"noreferrer noopener\">Krkono\u0161e-hegys\u00e9gbe<\/a>.  <\/p>\n\n<p>N\u00e9h\u00e1ny \u00e9v ut\u00e1n lecser\u00e9lt\u00fck Felice-t. Legyen neki k\u00f6nny\u0171 a roncstelep f\u00f6ldje.  <\/p>\n\n<p>\u00c9s \u00e1tmentek a hat\u00e1ron. Akkoriban a post\u00e1n dolgoztam \u00e9s az egyetemen tanultam. A mi fizet\u00e9s\u00fcnk a Karlovy Vary r\u00e9gi\u00f3ban nem tartozott a legmagasabbak k\u00f6z\u00e9, ez\u00e9rt gyakran k\u00f6nny\u0171szerrel \u00e9s kev\u00e9s p\u00e9nzzel a zseb\u00fcnkben utaztunk.  <\/p>\n\n<figure class=\"wp-block-image aligncenter size-full is-resized\"><a href=\"https:\/\/smilingway.cz\/wp-content\/uploads\/2023\/02\/image-0-02-05-faf278b8f3b81dc00206901a90f2ec18318c3d154e06d1e7b63770bba43fba90-V.jpg\"><img decoding=\"async\" width=\"600\" height=\"800\" src=\"https:\/\/smilingway.cz\/wp-content\/uploads\/2023\/02\/image-0-02-05-faf278b8f3b81dc00206901a90f2ec18318c3d154e06d1e7b63770bba43fba90-V.jpg\" alt=\"\" class=\"wp-image-125130\" style=\"width:450px;height:600px\" srcset=\"https:\/\/smilingway.cz\/wp-content\/uploads\/2023\/02\/image-0-02-05-faf278b8f3b81dc00206901a90f2ec18318c3d154e06d1e7b63770bba43fba90-V.jpg 600w, https:\/\/smilingway.cz\/wp-content\/uploads\/2023\/02\/image-0-02-05-faf278b8f3b81dc00206901a90f2ec18318c3d154e06d1e7b63770bba43fba90-V-225x300.jpg 225w\" sizes=\"(max-width: 600px) 100vw, 600px\" \/><\/a><\/figure>\n\n<p>A legolcs\u00f3bb sz\u00e1ll\u00e1st foglaltuk le. A legjobb esetben csak a pen\u00e9szes falakra v\u00e1rtunk, a legrosszabb esetben \u00f3r\u00e1kig v\u00e1rtunk az udvaron, am\u00edg az Airbnb tulajdonosa meg\u00e9rkezett \u00e9s beengedett minket. Vagy csak meg\u00e1gyaztunk a rept\u00e9ren (\u00e9s el\u00e9gg\u00e9 meglep\u0151dt\u00fcnk, hogy milyen sokan \u00e1gyaztak meg vel\u00fcnk a rept\u00e9ren).  <\/p>\n\n<p>A velencei nyaral\u00e1sunk alatt minden nap megosztottunk egy kis csomag t\u00e9szt\u00e1t eb\u00e9dre, hogy el tudjunk szaladni fagyizni.<\/p>\n\n<figure class=\"wp-block-image aligncenter size-full\"><a href=\"https:\/\/smilingway.cz\/wp-content\/uploads\/2023\/02\/IMG_20190713_114612.jpg\"><img decoding=\"async\" width=\"800\" height=\"600\" src=\"https:\/\/smilingway.cz\/wp-content\/uploads\/2023\/02\/IMG_20190713_114612.jpg\" alt=\"\" class=\"wp-image-125125\" srcset=\"https:\/\/smilingway.cz\/wp-content\/uploads\/2023\/02\/IMG_20190713_114612.jpg 800w, https:\/\/smilingway.cz\/wp-content\/uploads\/2023\/02\/IMG_20190713_114612-300x225.jpg 300w, https:\/\/smilingway.cz\/wp-content\/uploads\/2023\/02\/IMG_20190713_114612-768x576.jpg 768w\" sizes=\"(max-width: 800px) 100vw, 800px\" \/><\/a><\/figure>\n\n<figure class=\"wp-block-image aligncenter size-full is-resized\"><a href=\"https:\/\/smilingway.cz\/wp-content\/uploads\/2023\/02\/IMG_20211030_104011_1-2-scaled-1.jpg\"><img decoding=\"async\" width=\"924\" height=\"693\" src=\"https:\/\/smilingway.cz\/wp-content\/uploads\/2023\/02\/IMG_20211030_104011_1-2-scaled-1.jpg\" alt=\"\" class=\"wp-image-125135\" style=\"width:693px;height:520px\" srcset=\"https:\/\/smilingway.cz\/wp-content\/uploads\/2023\/02\/IMG_20211030_104011_1-2-scaled-1.jpg 924w, https:\/\/smilingway.cz\/wp-content\/uploads\/2023\/02\/IMG_20211030_104011_1-2-scaled-1-300x225.jpg 300w, https:\/\/smilingway.cz\/wp-content\/uploads\/2023\/02\/IMG_20211030_104011_1-2-scaled-1-768x576.jpg 768w\" sizes=\"(max-width: 924px) 100vw, 924px\" \/><\/a><\/figure>\n\n<p>\u00c9s b\u00e1r az olcs\u00f3 utaz\u00e1snak mindenk\u00e9ppen volt valami \u00e9rtelme, ma m\u00e1r m\u00e1sk\u00e9pp utazunk. A fiaink (2 \u00e9s 4 \u00e9vesek) miatt is. El\u0151re tervez\u00fcnk, \u00e9s a legjobb \u00e1r-\u00e9rt\u00e9k ar\u00e1ny\u00fa lehet\u0151s\u00e9geket keress\u00fck. Nem akarunk t\u00f6bb\u00e9 a helysz\u00ednen stresszelni, ez\u00e9rt ellen\u0151rz\u00f6tt c\u00e9gekkel utazunk. \u00c9s ezt szeretn\u00e9nk k\u00f6zvet\u00edteni ezen a blogon.  <\/p>\n\n<p>Tapasztalataikkal \u00e9s tippjeikkel seg\u00edtettek a t\u00f6k\u00e9letes nyaral\u00e1s megtervez\u00e9s\u00e9ben.  <\/p>\n\n<p>Fedezze fel vel\u00fcnk <a href=\"https:\/\/smilingway.cz\/pamatky-v-londyne-prehled-vstupneho-a-oteviraci-doby\/\">Londont<\/a>, <a href=\"https:\/\/smilingway.cz\/pariz-za-3-dny\/\">P\u00e1rizst<\/a>, <a href=\"https:\/\/smilingway.cz\/hu\/mit-erdemes-meglatogatni-romaban\/\">R\u00f3m\u00e1t<\/a>, <a href=\"https:\/\/smilingway.cz\/lisabon-pamatky\/\">Lisszabont<\/a>, de ak\u00e1r <a href=\"https:\/\/smilingway.cz\/dubaj\/\">Dubajt<\/a> vagy <a href=\"https:\/\/smilingway.cz\/pamatky-v-new-yorku\/\">New Yorkot<\/a> is. Tegyen egy s\u00e9t\u00e1t az <a href=\"https:\/\/smilingway.cz\/rakouske-alpy\/\">osztr\u00e1k Alpok<\/a> vagy a <a href=\"https:\/\/smilingway.cz\/dolomity-nejkrasnejsi-mista\/\">Dolomitok<\/a> hegyeiben. Vagy \u00e9lvezze a <a href=\"https:\/\/smilingway.cz\/kam-v-toskansku\/\">toszk\u00e1nai<\/a> sz\u0151l\u0151skerteket \u00e9s a <a href=\"https:\/\/smilingway.cz\/provence-francie\/\">provence-i<\/a> levendulamez\u0151ket. Inspir\u00e1l\u00f3djon, \u00e9s v\u00e1lassza ki a nyaral\u00e1s\u00e1t <a href=\"https:\/\/smilingway.cz\/hu\/uti-celok\/\" target=\"_blank\" rel=\"noreferrer noopener\">itt<\/a>.  <\/p>\n\n<p>Mi \u00fagy gondoljuk, hogy nem kell a f\u00e9l vil\u00e1got k\u00f6rberep\u00fclni ahhoz, hogy gy\u00f6ny\u00f6r\u0171 helyeket fedezz\u00fcnk fel.<\/p>\n\n<p>B\u00fcszk\u00e9k vagyunk arra, hogy az oldalon tal\u00e1lhat\u00f3 cikkek egyike sem szponzor\u00e1lt. Minden k\u00f6lts\u00e9get mi magunk fedez\u00fcnk, hogy v\u00e9lem\u00e9ny\u00fcnk objekt\u00edv \u00e9s elfogulatlan legyen.<\/p>\n\n<p>K\u00f6sz\u00f6nj\u00fck, hogy vel\u00fcnk utazott. K\u00f6sz\u00f6nj\u00fck a visszajelz\u00e9seket a hozz\u00e1sz\u00f3l\u00e1sokban vagy e-mailben. Nagyra \u00e9rt\u00e9kelj\u00fck!<\/p>\n\n<p>Blanka, Petya \u00e9s a gyerekek<\/p>\n","protected":false},"excerpt":{"rendered":"<p>\u00dcdv\u00f6z\u00f6lj\u00fck a blogunkon! N\u00e9gytag\u00fa csal\u00e1d vagyunk Nyugat-Csehorsz\u00e1gb\u00f3l, akik szeretnek felfedezni, felfedezni \u00e9s magunkba sz\u00edvni az \u00faj helyek hangulat\u00e1t. Egyik\u00fcnk sem sz\u00e1rmazik utaz\u00f3 csal\u00e1db\u00f3l. Val\u00f3j\u00e1ban \u00e9vekkel [&hellip;]<\/p>\n","protected":false},"author":1,"featured_media":0,"parent":0,"menu_order":0,"comment_status":"open","ping_status":"closed","template":"","meta":{"_uag_custom_page_level_css":"","site-sidebar-layout":"default","site-content-layout":"default","ast-site-content-layout":"normal-width-container","site-content-style":"default","site-sidebar-style":"default","ast-global-header-display":"","ast-banner-title-visibility":"","ast-main-header-display":"","ast-hfb-above-header-display":"","ast-hfb-below-header-display":"","ast-hfb-mobile-header-display":"","site-post-title":"disabled","ast-breadcrumbs-content":"","ast-featured-img":"","footer-sml-layout":"","ast-disable-related-posts":"","theme-transparent-header-meta":"default","adv-header-id-meta":"","stick-header-meta":"default","header-above-stick-meta":"","header-main-stick-meta":"","header-below-stick-meta":"","astra-migrate-meta-layouts":"default","ast-page-background-enabled":"default","ast-page-background-meta":{"desktop":{"background-color":"","background-image":"","background-repeat":"repeat","background-position":"center center","background-size":"auto","background-attachment":"scroll","background-type":"","background-media":"","overlay-type":"","overlay-color":"","overlay-opacity":"","overlay-gradient":""},"tablet":{"background-color":"","background-image":"","background-repeat":"repeat","background-position":"center center","background-size":"auto","background-attachment":"scroll","background-type":"","background-media":"","overlay-type":"","overlay-color":"","overlay-opacity":"","overlay-gradient":""},"mobile":{"background-color":"","background-image":"","background-repeat":"repeat","background-position":"center center","background-size":"auto","background-attachment":"scroll","background-type":"","background-media":"","overlay-type":"","overlay-color":"","overlay-opacity":"","overlay-gradient":""}},"ast-content-background-meta":{"desktop":{"background-color":"var(--ast-global-color-5)","background-image":"","background-repeat":"repeat","background-position":"center center","background-size":"auto","background-attachment":"scroll","background-type":"","background-media":"","overlay-type":"","overlay-color":"","overlay-opacity":"","overlay-gradient":""},"tablet":{"background-color":"var(--ast-global-color-5)","background-image":"","background-repeat":"repeat","background-position":"center center","background-size":"auto","background-attachment":"scroll","background-type":"","background-media":"","overlay-type":"","overlay-color":"","overlay-opacity":"","overlay-gradient":""},"mobile":{"background-color":"var(--ast-global-color-5)","background-image":"","background-repeat":"repeat","background-position":"center center","background-size":"auto","background-attachment":"scroll","background-type":"","background-media":"","overlay-type":"","overlay-color":"","overlay-opacity":"","overlay-gradient":""}},"footnotes":""},"class_list":["post-88720","page","type-page","status-publish","hentry"],"yoast_head":"<!-- This site is optimized with the Yoast SEO plugin v27.4 - https:\/\/yoast.com\/product\/yoast-seo-wordpress\/ -->\n<title>R\u00d3LUNK - SMILING WAY<\/title>\n<meta name=\"robots\" content=\"index, follow, max-snippet:-1, max-image-preview:large, max-video-preview:-1\" \/>\n<link rel=\"canonical\" href=\"https:\/\/smilingway.cz\/hu\/rolunk\/\" \/>\n<meta property=\"og:locale\" content=\"hu_HU\" \/>\n<meta property=\"og:type\" content=\"article\" \/>\n<meta property=\"og:title\" content=\"R\u00d3LUNK - SMILING WAY\" \/>\n<meta property=\"og:description\" content=\"\u00dcdv\u00f6z\u00f6lj\u00fck a blogunkon! N\u00e9gytag\u00fa csal\u00e1d vagyunk Nyugat-Csehorsz\u00e1gb\u00f3l, akik szeretnek felfedezni, felfedezni \u00e9s magunkba sz\u00edvni az \u00faj helyek hangulat\u00e1t. Egyik\u00fcnk sem sz\u00e1rmazik utaz\u00f3 csal\u00e1db\u00f3l. Val\u00f3j\u00e1ban \u00e9vekkel [&hellip;]\" \/>\n<meta property=\"og:url\" content=\"https:\/\/smilingway.cz\/hu\/rolunk\/\" \/>\n<meta property=\"og:site_name\" content=\"SMILING WAY\" \/>\n<meta property=\"article:publisher\" content=\"https:\/\/www.facebook.com\/smilingwaycz\/\" \/>\n<meta property=\"article:modified_time\" content=\"2024-04-30T11:28:27+00:00\" \/>\n<meta property=\"og:image\" content=\"https:\/\/smilingway.cz\/wp-content\/uploads\/2023\/02\/IMG_20180707_152138-1024x768-1-2.jpg\" \/>\n<meta name=\"twitter:card\" content=\"summary_large_image\" \/>\n<meta name=\"twitter:site\" content=\"@smilingwaycz\" \/>\n<meta name=\"twitter:label1\" content=\"Becs\u00fclt olvas\u00e1si id\u0151\" \/>\n\t<meta name=\"twitter:data1\" content=\"2 perc\" \/>\n<!-- \/ Yoast SEO plugin. -->","yoast_head_json":{"title":"R\u00d3LUNK - SMILING WAY","robots":{"index":"index","follow":"follow","max-snippet":"max-snippet:-1","max-image-preview":"max-image-preview:large","max-video-preview":"max-video-preview:-1"},"canonical":"https:\/\/smilingway.cz\/hu\/rolunk\/","og_locale":"hu_HU","og_type":"article","og_title":"R\u00d3LUNK - SMILING WAY","og_description":"\u00dcdv\u00f6z\u00f6lj\u00fck a blogunkon! N\u00e9gytag\u00fa csal\u00e1d vagyunk Nyugat-Csehorsz\u00e1gb\u00f3l, akik szeretnek felfedezni, felfedezni \u00e9s magunkba sz\u00edvni az \u00faj helyek hangulat\u00e1t. Egyik\u00fcnk sem sz\u00e1rmazik utaz\u00f3 csal\u00e1db\u00f3l. Val\u00f3j\u00e1ban \u00e9vekkel [&hellip;]","og_url":"https:\/\/smilingway.cz\/hu\/rolunk\/","og_site_name":"SMILING WAY","article_publisher":"https:\/\/www.facebook.com\/smilingwaycz\/","article_modified_time":"2024-04-30T11:28:27+00:00","og_image":[{"url":"https:\/\/smilingway.cz\/wp-content\/uploads\/2023\/02\/IMG_20180707_152138-1024x768-1-2.jpg","type":"","width":"","height":""}],"twitter_card":"summary_large_image","twitter_site":"@smilingwaycz","twitter_misc":{"Becs\u00fclt olvas\u00e1si id\u0151":"2 perc"},"schema":{"@context":"https:\/\/schema.org","@graph":[{"@type":"WebPage","@id":"https:\/\/smilingway.cz\/hu\/rolunk\/","url":"https:\/\/smilingway.cz\/hu\/rolunk\/","name":"R\u00d3LUNK - SMILING WAY","isPartOf":{"@id":"https:\/\/smilingway.cz\/hu\/#website"},"primaryImageOfPage":{"@id":"https:\/\/smilingway.cz\/hu\/rolunk\/#primaryimage"},"image":{"@id":"https:\/\/smilingway.cz\/hu\/rolunk\/#primaryimage"},"thumbnailUrl":"https:\/\/smilingway.cz\/wp-content\/uploads\/2023\/02\/IMG_20180707_152138-1024x768-1-2.jpg","datePublished":"2023-02-11T18:11:00+00:00","dateModified":"2024-04-30T11:28:27+00:00","breadcrumb":{"@id":"https:\/\/smilingway.cz\/hu\/rolunk\/#breadcrumb"},"inLanguage":"hu","potentialAction":[{"@type":"ReadAction","target":["https:\/\/smilingway.cz\/hu\/rolunk\/"]}]},{"@type":"ImageObject","inLanguage":"hu","@id":"https:\/\/smilingway.cz\/hu\/rolunk\/#primaryimage","url":"https:\/\/smilingway.cz\/wp-content\/uploads\/2023\/02\/IMG_20180707_152138-1024x768-1-2.jpg","contentUrl":"https:\/\/smilingway.cz\/wp-content\/uploads\/2023\/02\/IMG_20180707_152138-1024x768-1-2.jpg"},{"@type":"BreadcrumbList","@id":"https:\/\/smilingway.cz\/hu\/rolunk\/#breadcrumb","itemListElement":[{"@type":"ListItem","position":1,"name":"Home","item":"https:\/\/smilingway.cz\/hu\/"},{"@type":"ListItem","position":2,"name":"R\u00d3LUNK"}]},{"@type":"WebSite","@id":"https:\/\/smilingway.cz\/hu\/#website","url":"https:\/\/smilingway.cz\/hu\/","name":"Smiling Way","description":"Utaz\u00e1si tippek, inspir\u00e1ci\u00f3 \u00e9s \u00fatmutat\u00f3k","publisher":{"@id":"https:\/\/smilingway.cz\/hu\/#\/schema\/person\/1bb9c7a0f759e37cc3c643cfcf64b9ee"},"potentialAction":[{"@type":"SearchAction","target":{"@type":"EntryPoint","urlTemplate":"https:\/\/smilingway.cz\/hu\/?s={search_term_string}"},"query-input":{"@type":"PropertyValueSpecification","valueRequired":true,"valueName":"search_term_string"}}],"inLanguage":"hu"},{"@type":["Person","Organization"],"@id":"https:\/\/smilingway.cz\/hu\/#\/schema\/person\/1bb9c7a0f759e37cc3c643cfcf64b9ee","name":"Blanka","image":{"@type":"ImageObject","inLanguage":"hu","@id":"https:\/\/smilingway.cz\/wp-content\/uploads\/2023\/08\/IMG_20190712_115524_optimized-1-1024x768-1.jpg","url":"https:\/\/smilingway.cz\/wp-content\/uploads\/2023\/08\/IMG_20190712_115524_optimized-1-1024x768-1.jpg","contentUrl":"https:\/\/smilingway.cz\/wp-content\/uploads\/2023\/08\/IMG_20190712_115524_optimized-1-1024x768-1.jpg","width":1024,"height":768,"caption":"Blanka"},"logo":{"@id":"https:\/\/smilingway.cz\/wp-content\/uploads\/2023\/08\/IMG_20190712_115524_optimized-1-1024x768-1.jpg"},"sameAs":["https:\/\/www.facebook.com\/smilingwaycz\/","https:\/\/cz.pinterest.com\/smilingwaycz\/","https:\/\/x.com\/smilingwaycz"]}]}},"spectra_custom_meta":{"_wpml_media_featured":["1"],"adv-header-id-meta":[""],"stick-header-meta":["default"],"site-sidebar-layout":["default"],"site-content-layout":["default"],"theme-transparent-header-meta":["default"],"_top_nav_excluded":[""],"_cms_nav_minihome":[""],"_wp_page_template":["default"],"_last_translation_edit_mode":["translation-editor"],"_wpml_word_count":["{\"total\":514,\"to_translate\":{\"cs\":514,\"en\":514,\"de\":514,\"ro\":514}}"],"saswp_schema_type_product_pros_enable_cons":["0"],"site-post-title":["disabled"],"_wpml_media_duplicate":["0"],"ast-site-content-layout":["normal-width-container"],"_wpml_media_has_media":["1"],"_uag_page_assets":["a:9:{s:3:\"css\";s:0:\"\";s:2:\"js\";s:0:\"\";s:18:\"current_block_list\";a:5:{i:0;s:12:\"core\/columns\";i:1;s:11:\"core\/column\";i:2;s:11:\"core\/spacer\";i:3;s:14:\"core\/paragraph\";i:5;s:10:\"core\/image\";}s:8:\"uag_flag\";b:0;s:11:\"uag_version\";s:10:\"1776670595\";s:6:\"gfonts\";a:1:{s:7:\"Default\";a:2:{s:10:\"fontfamily\";s:7:\"Default\";s:12:\"fontvariants\";a:0:{}}}s:10:\"gfonts_url\";s:71:\"\/\/fonts.googleapis.com\/css?family=Default&subset=latin&display=fallback\";s:12:\"gfonts_files\";a:0:{}s:14:\"uag_faq_layout\";b:0;}"]},"uagb_featured_image_src":{"full":false,"thumbnail":false,"medium":false,"medium_large":false,"large":false,"1536x1536":false,"2048x2048":false},"uagb_author_info":{"display_name":"Blanka","author_link":"https:\/\/smilingway.cz\/hu\/author\/admin\/"},"uagb_comment_info":0,"uagb_excerpt":"\u00dcdv\u00f6z\u00f6lj\u00fck a blogunkon! N\u00e9gytag\u00fa csal\u00e1d vagyunk Nyugat-Csehorsz\u00e1gb\u00f3l, akik szeretnek felfedezni, felfedezni \u00e9s magunkba sz\u00edvni az \u00faj helyek hangulat\u00e1t. Egyik\u00fcnk sem sz\u00e1rmazik utaz\u00f3 csal\u00e1db\u00f3l. Val\u00f3j\u00e1ban \u00e9vekkel [&hellip;]","_links":{"self":[{"href":"https:\/\/smilingway.cz\/hu\/wp-json\/wp\/v2\/pages\/88720","targetHints":{"allow":["GET"]}}],"collection":[{"href":"https:\/\/smilingway.cz\/hu\/wp-json\/wp\/v2\/pages"}],"about":[{"href":"https:\/\/smilingway.cz\/hu\/wp-json\/wp\/v2\/types\/page"}],"author":[{"embeddable":true,"href":"https:\/\/smilingway.cz\/hu\/wp-json\/wp\/v2\/users\/1"}],"replies":[{"embeddable":true,"href":"https:\/\/smilingway.cz\/hu\/wp-json\/wp\/v2\/comments?post=88720"}],"version-history":[{"count":0,"href":"https:\/\/smilingway.cz\/hu\/wp-json\/wp\/v2\/pages\/88720\/revisions"}],"wp:attachment":[{"href":"https:\/\/smilingway.cz\/hu\/wp-json\/wp\/v2\/media?parent=88720"}],"curies":[{"name":"wp","href":"https:\/\/api.w.org\/{rel}","templated":true}]}}