{"id":88714,"date":"2023-02-03T19:25:00","date_gmt":"2023-02-03T19:25:00","guid":{"rendered":"https:\/\/smilingway.cz\/kapcsolat\/"},"modified":"2024-05-14T20:19:30","modified_gmt":"2024-05-14T20:19:30","slug":"kapcsolat","status":"publish","type":"page","link":"https:\/\/smilingway.cz\/hu\/kapcsolat\/","title":{"rendered":"KAPCSOLAT"},"content":{"rendered":"\n<p style=\"font-size:24px\">\u00dcdv\u00f6z\u00f6lj\u00fck!<\/p>\n\n<div style=\"height:41px\" aria-hidden=\"true\" class=\"wp-block-spacer\"><\/div>\n\n<p>Ha b\u00e1rmilyen k\u00e9rd\u00e9se van, nyugodtan tegye fel a cikkek alatti hozz\u00e1sz\u00f3l\u00e1sokban. Ez a leggyorsabb m\u00f3dja annak, hogy v\u00e1laszoljunk \u00d6nnek. Ugyanakkor a k\u00e9rd\u00e9se seg\u00edthet m\u00e1s olvas\u00f3knak is. <\/p>\n\n<p>\u00cdrjon a email@smilingway.cz c\u00edmre. N\u00e9h\u00e1ny napon bel\u00fcl v\u00e1laszolok. <\/p>\n\n<div style=\"height:40px\" aria-hidden=\"true\" class=\"wp-block-spacer\"><\/div>\n\n<p>K\u00f6sz\u00f6nj\u00fck minden visszajelz\u00e9s\u00e9t, \u00e9s v\u00e1rjuk, hogy halljunk \u00d6nr\u0151l.  <\/p>\n\n<p>Blanka \u00e9s Petr<\/p>\n","protected":false},"excerpt":{"rendered":"<p>\u00dcdv\u00f6z\u00f6lj\u00fck! Ha b\u00e1rmilyen k\u00e9rd\u00e9se van, nyugodtan tegye fel a cikkek alatti hozz\u00e1sz\u00f3l\u00e1sokban. Ez a leggyorsabb m\u00f3dja annak, hogy v\u00e1laszoljunk \u00d6nnek. Ugyanakkor a k\u00e9rd\u00e9se seg\u00edthet m\u00e1s [&hellip;]<\/p>\n","protected":false},"author":1,"featured_media":0,"parent":0,"menu_order":0,"comment_status":"closed","ping_status":"closed","template":"","meta":{"_uag_custom_page_level_css":"","site-sidebar-layout":"right-sidebar","site-content-layout":"default","ast-site-content-layout":"normal-width-container","site-content-style":"boxed","site-sidebar-style":"default","ast-global-header-display":"","ast-banner-title-visibility":"","ast-main-header-display":"","ast-hfb-above-header-display":"","ast-hfb-below-header-display":"","ast-hfb-mobile-header-display":"","site-post-title":"disabled","ast-breadcrumbs-content":"","ast-featured-img":"","footer-sml-layout":"","ast-disable-related-posts":"","theme-transparent-header-meta":"default","adv-header-id-meta":"","stick-header-meta":"default","header-above-stick-meta":"","header-main-stick-meta":"","header-below-stick-meta":"","astra-migrate-meta-layouts":"default","ast-page-background-enabled":"default","ast-page-background-meta":{"desktop":{"background-color":"","background-image":"","background-repeat":"repeat","background-position":"center center","background-size":"auto","background-attachment":"scroll","background-type":"","background-media":"","overlay-type":"","overlay-color":"","overlay-opacity":"","overlay-gradient":""},"tablet":{"background-color":"","background-image":"","background-repeat":"repeat","background-position":"center center","background-size":"auto","background-attachment":"scroll","background-type":"","background-media":"","overlay-type":"","overlay-color":"","overlay-opacity":"","overlay-gradient":""},"mobile":{"background-color":"","background-image":"","background-repeat":"repeat","background-position":"center center","background-size":"auto","background-attachment":"scroll","background-type":"","background-media":"","overlay-type":"","overlay-color":"","overlay-opacity":"","overlay-gradient":""}},"ast-content-background-meta":{"desktop":{"background-color":"var(--ast-global-color-5)","background-image":"","background-repeat":"repeat","background-position":"center center","background-size":"auto","background-attachment":"scroll","background-type":"","background-media":"","overlay-type":"","overlay-color":"","overlay-opacity":"","overlay-gradient":""},"tablet":{"background-color":"var(--ast-global-color-5)","background-image":"","background-repeat":"repeat","background-position":"center center","background-size":"auto","background-attachment":"scroll","background-type":"","background-media":"","overlay-type":"","overlay-color":"","overlay-opacity":"","overlay-gradient":""},"mobile":{"background-color":"var(--ast-global-color-5)","background-image":"","background-repeat":"repeat","background-position":"center center","background-size":"auto","background-attachment":"scroll","background-type":"","background-media":"","overlay-type":"","overlay-color":"","overlay-opacity":"","overlay-gradient":""}},"footnotes":""},"class_list":["post-88714","page","type-page","status-publish","hentry"],"yoast_head":"<!-- This site is optimized with the Yoast SEO plugin v27.3 - https:\/\/yoast.com\/product\/yoast-seo-wordpress\/ -->\n<title>KAPCSOLAT - SMILING WAY<\/title>\n<meta name=\"robots\" content=\"index, follow, max-snippet:-1, max-image-preview:large, max-video-preview:-1\" \/>\n<link rel=\"canonical\" href=\"https:\/\/smilingway.cz\/hu\/kapcsolat\/\" \/>\n<meta property=\"og:locale\" content=\"hu_HU\" \/>\n<meta property=\"og:type\" content=\"article\" \/>\n<meta property=\"og:title\" content=\"KAPCSOLAT - SMILING WAY\" \/>\n<meta property=\"og:description\" content=\"\u00dcdv\u00f6z\u00f6lj\u00fck! Ha b\u00e1rmilyen k\u00e9rd\u00e9se van, nyugodtan tegye fel a cikkek alatti hozz\u00e1sz\u00f3l\u00e1sokban. Ez a leggyorsabb m\u00f3dja annak, hogy v\u00e1laszoljunk \u00d6nnek. Ugyanakkor a k\u00e9rd\u00e9se seg\u00edthet m\u00e1s [&hellip;]\" \/>\n<meta property=\"og:url\" content=\"https:\/\/smilingway.cz\/hu\/kapcsolat\/\" \/>\n<meta property=\"og:site_name\" content=\"SMILING WAY\" \/>\n<meta property=\"article:publisher\" content=\"https:\/\/www.facebook.com\/smilingwaycz\/\" \/>\n<meta property=\"article:modified_time\" content=\"2024-05-14T20:19:30+00:00\" \/>\n<meta name=\"twitter:card\" content=\"summary_large_image\" \/>\n<meta name=\"twitter:site\" content=\"@smilingwaycz\" \/>\n<!-- \/ Yoast SEO plugin. -->","yoast_head_json":{"title":"KAPCSOLAT - SMILING WAY","robots":{"index":"index","follow":"follow","max-snippet":"max-snippet:-1","max-image-preview":"max-image-preview:large","max-video-preview":"max-video-preview:-1"},"canonical":"https:\/\/smilingway.cz\/hu\/kapcsolat\/","og_locale":"hu_HU","og_type":"article","og_title":"KAPCSOLAT - SMILING WAY","og_description":"\u00dcdv\u00f6z\u00f6lj\u00fck! Ha b\u00e1rmilyen k\u00e9rd\u00e9se van, nyugodtan tegye fel a cikkek alatti hozz\u00e1sz\u00f3l\u00e1sokban. Ez a leggyorsabb m\u00f3dja annak, hogy v\u00e1laszoljunk \u00d6nnek. Ugyanakkor a k\u00e9rd\u00e9se seg\u00edthet m\u00e1s [&hellip;]","og_url":"https:\/\/smilingway.cz\/hu\/kapcsolat\/","og_site_name":"SMILING WAY","article_publisher":"https:\/\/www.facebook.com\/smilingwaycz\/","article_modified_time":"2024-05-14T20:19:30+00:00","twitter_card":"summary_large_image","twitter_site":"@smilingwaycz","schema":{"@context":"https:\/\/schema.org","@graph":[{"@type":"WebPage","@id":"https:\/\/smilingway.cz\/hu\/kapcsolat\/","url":"https:\/\/smilingway.cz\/hu\/kapcsolat\/","name":"KAPCSOLAT - SMILING WAY","isPartOf":{"@id":"https:\/\/smilingway.cz\/hu\/#website"},"datePublished":"2023-02-03T19:25:00+00:00","dateModified":"2024-05-14T20:19:30+00:00","breadcrumb":{"@id":"https:\/\/smilingway.cz\/hu\/kapcsolat\/#breadcrumb"},"inLanguage":"hu","potentialAction":[{"@type":"ReadAction","target":["https:\/\/smilingway.cz\/hu\/kapcsolat\/"]}]},{"@type":"BreadcrumbList","@id":"https:\/\/smilingway.cz\/hu\/kapcsolat\/#breadcrumb","itemListElement":[{"@type":"ListItem","position":1,"name":"Home","item":"https:\/\/smilingway.cz\/hu\/"},{"@type":"ListItem","position":2,"name":"KAPCSOLAT"}]},{"@type":"WebSite","@id":"https:\/\/smilingway.cz\/hu\/#website","url":"https:\/\/smilingway.cz\/hu\/","name":"Smiling Way","description":"Utaz\u00e1si tippek, inspir\u00e1ci\u00f3 \u00e9s \u00fatmutat\u00f3k","publisher":{"@id":"https:\/\/smilingway.cz\/hu\/#\/schema\/person\/1bb9c7a0f759e37cc3c643cfcf64b9ee"},"potentialAction":[{"@type":"SearchAction","target":{"@type":"EntryPoint","urlTemplate":"https:\/\/smilingway.cz\/hu\/?s={search_term_string}"},"query-input":{"@type":"PropertyValueSpecification","valueRequired":true,"valueName":"search_term_string"}}],"inLanguage":"hu"},{"@type":["Person","Organization"],"@id":"https:\/\/smilingway.cz\/hu\/#\/schema\/person\/1bb9c7a0f759e37cc3c643cfcf64b9ee","name":"Blanka","image":{"@type":"ImageObject","inLanguage":"hu","@id":"https:\/\/smilingway.cz\/wp-content\/uploads\/2023\/08\/IMG_20190712_115524_optimized-1-1024x768-1.jpg","url":"https:\/\/smilingway.cz\/wp-content\/uploads\/2023\/08\/IMG_20190712_115524_optimized-1-1024x768-1.jpg","contentUrl":"https:\/\/smilingway.cz\/wp-content\/uploads\/2023\/08\/IMG_20190712_115524_optimized-1-1024x768-1.jpg","width":1024,"height":768,"caption":"Blanka"},"logo":{"@id":"https:\/\/smilingway.cz\/wp-content\/uploads\/2023\/08\/IMG_20190712_115524_optimized-1-1024x768-1.jpg"},"sameAs":["https:\/\/www.facebook.com\/smilingwaycz\/","https:\/\/cz.pinterest.com\/smilingwaycz\/","https:\/\/x.com\/smilingwaycz"]}]}},"spectra_custom_meta":{"_wpml_media_duplicate":["0"],"_wpml_media_featured":["1"],"adv-header-id-meta":[""],"stick-header-meta":["default"],"site-post-title":["disabled"],"site-content-layout":["default"],"theme-transparent-header-meta":["default"],"_top_nav_excluded":[""],"_cms_nav_minihome":[""],"_wp_page_template":["default"],"_last_translation_edit_mode":["translation-editor"],"_wpml_word_count":["{\"total\":19,\"to_translate\":{\"cs\":19,\"en\":19,\"de\":19,\"ro\":19}}"],"saswp_schema_type_product_pros_enable_cons":["0"],"ast-site-content-layout":["normal-width-container"],"site-content-style":["boxed"],"site-sidebar-layout":["right-sidebar"],"_uag_page_assets":["a:9:{s:3:\"css\";s:0:\"\";s:2:\"js\";s:0:\"\";s:18:\"current_block_list\";a:5:{i:0;s:14:\"core\/paragraph\";i:1;s:11:\"core\/spacer\";i:2;s:10:\"core\/image\";i:3;s:10:\"core\/group\";i:4;s:9:\"core\/html\";}s:8:\"uag_flag\";b:0;s:11:\"uag_version\";s:10:\"1775192733\";s:6:\"gfonts\";a:1:{s:7:\"Default\";a:2:{s:10:\"fontfamily\";s:7:\"Default\";s:12:\"fontvariants\";a:0:{}}}s:10:\"gfonts_url\";s:71:\"\/\/fonts.googleapis.com\/css?family=Default&subset=latin&display=fallback\";s:12:\"gfonts_files\";a:0:{}s:14:\"uag_faq_layout\";b:0;}"]},"uagb_featured_image_src":{"full":false,"thumbnail":false,"medium":false,"medium_large":false,"large":false,"1536x1536":false,"2048x2048":false},"uagb_author_info":{"display_name":"Blanka","author_link":"https:\/\/smilingway.cz\/hu\/author\/admin\/"},"uagb_comment_info":0,"uagb_excerpt":"\u00dcdv\u00f6z\u00f6lj\u00fck! Ha b\u00e1rmilyen k\u00e9rd\u00e9se van, nyugodtan tegye fel a cikkek alatti hozz\u00e1sz\u00f3l\u00e1sokban. Ez a leggyorsabb m\u00f3dja annak, hogy v\u00e1laszoljunk \u00d6nnek. Ugyanakkor a k\u00e9rd\u00e9se seg\u00edthet m\u00e1s [&hellip;]","_links":{"self":[{"href":"https:\/\/smilingway.cz\/hu\/wp-json\/wp\/v2\/pages\/88714","targetHints":{"allow":["GET"]}}],"collection":[{"href":"https:\/\/smilingway.cz\/hu\/wp-json\/wp\/v2\/pages"}],"about":[{"href":"https:\/\/smilingway.cz\/hu\/wp-json\/wp\/v2\/types\/page"}],"author":[{"embeddable":true,"href":"https:\/\/smilingway.cz\/hu\/wp-json\/wp\/v2\/users\/1"}],"replies":[{"embeddable":true,"href":"https:\/\/smilingway.cz\/hu\/wp-json\/wp\/v2\/comments?post=88714"}],"version-history":[{"count":0,"href":"https:\/\/smilingway.cz\/hu\/wp-json\/wp\/v2\/pages\/88714\/revisions"}],"wp:attachment":[{"href":"https:\/\/smilingway.cz\/hu\/wp-json\/wp\/v2\/media?parent=88714"}],"curies":[{"name":"wp","href":"https:\/\/api.w.org\/{rel}","templated":true}]}}