{"id":88688,"date":"2021-12-19T07:38:15","date_gmt":"2021-12-19T07:38:15","guid":{"rendered":"https:\/\/smilingway.cz\/sutik\/"},"modified":"2022-06-08T10:50:18","modified_gmt":"2022-06-08T10:50:18","slug":"sutik","status":"publish","type":"page","link":"https:\/\/smilingway.cz\/hu\/sutik\/","title":{"rendered":"S\u00fctik"},"content":{"rendered":"\n<p>A nevem Blanka Odv\u00e1rkov\u00e1 \u00e9s \u00e9n vagyok a<a href=\"https:\/\/smilingway.cz\/hu\/\"> smilingway.cz<\/a> \u00fczemeltet\u0151je.<\/p>\n\n<p>El\u00e9rhet\u0151s\u00e9geim a k\u00f6vetkez\u0151k:  <\/p>\n\n<ul class=\"wp-block-list\"><li>C\u00edm: Zahradn\u00ed 615, 357 31 Horn\u00ed Slavkov, \u010cesk\u00e1 republika<\/li><li>E-mail: <a href=\"mailto:napis@smilingway.cz\">napis@smilingway.cz<\/a><\/li><\/ul>\n<h2 class=\"wp-block-heading\">Mik azok a s\u00fctik?  <\/h2>\n\n<p>A s\u00fctik olyan kis sz\u00f6veges f\u00e1jlok, amelyeket egy weboldal k\u00fcld az \u00d6n b\u00f6ng\u00e9sz\u0151j\u00e9nek, amely azt\u00e1n az \u00d6n eszk\u00f6z\u00e9n (sz\u00e1m\u00edt\u00f3g\u00e9p, mobil, t\u00e1blag\u00e9p) t\u00e1rolja \u0151ket. Ez seg\u00edt nekem elemezni, hogy milyen cikkek tetszenek az oldalon, rendszeresen visszaj\u00e1rsz-e, mit kell jav\u00edtani, stb. A s\u00fctiknek k\u00f6sz\u00f6nhet\u0151en nem kell \u00fajra \u00e9s \u00fajra kit\u00f6ltenie adatait az interneten. Ezek olyan kis seg\u00edt\u0151k, amelyek megk\u00f6nny\u00edtik az interneten val\u00f3 b\u00f6ng\u00e9sz\u00e9st \u00e9s munk\u00e1t.<\/p>\n\n<h2 class=\"wp-block-heading\">Milyen t\u00edpus\u00fa s\u00fctiket haszn\u00e1lok?  <\/h2>\n\n<p><strong>Technikai \u00e9s funkcion\u00e1lis s\u00fctik<\/strong>, amelyek sz\u00fcks\u00e9gesek ahhoz, hogy a weboldal biztons\u00e1gosan \u00e9s biztons\u00e1gosan jelenjen meg az \u00d6n sz\u00e1m\u00e1ra. Nem lehet kikapcsolni \u0151ket.  <\/p>\n\n<p><strong>Az analitikai s\u00fctik<\/strong> seg\u00edtenek meg\u00e9rteni \u00e9s elemezni, hogy milyen cikkek \u00e9rdeklik \u00d6nt legink\u00e1bb, \u00e9s mire keres r\u00e1 leggyakrabban. Ez lehet\u0151v\u00e9 teszi sz\u00e1momra, hogy folyamatosan fejlesszem az oldalt, \u00e9s az \u00d6n preferenci\u00e1inak megfelel\u0151en hozzam l\u00e9tre a cikkeket.<\/p>\n\n<p>A <strong>marketing s\u00fctiknek <\/strong>k\u00f6sz\u00f6nhet\u0151en csak az \u00d6nt \u00e9rdekl\u0151 rekl\u00e1mokat l\u00e1thatja.  <\/p>\n\n<h2 class=\"wp-block-heading\">Milyen alapon dolgozom fel a s\u00fctiket?  <\/h2>\n\n<p>A funkcion\u00e1lis s\u00fctiket a Cookie-adatb\u00e1zis szolg\u00e1ltat\u00f3ja, a Cookiesdatabase.org (sz\u00e9khelye: Kalmarweg 14-5, Groningen, Hollandia) kezeli, az <a href=\"https:\/\/cookiedatabase.org\/legal\/privacy-statement-eu\/\">\u0151 felt\u00e9teleivel<\/a> \u00f6sszhangban.  <\/p>\n\n<p>Csak akkor kezelek analitikai s\u00fctiket, ha \u00d6n ehhez hozz\u00e1j\u00e1rul\u00e1s\u00e1t adja. A s\u00fctiket a Google Ireland Ltd., sz\u00e9khelye: Google Building Gordon House, 4 Barrow St, Dublin, D04 E5W5, \u00cdrorsz\u00e1g, kezeli a Google<a href=\"https:\/\/policies.google.com\/technologies\/cookies?hl=cs\"> felt\u00e9teleinek<\/a>megfelel\u0151en. <\/p>\n\n<h2 class=\"wp-block-heading\">Hogyan lehet elt\u00e1vol\u00edtani a s\u00fctiket?  <\/h2>\n\n<p>A s\u00fctiket egyszer\u0171en elt\u00e1vol\u00edthatja a b\u00f6ng\u00e9sz\u0151 el\u0151zm\u00e9nyeinek t\u00f6rl\u00e9s\u00e9vel.  <\/p>\n\n<h2 class=\"wp-block-heading\">Hogyan lehet letiltani a s\u00fctiket?  <\/h2>\n\n<p>Az al\u00e1bbiakban \u00fatmutat\u00e1st tal\u00e1l arra vonatkoz\u00f3an, hogyan tilthatja le a s\u00fctiket az egyes b\u00f6ng\u00e9sz\u0151kben:<\/p>\n\n<ul class=\"wp-block-list\"><li><a href=\"https:\/\/support.google.com\/accounts\/answer\/61416?hl=cs\">Kr\u00f3m<\/a><\/li><li><a href=\"https:\/\/support.mozilla.org\/cs\/kb\/vymazani-cookies-dat-stranek?redirectlocale=cs&amp;redirectslug=vymazani-cookies\">Firefox<\/a><\/li><li><a href=\"https:\/\/support.microsoft.com\/cs-cz\/help\/17442\/windows-internet-explorer-delete-manage-cookies\">Internet Explorer<\/a><\/li><li><a href=\"https:\/\/help.opera.com\/cs\/latest\/web-preferences\/\">Opera<\/a><\/li><li><a href=\"https:\/\/napoveda.seznam.cz\/cz\/email\/seznam.cz-prohlizec\/smazani-docasnych-souboru-cookies-seznam\/\">Lista<\/a><\/li><li><a href=\"https:\/\/support.google.com\/chrome\/answer\/2392709?visit_id=1-636270856459123937-2696746637&amp;rd=1&amp;co=GENIE.Platform%3DAndroid&amp;oco=1\">Android<\/a><\/li><li><a href=\"https:\/\/support.apple.com\/cs-cz\/guide\/safari\/sfri11471\/mac\">Szafari<\/a><\/li><li><a href=\"https:\/\/support.microsoft.com\/cs-cz\/windows\/microsoft-edge-data-o-proch%C3%A1zen%C3%AD-a-ochrana-soukrom%C3%AD-bb8174ba-9d73-dcf2-9b4a-c582b4e640dd\">Microsoft Edge<\/a><\/li><\/ul>\n<p>A szem\u00e9lyes adatok feldolgoz\u00e1s\u00e1val kapcsolatos tov\u00e1bbi inform\u00e1ci\u00f3k <a href=\"https:\/\/smilingway.cz\/zasady-o-ochrane-osobnich-udaju\/\" target=\"_blank\" rel=\"noreferrer noopener\">itt<\/a> tal\u00e1lhat\u00f3k.  <\/p>\n\n<p>Ezek a h\u00e1zirendek szinkroniz\u00e1l\u00e1sra ker\u00fcltek a <a href=\"https:\/\/cookiedatabase.org\/\" target=\"_blank\" rel=\"noreferrer noopener\">cookiedatabase.org<\/a> 19. 12. 2021.<\/p>\n","protected":false},"excerpt":{"rendered":"<p>A nevem Blanka Odv\u00e1rkov\u00e1 \u00e9s \u00e9n vagyok a smilingway.cz \u00fczemeltet\u0151je. El\u00e9rhet\u0151s\u00e9geim a k\u00f6vetkez\u0151k: C\u00edm: Zahradn\u00ed 615, 357 31 Horn\u00ed Slavkov, \u010cesk\u00e1 republika E-mail: napis@smilingway.cz Mik [&hellip;]<\/p>\n","protected":false},"author":1,"featured_media":0,"parent":0,"menu_order":0,"comment_status":"closed","ping_status":"closed","template":"","meta":{"_uag_custom_page_level_css":"","site-sidebar-layout":"default","site-content-layout":"","ast-site-content-layout":"default","site-content-style":"default","site-sidebar-style":"default","ast-global-header-display":"","ast-banner-title-visibility":"","ast-main-header-display":"","ast-hfb-above-header-display":"","ast-hfb-below-header-display":"","ast-hfb-mobile-header-display":"","site-post-title":"","ast-breadcrumbs-content":"","ast-featured-img":"","footer-sml-layout":"","ast-disable-related-posts":"","theme-transparent-header-meta":"","adv-header-id-meta":"","stick-header-meta":"","header-above-stick-meta":"","header-main-stick-meta":"","header-below-stick-meta":"","astra-migrate-meta-layouts":"default","ast-page-background-enabled":"default","ast-page-background-meta":{"desktop":{"background-color":"","background-image":"","background-repeat":"repeat","background-position":"center center","background-size":"auto","background-attachment":"scroll","background-type":"","background-media":"","overlay-type":"","overlay-color":"","overlay-opacity":"","overlay-gradient":""},"tablet":{"background-color":"","background-image":"","background-repeat":"repeat","background-position":"center center","background-size":"auto","background-attachment":"scroll","background-type":"","background-media":"","overlay-type":"","overlay-color":"","overlay-opacity":"","overlay-gradient":""},"mobile":{"background-color":"","background-image":"","background-repeat":"repeat","background-position":"center center","background-size":"auto","background-attachment":"scroll","background-type":"","background-media":"","overlay-type":"","overlay-color":"","overlay-opacity":"","overlay-gradient":""}},"ast-content-background-meta":{"desktop":{"background-color":"var(--ast-global-color-5)","background-image":"","background-repeat":"repeat","background-position":"center center","background-size":"auto","background-attachment":"scroll","background-type":"","background-media":"","overlay-type":"","overlay-color":"","overlay-opacity":"","overlay-gradient":""},"tablet":{"background-color":"var(--ast-global-color-5)","background-image":"","background-repeat":"repeat","background-position":"center center","background-size":"auto","background-attachment":"scroll","background-type":"","background-media":"","overlay-type":"","overlay-color":"","overlay-opacity":"","overlay-gradient":""},"mobile":{"background-color":"var(--ast-global-color-5)","background-image":"","background-repeat":"repeat","background-position":"center center","background-size":"auto","background-attachment":"scroll","background-type":"","background-media":"","overlay-type":"","overlay-color":"","overlay-opacity":"","overlay-gradient":""}},"footnotes":""},"class_list":["post-88688","page","type-page","status-publish","hentry"],"yoast_head":"<!-- This site is optimized with the Yoast SEO plugin v27.3 - https:\/\/yoast.com\/product\/yoast-seo-wordpress\/ -->\n<title>S\u00fctik - SMILING WAY<\/title>\n<meta name=\"robots\" content=\"index, follow, max-snippet:-1, max-image-preview:large, max-video-preview:-1\" \/>\n<link rel=\"canonical\" href=\"https:\/\/smilingway.cz\/hu\/sutik\/\" \/>\n<meta property=\"og:locale\" content=\"hu_HU\" \/>\n<meta property=\"og:type\" content=\"article\" \/>\n<meta property=\"og:title\" content=\"S\u00fctik - SMILING WAY\" \/>\n<meta property=\"og:description\" content=\"A nevem Blanka Odv\u00e1rkov\u00e1 \u00e9s \u00e9n vagyok a smilingway.cz \u00fczemeltet\u0151je. El\u00e9rhet\u0151s\u00e9geim a k\u00f6vetkez\u0151k: C\u00edm: Zahradn\u00ed 615, 357 31 Horn\u00ed Slavkov, \u010cesk\u00e1 republika E-mail: napis@smilingway.cz Mik [&hellip;]\" \/>\n<meta property=\"og:url\" content=\"https:\/\/smilingway.cz\/hu\/sutik\/\" \/>\n<meta property=\"og:site_name\" content=\"SMILING WAY\" \/>\n<meta property=\"article:publisher\" content=\"https:\/\/www.facebook.com\/smilingwaycz\/\" \/>\n<meta property=\"article:modified_time\" content=\"2022-06-08T10:50:18+00:00\" \/>\n<meta name=\"twitter:card\" content=\"summary_large_image\" \/>\n<meta name=\"twitter:site\" content=\"@smilingwaycz\" \/>\n<meta name=\"twitter:label1\" content=\"Becs\u00fclt olvas\u00e1si id\u0151\" \/>\n\t<meta name=\"twitter:data1\" content=\"2 perc\" \/>\n<!-- \/ Yoast SEO plugin. -->","yoast_head_json":{"title":"S\u00fctik - SMILING WAY","robots":{"index":"index","follow":"follow","max-snippet":"max-snippet:-1","max-image-preview":"max-image-preview:large","max-video-preview":"max-video-preview:-1"},"canonical":"https:\/\/smilingway.cz\/hu\/sutik\/","og_locale":"hu_HU","og_type":"article","og_title":"S\u00fctik - SMILING WAY","og_description":"A nevem Blanka Odv\u00e1rkov\u00e1 \u00e9s \u00e9n vagyok a smilingway.cz \u00fczemeltet\u0151je. El\u00e9rhet\u0151s\u00e9geim a k\u00f6vetkez\u0151k: C\u00edm: Zahradn\u00ed 615, 357 31 Horn\u00ed Slavkov, \u010cesk\u00e1 republika E-mail: napis@smilingway.cz Mik [&hellip;]","og_url":"https:\/\/smilingway.cz\/hu\/sutik\/","og_site_name":"SMILING WAY","article_publisher":"https:\/\/www.facebook.com\/smilingwaycz\/","article_modified_time":"2022-06-08T10:50:18+00:00","twitter_card":"summary_large_image","twitter_site":"@smilingwaycz","twitter_misc":{"Becs\u00fclt olvas\u00e1si id\u0151":"2 perc"},"schema":{"@context":"https:\/\/schema.org","@graph":[{"@type":"WebPage","@id":"https:\/\/smilingway.cz\/hu\/sutik\/","url":"https:\/\/smilingway.cz\/hu\/sutik\/","name":"S\u00fctik - SMILING WAY","isPartOf":{"@id":"https:\/\/smilingway.cz\/hu\/#website"},"datePublished":"2021-12-19T07:38:15+00:00","dateModified":"2022-06-08T10:50:18+00:00","breadcrumb":{"@id":"https:\/\/smilingway.cz\/hu\/sutik\/#breadcrumb"},"inLanguage":"hu","potentialAction":[{"@type":"ReadAction","target":["https:\/\/smilingway.cz\/hu\/sutik\/"]}]},{"@type":"BreadcrumbList","@id":"https:\/\/smilingway.cz\/hu\/sutik\/#breadcrumb","itemListElement":[{"@type":"ListItem","position":1,"name":"Home","item":"https:\/\/smilingway.cz\/hu\/"},{"@type":"ListItem","position":2,"name":"S\u00fctik"}]},{"@type":"WebSite","@id":"https:\/\/smilingway.cz\/hu\/#website","url":"https:\/\/smilingway.cz\/hu\/","name":"Smiling Way","description":"Utaz\u00e1si tippek, inspir\u00e1ci\u00f3 \u00e9s \u00fatmutat\u00f3k","publisher":{"@id":"https:\/\/smilingway.cz\/hu\/#\/schema\/person\/1bb9c7a0f759e37cc3c643cfcf64b9ee"},"potentialAction":[{"@type":"SearchAction","target":{"@type":"EntryPoint","urlTemplate":"https:\/\/smilingway.cz\/hu\/?s={search_term_string}"},"query-input":{"@type":"PropertyValueSpecification","valueRequired":true,"valueName":"search_term_string"}}],"inLanguage":"hu"},{"@type":["Person","Organization"],"@id":"https:\/\/smilingway.cz\/hu\/#\/schema\/person\/1bb9c7a0f759e37cc3c643cfcf64b9ee","name":"Blanka","image":{"@type":"ImageObject","inLanguage":"hu","@id":"https:\/\/smilingway.cz\/wp-content\/uploads\/2023\/08\/IMG_20190712_115524_optimized-1-1024x768-1.jpg","url":"https:\/\/smilingway.cz\/wp-content\/uploads\/2023\/08\/IMG_20190712_115524_optimized-1-1024x768-1.jpg","contentUrl":"https:\/\/smilingway.cz\/wp-content\/uploads\/2023\/08\/IMG_20190712_115524_optimized-1-1024x768-1.jpg","width":1024,"height":768,"caption":"Blanka"},"logo":{"@id":"https:\/\/smilingway.cz\/wp-content\/uploads\/2023\/08\/IMG_20190712_115524_optimized-1-1024x768-1.jpg"},"sameAs":["https:\/\/www.facebook.com\/smilingwaycz\/","https:\/\/cz.pinterest.com\/smilingwaycz\/","https:\/\/x.com\/smilingwaycz"]}]}},"spectra_custom_meta":{"_wpml_media_duplicate":["0"],"_wpml_media_featured":["1"],"_top_nav_excluded":[""],"_cms_nav_minihome":[""],"_last_translation_edit_mode":["translation-editor"],"_wpml_word_count":["{\"total\":282,\"to_translate\":{\"cs\":282,\"en\":282,\"de\":282,\"ro\":282}}"],"_wp_page_template":[""],"_uag_page_assets":["a:9:{s:3:\"css\";s:0:\"\";s:2:\"js\";s:0:\"\";s:18:\"current_block_list\";a:5:{i:0;s:22:\"tadv\/classic-paragraph\";i:1;s:14:\"core\/paragraph\";i:2;s:9:\"core\/list\";i:3;s:12:\"core\/heading\";i:4;s:10:\"core\/image\";}s:8:\"uag_flag\";b:0;s:11:\"uag_version\";s:10:\"1776142184\";s:6:\"gfonts\";a:1:{s:7:\"Default\";a:2:{s:10:\"fontfamily\";s:7:\"Default\";s:12:\"fontvariants\";a:0:{}}}s:10:\"gfonts_url\";s:71:\"\/\/fonts.googleapis.com\/css?family=Default&subset=latin&display=fallback\";s:12:\"gfonts_files\";a:0:{}s:14:\"uag_faq_layout\";b:0;}"]},"uagb_featured_image_src":{"full":false,"thumbnail":false,"medium":false,"medium_large":false,"large":false,"1536x1536":false,"2048x2048":false},"uagb_author_info":{"display_name":"Blanka","author_link":"https:\/\/smilingway.cz\/hu\/author\/admin\/"},"uagb_comment_info":0,"uagb_excerpt":"A nevem Blanka Odv\u00e1rkov\u00e1 \u00e9s \u00e9n vagyok a smilingway.cz \u00fczemeltet\u0151je. El\u00e9rhet\u0151s\u00e9geim a k\u00f6vetkez\u0151k: C\u00edm: Zahradn\u00ed 615, 357 31 Horn\u00ed Slavkov, \u010cesk\u00e1 republika E-mail: napis@smilingway.cz Mik [&hellip;]","_links":{"self":[{"href":"https:\/\/smilingway.cz\/hu\/wp-json\/wp\/v2\/pages\/88688","targetHints":{"allow":["GET"]}}],"collection":[{"href":"https:\/\/smilingway.cz\/hu\/wp-json\/wp\/v2\/pages"}],"about":[{"href":"https:\/\/smilingway.cz\/hu\/wp-json\/wp\/v2\/types\/page"}],"author":[{"embeddable":true,"href":"https:\/\/smilingway.cz\/hu\/wp-json\/wp\/v2\/users\/1"}],"replies":[{"embeddable":true,"href":"https:\/\/smilingway.cz\/hu\/wp-json\/wp\/v2\/comments?post=88688"}],"version-history":[{"count":0,"href":"https:\/\/smilingway.cz\/hu\/wp-json\/wp\/v2\/pages\/88688\/revisions"}],"wp:attachment":[{"href":"https:\/\/smilingway.cz\/hu\/wp-json\/wp\/v2\/media?parent=88688"}],"curies":[{"name":"wp","href":"https:\/\/api.w.org\/{rel}","templated":true}]}}