{"id":88682,"date":"2022-03-29T04:00:52","date_gmt":"2022-03-29T04:00:52","guid":{"rendered":"https:\/\/smilingway.cz\/tarsult-vallalkozasok-kozzetetelei\/"},"modified":"2022-06-08T10:48:41","modified_gmt":"2022-06-08T10:48:41","slug":"tarsult-vallalkozasok-kozzetetelei","status":"publish","type":"page","link":"https:\/\/smilingway.cz\/hu\/tarsult-vallalkozasok-kozzetetelei\/","title":{"rendered":"T\u00e1rsult v\u00e1llalkoz\u00e1sok k\u00f6zz\u00e9t\u00e9telei"},"content":{"rendered":"\n<p>Friss\u00edtve 29. 3. 2022<\/p>\n\n<p>Az\u00e9rt hoztam l\u00e9tre ezt az oldalt, hogy megk\u00f6nny\u00edtsem az utaz\u00e1stervez\u00e9st r\u00e9szletes \u00fatikalauzokkal, amelyek tartalmaznak inform\u00e1ci\u00f3kat a k\u00f6zleked\u00e9sr\u0151l, a sz\u00e1ll\u00e1sr\u00f3l, az \u00e1rakr\u00f3l, a l\u00e1togatnival\u00f3kr\u00f3l \u00e9s egy\u00e9b hasznos tippeket egy adott ter\u00fcletre vonatkoz\u00f3an. Egyetlen cikk sem szponzor\u00e1lt vagy fizetett prom\u00f3ci\u00f3t tartalmaz. C\u00e9lom, hogy f\u00fcggetlen \u00e9rt\u00e9kel\u00e9sen \u00e9s tapasztalaton alapul\u00f3, \u00e1tl\u00e1that\u00f3 \u00e9s vil\u00e1gos t\u00e1j\u00e9koztat\u00e1st ny\u00fajtsak. N\u00e9h\u00e1ny linket h\u00edvnak. kapcsolt linkek.  <\/p>\n\n<p>Mik azok az affiliate linkek? Ha r\u00e1kattintasz a linkre \u00e9s v\u00e1s\u00e1rolsz, kapok egy kis jutal\u00e9kot. Ez lehet\u0151v\u00e9 teszi sz\u00e1momra, hogy finansz\u00edrozzam az oldal m\u0171k\u00f6d\u00e9s\u00e9t (t\u00e1rhely, domain, stb.).  <strong>Az \u00d6n \u00f6sszege nem n\u00f6vekszik. A kapcsol\u00f3d\u00f3 link nem v\u00e1ltoztatja meg az \u00e1rat, amelyen v\u00e1s\u00e1rol.  <\/strong>Ha az \u00e9n linkemen kereszt\u00fcl v\u00e1s\u00e1rolsz, akkor csak a honlap m\u0171k\u00f6d\u00e9s\u00e9t t\u00e1mogatod.  <\/p>\n\n<p>K\u00f6sz\u00f6nj\u00fck a t\u00e1mogat\u00e1st. Ha b\u00e1rmilyen k\u00e9rd\u00e9se van, a napis@smilingway.cz c\u00edmen \u00e9rhet el.  <\/p>\n\n<p>Blanka a Mosolyg\u00f3 \u00fatr\u00f3l<\/p>\n","protected":false},"excerpt":{"rendered":"<p>Friss\u00edtve 29. 3. 2022 Az\u00e9rt hoztam l\u00e9tre ezt az oldalt, hogy megk\u00f6nny\u00edtsem az utaz\u00e1stervez\u00e9st r\u00e9szletes \u00fatikalauzokkal, amelyek tartalmaznak inform\u00e1ci\u00f3kat a k\u00f6zleked\u00e9sr\u0151l, a sz\u00e1ll\u00e1sr\u00f3l, az \u00e1rakr\u00f3l, [&hellip;]<\/p>\n","protected":false},"author":1,"featured_media":0,"parent":0,"menu_order":0,"comment_status":"closed","ping_status":"closed","template":"","meta":{"_uag_custom_page_level_css":"","site-sidebar-layout":"default","site-content-layout":"","ast-site-content-layout":"default","site-content-style":"default","site-sidebar-style":"default","ast-global-header-display":"","ast-banner-title-visibility":"","ast-main-header-display":"","ast-hfb-above-header-display":"","ast-hfb-below-header-display":"","ast-hfb-mobile-header-display":"","site-post-title":"","ast-breadcrumbs-content":"","ast-featured-img":"","footer-sml-layout":"","ast-disable-related-posts":"","theme-transparent-header-meta":"","adv-header-id-meta":"","stick-header-meta":"","header-above-stick-meta":"","header-main-stick-meta":"","header-below-stick-meta":"","astra-migrate-meta-layouts":"default","ast-page-background-enabled":"default","ast-page-background-meta":{"desktop":{"background-color":"","background-image":"","background-repeat":"repeat","background-position":"center center","background-size":"auto","background-attachment":"scroll","background-type":"","background-media":"","overlay-type":"","overlay-color":"","overlay-opacity":"","overlay-gradient":""},"tablet":{"background-color":"","background-image":"","background-repeat":"repeat","background-position":"center center","background-size":"auto","background-attachment":"scroll","background-type":"","background-media":"","overlay-type":"","overlay-color":"","overlay-opacity":"","overlay-gradient":""},"mobile":{"background-color":"","background-image":"","background-repeat":"repeat","background-position":"center center","background-size":"auto","background-attachment":"scroll","background-type":"","background-media":"","overlay-type":"","overlay-color":"","overlay-opacity":"","overlay-gradient":""}},"ast-content-background-meta":{"desktop":{"background-color":"var(--ast-global-color-5)","background-image":"","background-repeat":"repeat","background-position":"center center","background-size":"auto","background-attachment":"scroll","background-type":"","background-media":"","overlay-type":"","overlay-color":"","overlay-opacity":"","overlay-gradient":""},"tablet":{"background-color":"var(--ast-global-color-5)","background-image":"","background-repeat":"repeat","background-position":"center center","background-size":"auto","background-attachment":"scroll","background-type":"","background-media":"","overlay-type":"","overlay-color":"","overlay-opacity":"","overlay-gradient":""},"mobile":{"background-color":"var(--ast-global-color-5)","background-image":"","background-repeat":"repeat","background-position":"center center","background-size":"auto","background-attachment":"scroll","background-type":"","background-media":"","overlay-type":"","overlay-color":"","overlay-opacity":"","overlay-gradient":""}},"footnotes":""},"class_list":["post-88682","page","type-page","status-publish","hentry"],"yoast_head":"<!-- This site is optimized with the Yoast SEO plugin v27.3 - https:\/\/yoast.com\/product\/yoast-seo-wordpress\/ -->\n<title>T\u00e1rsult v\u00e1llalkoz\u00e1sok k\u00f6zz\u00e9t\u00e9telei - SMILING WAY<\/title>\n<meta name=\"robots\" content=\"index, follow, max-snippet:-1, max-image-preview:large, max-video-preview:-1\" \/>\n<link rel=\"canonical\" href=\"https:\/\/smilingway.cz\/hu\/tarsult-vallalkozasok-kozzetetelei\/\" \/>\n<meta property=\"og:locale\" content=\"hu_HU\" \/>\n<meta property=\"og:type\" content=\"article\" \/>\n<meta property=\"og:title\" content=\"T\u00e1rsult v\u00e1llalkoz\u00e1sok k\u00f6zz\u00e9t\u00e9telei - SMILING WAY\" \/>\n<meta property=\"og:description\" content=\"Friss\u00edtve 29. 3. 2022 Az\u00e9rt hoztam l\u00e9tre ezt az oldalt, hogy megk\u00f6nny\u00edtsem az utaz\u00e1stervez\u00e9st r\u00e9szletes \u00fatikalauzokkal, amelyek tartalmaznak inform\u00e1ci\u00f3kat a k\u00f6zleked\u00e9sr\u0151l, a sz\u00e1ll\u00e1sr\u00f3l, az \u00e1rakr\u00f3l, [&hellip;]\" \/>\n<meta property=\"og:url\" content=\"https:\/\/smilingway.cz\/hu\/tarsult-vallalkozasok-kozzetetelei\/\" \/>\n<meta property=\"og:site_name\" content=\"SMILING WAY\" \/>\n<meta property=\"article:publisher\" content=\"https:\/\/www.facebook.com\/smilingwaycz\/\" \/>\n<meta property=\"article:modified_time\" content=\"2022-06-08T10:48:41+00:00\" \/>\n<meta name=\"twitter:card\" content=\"summary_large_image\" \/>\n<meta name=\"twitter:site\" content=\"@smilingwaycz\" \/>\n<meta name=\"twitter:label1\" content=\"Becs\u00fclt olvas\u00e1si id\u0151\" \/>\n\t<meta name=\"twitter:data1\" content=\"1 perc\" \/>\n<!-- \/ Yoast SEO plugin. -->","yoast_head_json":{"title":"T\u00e1rsult v\u00e1llalkoz\u00e1sok k\u00f6zz\u00e9t\u00e9telei - SMILING WAY","robots":{"index":"index","follow":"follow","max-snippet":"max-snippet:-1","max-image-preview":"max-image-preview:large","max-video-preview":"max-video-preview:-1"},"canonical":"https:\/\/smilingway.cz\/hu\/tarsult-vallalkozasok-kozzetetelei\/","og_locale":"hu_HU","og_type":"article","og_title":"T\u00e1rsult v\u00e1llalkoz\u00e1sok k\u00f6zz\u00e9t\u00e9telei - SMILING WAY","og_description":"Friss\u00edtve 29. 3. 2022 Az\u00e9rt hoztam l\u00e9tre ezt az oldalt, hogy megk\u00f6nny\u00edtsem az utaz\u00e1stervez\u00e9st r\u00e9szletes \u00fatikalauzokkal, amelyek tartalmaznak inform\u00e1ci\u00f3kat a k\u00f6zleked\u00e9sr\u0151l, a sz\u00e1ll\u00e1sr\u00f3l, az \u00e1rakr\u00f3l, [&hellip;]","og_url":"https:\/\/smilingway.cz\/hu\/tarsult-vallalkozasok-kozzetetelei\/","og_site_name":"SMILING WAY","article_publisher":"https:\/\/www.facebook.com\/smilingwaycz\/","article_modified_time":"2022-06-08T10:48:41+00:00","twitter_card":"summary_large_image","twitter_site":"@smilingwaycz","twitter_misc":{"Becs\u00fclt olvas\u00e1si id\u0151":"1 perc"},"schema":{"@context":"https:\/\/schema.org","@graph":[{"@type":"WebPage","@id":"https:\/\/smilingway.cz\/hu\/tarsult-vallalkozasok-kozzetetelei\/","url":"https:\/\/smilingway.cz\/hu\/tarsult-vallalkozasok-kozzetetelei\/","name":"T\u00e1rsult v\u00e1llalkoz\u00e1sok k\u00f6zz\u00e9t\u00e9telei - SMILING WAY","isPartOf":{"@id":"https:\/\/smilingway.cz\/hu\/#website"},"datePublished":"2022-03-29T04:00:52+00:00","dateModified":"2022-06-08T10:48:41+00:00","breadcrumb":{"@id":"https:\/\/smilingway.cz\/hu\/tarsult-vallalkozasok-kozzetetelei\/#breadcrumb"},"inLanguage":"hu","potentialAction":[{"@type":"ReadAction","target":["https:\/\/smilingway.cz\/hu\/tarsult-vallalkozasok-kozzetetelei\/"]}]},{"@type":"BreadcrumbList","@id":"https:\/\/smilingway.cz\/hu\/tarsult-vallalkozasok-kozzetetelei\/#breadcrumb","itemListElement":[{"@type":"ListItem","position":1,"name":"Home","item":"https:\/\/smilingway.cz\/hu\/"},{"@type":"ListItem","position":2,"name":"T\u00e1rsult v\u00e1llalkoz\u00e1sok k\u00f6zz\u00e9t\u00e9telei"}]},{"@type":"WebSite","@id":"https:\/\/smilingway.cz\/hu\/#website","url":"https:\/\/smilingway.cz\/hu\/","name":"Smiling Way","description":"Utaz\u00e1si tippek, inspir\u00e1ci\u00f3 \u00e9s \u00fatmutat\u00f3k","publisher":{"@id":"https:\/\/smilingway.cz\/hu\/#\/schema\/person\/1bb9c7a0f759e37cc3c643cfcf64b9ee"},"potentialAction":[{"@type":"SearchAction","target":{"@type":"EntryPoint","urlTemplate":"https:\/\/smilingway.cz\/hu\/?s={search_term_string}"},"query-input":{"@type":"PropertyValueSpecification","valueRequired":true,"valueName":"search_term_string"}}],"inLanguage":"hu"},{"@type":["Person","Organization"],"@id":"https:\/\/smilingway.cz\/hu\/#\/schema\/person\/1bb9c7a0f759e37cc3c643cfcf64b9ee","name":"Blanka","image":{"@type":"ImageObject","inLanguage":"hu","@id":"https:\/\/smilingway.cz\/wp-content\/uploads\/2023\/08\/IMG_20190712_115524_optimized-1-1024x768-1.jpg","url":"https:\/\/smilingway.cz\/wp-content\/uploads\/2023\/08\/IMG_20190712_115524_optimized-1-1024x768-1.jpg","contentUrl":"https:\/\/smilingway.cz\/wp-content\/uploads\/2023\/08\/IMG_20190712_115524_optimized-1-1024x768-1.jpg","width":1024,"height":768,"caption":"Blanka"},"logo":{"@id":"https:\/\/smilingway.cz\/wp-content\/uploads\/2023\/08\/IMG_20190712_115524_optimized-1-1024x768-1.jpg"},"sameAs":["https:\/\/www.facebook.com\/smilingwaycz\/","https:\/\/cz.pinterest.com\/smilingwaycz\/","https:\/\/x.com\/smilingwaycz"]}]}},"spectra_custom_meta":{"_wpml_media_duplicate":["1"],"_wpml_media_featured":["1"],"_top_nav_excluded":[""],"_cms_nav_minihome":[""],"_last_translation_edit_mode":["translation-editor"],"_wpml_word_count":["{\"total\":137,\"to_translate\":{\"cs\":137,\"en\":137,\"de\":137,\"ro\":137}}"],"_wp_page_template":[""],"_uag_page_assets":["a:9:{s:3:\"css\";s:0:\"\";s:2:\"js\";s:0:\"\";s:18:\"current_block_list\";a:2:{i:0;s:14:\"core\/paragraph\";i:1;s:10:\"core\/image\";}s:8:\"uag_flag\";b:0;s:11:\"uag_version\";s:10:\"1776142184\";s:6:\"gfonts\";a:1:{s:7:\"Default\";a:2:{s:10:\"fontfamily\";s:7:\"Default\";s:12:\"fontvariants\";a:0:{}}}s:10:\"gfonts_url\";s:71:\"\/\/fonts.googleapis.com\/css?family=Default&subset=latin&display=fallback\";s:12:\"gfonts_files\";a:0:{}s:14:\"uag_faq_layout\";b:0;}"]},"uagb_featured_image_src":{"full":false,"thumbnail":false,"medium":false,"medium_large":false,"large":false,"1536x1536":false,"2048x2048":false},"uagb_author_info":{"display_name":"Blanka","author_link":"https:\/\/smilingway.cz\/hu\/author\/admin\/"},"uagb_comment_info":0,"uagb_excerpt":"Friss\u00edtve 29. 3. 2022 Az\u00e9rt hoztam l\u00e9tre ezt az oldalt, hogy megk\u00f6nny\u00edtsem az utaz\u00e1stervez\u00e9st r\u00e9szletes \u00fatikalauzokkal, amelyek tartalmaznak inform\u00e1ci\u00f3kat a k\u00f6zleked\u00e9sr\u0151l, a sz\u00e1ll\u00e1sr\u00f3l, az \u00e1rakr\u00f3l, [&hellip;]","_links":{"self":[{"href":"https:\/\/smilingway.cz\/hu\/wp-json\/wp\/v2\/pages\/88682","targetHints":{"allow":["GET"]}}],"collection":[{"href":"https:\/\/smilingway.cz\/hu\/wp-json\/wp\/v2\/pages"}],"about":[{"href":"https:\/\/smilingway.cz\/hu\/wp-json\/wp\/v2\/types\/page"}],"author":[{"embeddable":true,"href":"https:\/\/smilingway.cz\/hu\/wp-json\/wp\/v2\/users\/1"}],"replies":[{"embeddable":true,"href":"https:\/\/smilingway.cz\/hu\/wp-json\/wp\/v2\/comments?post=88682"}],"version-history":[{"count":0,"href":"https:\/\/smilingway.cz\/hu\/wp-json\/wp\/v2\/pages\/88682\/revisions"}],"wp:attachment":[{"href":"https:\/\/smilingway.cz\/hu\/wp-json\/wp\/v2\/media?parent=88682"}],"curies":[{"name":"wp","href":"https:\/\/api.w.org\/{rel}","templated":true}]}}