{"id":61376,"date":"2018-11-26T12:15:51","date_gmt":"2018-11-26T12:15:51","guid":{"rendered":"https:\/\/smilingway.cz\/datenschutz-bestimmungen\/"},"modified":"2018-11-26T12:15:51","modified_gmt":"2018-11-26T12:15:51","slug":"datenschutz-bestimmungen","status":"publish","type":"page","link":"https:\/\/smilingway.cz\/de\/datenschutz-bestimmungen\/","title":{"rendered":"Datenschutz-Bestimmungen"},"content":{"rendered":"<p>Wenn Sie ein Besucher meiner Website sind, geben Sie wie bei den meisten Websites Ihre pers\u00f6nlichen Daten an. Ihre Daten sind hier gem\u00e4\u00df der Datenschutzverordnung (DSGVO) vollst\u00e4ndig gesch\u00fctzt.<\/p>\n<p><span style=\"font-size: 14pt;\"><strong>Wer ist der Administrator?<\/strong><\/span><\/p>\n<p>Der Administrator der personenbezogenen Daten ist Blanka Odv\u00e1rkov\u00e1, die die Website www.smilingway.cz betreibt. Der Verantwortliche bestimmt, zu welchem Zweck und wie lange personenbezogene Daten verarbeitet werden, und w\u00e4hlt gegebenenfalls andere Auftragsverarbeiter aus, die bei dieser Verarbeitung behilflich sind.<\/p>\n<p><span style=\"font-size: 14pt;\"><strong>Zu welchen Zwecken werden die Daten verarbeitet? <\/strong><\/span><\/p>\n<p><strong>Cookies zur Verbesserung des Betriebs der Website<\/strong> \u2013 Wenn Sie die Website besuchen, werden Ihre IP-Adresse und anonymisierte Daten \u00fcber Ihr Verhalten auf der Website aufgezeichnet (wie lange Sie auf der Website bleiben, von welcher Quelle Sie auf die Website kommen usw.) . Diese Informationen werden durch Cookies erhalten, um den Verkehr zu messen.<br \/>\nPersonenbezogene Daten werden f\u00fcr die Dauer Ihrer Einwilligung verarbeitet, jedoch nicht l\u00e4nger als 26 Monate. <a href=\"https:\/\/smilingway.cz\/de\/cookies\/\" target=\"_blank\" rel=\"noopener\">Mehr \u00fcber Kekse<\/a> .<\/p>\n<p><strong>Newsletter<\/strong> &#8211; Wenn Sie Nachrichten abonnieren, wird Ihre E-Mail nur zum Versenden von Nachrichten verarbeitet. Gleichzeitig erhalten Sie dadurch Informationen zu den Inhalten, die Sie am meisten interessieren. Das Ziel ist es, die idealsten Nachrichten zu finden, die auf Sie zugeschnitten sind :). Ihre Daten werden nicht an Dritte weitergegeben oder weiterverkauft. Es wird nur zum Versenden von E-Mails mit Neuigkeiten auf dieser Website verwendet.<\/p>\n<p><span style=\"font-size: 14pt;\"><strong>Sicherheit und Schutz personenbezogener Daten<\/strong><\/span><\/p>\n<p>Die Verbindung zur Website ist absolut sicher und personenbezogene Daten werden dank der Verschl\u00fcsselung der Daten\u00fcbertragung mit dem HTTPS-Protokoll so weit wie m\u00f6glich gesch\u00fctzt (Sie k\u00f6nnen die maximale Sicherheit dieser Website jederzeit anhand eines Schlosses neben der www-Adresse \u00fcberpr\u00fcfen). .<\/p>\n<p><span style=\"font-size: 14pt;\"><strong>\u00dcbermittlung personenbezogener Daten an Auftragsverarbeiter und Dritte<\/strong><\/span><\/p>\n<p>Ihre personenbezogenen Daten werden nur vom Google Analytics-Administrator und -Verarbeiter mithilfe des Tracking-Codes verarbeitet. Dadurch kann ich sehen, wie viele Besucher meine Website hat und welche Artikel am meisten gelesen werden.<\/p>\n<p><span style=\"font-size: 14pt;\"><strong>Daten\u00fcbermittlung au\u00dferhalb der Europ\u00e4ischen Union<\/strong><\/span><\/p>\n<p>Die Daten werden ausschlie\u00dflich in der Europ\u00e4ischen Union oder in L\u00e4ndern verarbeitet, die aufgrund eines Beschlusses der Europ\u00e4ischen Kommission oder des \u00dcbereinkommens 108 ein angemessenes Schutzniveau gew\u00e4hrleisten.<\/p>\n<p><span style=\"font-size: 14pt;\"><strong>Ihre Rechte im Zusammenhang mit dem Schutz personenbezogener Daten<\/strong><\/span><\/p>\n<p>Im Zusammenhang mit dem Schutz personenbezogener Daten haben Sie eine Reihe von Rechten:<\/p>\n<p>Sie haben <strong>das Recht auf Informationen<\/strong> , die bereits mit dieser Informationsseite mit den Grunds\u00e4tzen der Verarbeitung personenbezogener Daten gef\u00fcllt sind.<br \/>\nDank <strong>des Auskunftsrechts k\u00f6nnen<\/strong> Sie jederzeit innerhalb von 30 Tagen einen Nachweis dar\u00fcber verlangen, welche personenbezogenen Daten verarbeitet werden und warum.<\/p>\n<p><span style=\"font-weight: 400;\">Wenn sich etwas \u00e4ndert oder Sie feststellen, dass Ihre personenbezogenen Daten veraltet oder unvollst\u00e4ndig sind, haben Sie<\/span> <b>das Recht, Ihre personenbezogenen Daten zu erg\u00e4nzen und zu \u00e4ndern<\/b> <span style=\"font-weight: 400;\">.<\/span><\/p>\n<p><b>Das Recht auf Einschr\u00e4nkung der Verarbeitung<\/b><span style=\"font-weight: 400;\"> Sie k\u00f6nnen es verwenden, wenn Sie der Meinung sind, dass Ihre Daten rechtswidrig oder unrichtig verarbeitet werden, Sie aber nicht alle Daten l\u00f6schen m\u00f6chten oder wenn Sie der Verarbeitung widersprochen haben. Sie k\u00f6nnen den Umfang der personenbezogenen Daten oder Verarbeitungszwecke einschr\u00e4nken. <\/span><\/p>\n<p><b>Das Recht auf \u00dcbertragbarkeit<\/b> \u2013 <span style=\"font-weight: 400;\">wenn Sie Ihre personenbezogenen Daten \u00fcbernehmen und an jemand anderen weitergeben m\u00f6chten, gilt dasselbe wie bei der Aus\u00fcbung des Auskunftsrechts \u2013 mit der Ausnahme, dass Ihnen die Informationen in maschinenlesbarer Form zur Verf\u00fcgung gestellt werden.<\/span><\/p>\n<p><b>Das Recht auf L\u00f6schung<\/b> <span style=\"font-weight: 400;\">(Vergessenwerden) &#8211; v<\/span><span style=\"font-weight: 400;\">Ein weiteres Recht ist das Recht auf vollst\u00e4ndige L\u00f6schung aus der Datenbank. In diesem Fall werden alle Ihre personenbezogenen Daten aus dem System sowie aus dem System aller Unterauftragsverarbeiter und Backups gel\u00f6scht. Es dauert 30 Tage, um das Recht auf L\u00f6schung zu sichern.<\/span><\/p>\n<p><span style=\"font-weight: 400;\">In einigen F\u00e4llen besteht eine gesetzliche Pflicht zur Archivierung personenbezogener Daten (z. B. alle ausgestellten Steuerbelege). In diesem Fall werden alle nicht an das Gesetz gebundenen personenbezogenen Daten gel\u00f6scht.<\/span><\/p>\n<p><b>Beschwerde beim Amt f\u00fcr den Schutz personenbezogener Daten<\/b><\/p>\n<p><span style=\"font-weight: 400;\">Wenn Sie der Meinung sind, dass Ihre Daten nicht gesetzeskonform behandelt werden, haben Sie das Recht, sich beim Amt f\u00fcr den Schutz personenbezogener Daten zu beschweren. Ich w\u00fcrde mich freuen, wenn Sie mir diesen Verdacht zun\u00e4chst per E-Mail an napis@smilingway.cz mitteilen, damit ich eventuell etwas dagegen unternehmen und eventuelle Fehler korrigieren kann. <\/span><\/p>\n<p><span style=\"font-size: 14pt;\"><strong>Geheimhaltung<\/strong><\/span><\/p>\n<p><span style=\"font-weight: 400;\">Der Administrator ist verpflichtet, die Vertraulichkeit personenbezogener Daten und Sicherheitsma\u00dfnahmen zu wahren, deren Offenlegung die Sicherheit Ihrer personenbezogenen Daten gef\u00e4hrden w\u00fcrde. Gleichzeitig gilt diese Geheimhaltung auch nach Beendigung der Vertragsbeziehungen. Ihre personenbezogenen Daten werden ohne Ihre Zustimmung nicht an Dritte weitergegeben.<\/span><\/p>\n<p><strong><span style=\"font-size: 14pt;\">Kontaktinformationen<\/span><\/strong><\/p>\n<p><span style=\"font-weight: 400;\">Bei Fragen im Zusammenhang mit der Verarbeitung personenbezogener Daten und nicht nur in diesem Zusammenhang z\u00f6gern Sie nicht, sich an napis@smilingway.cz zu wenden.<\/span><\/p>\n<p>Diese Grunds\u00e4tze treten sofort in Kraft.<\/p>\n","protected":false},"excerpt":{"rendered":"<p>Wenn Sie ein Besucher meiner Website sind, geben Sie wie bei den meisten Websites Ihre pers\u00f6nlichen Daten an. Ihre Daten sind hier gem\u00e4\u00df der Datenschutzverordnung [&hellip;]<\/p>\n","protected":false},"author":1,"featured_media":0,"parent":0,"menu_order":0,"comment_status":"closed","ping_status":"closed","template":"","meta":{"_uag_custom_page_level_css":"","site-sidebar-layout":"right-sidebar","site-content-layout":"default","ast-site-content-layout":"normal-width-container","site-content-style":"default","site-sidebar-style":"default","ast-global-header-display":"","ast-banner-title-visibility":"","ast-main-header-display":"","ast-hfb-above-header-display":"","ast-hfb-below-header-display":"","ast-hfb-mobile-header-display":"","site-post-title":"","ast-breadcrumbs-content":"","ast-featured-img":"","footer-sml-layout":"","ast-disable-related-posts":"","theme-transparent-header-meta":"default","adv-header-id-meta":"","stick-header-meta":"default","header-above-stick-meta":"","header-main-stick-meta":"","header-below-stick-meta":"","astra-migrate-meta-layouts":"default","ast-page-background-enabled":"default","ast-page-background-meta":{"desktop":{"background-color":"","background-image":"","background-repeat":"repeat","background-position":"center center","background-size":"auto","background-attachment":"scroll","background-type":"","background-media":"","overlay-type":"","overlay-color":"","overlay-opacity":"","overlay-gradient":""},"tablet":{"background-color":"","background-image":"","background-repeat":"repeat","background-position":"center center","background-size":"auto","background-attachment":"scroll","background-type":"","background-media":"","overlay-type":"","overlay-color":"","overlay-opacity":"","overlay-gradient":""},"mobile":{"background-color":"","background-image":"","background-repeat":"repeat","background-position":"center center","background-size":"auto","background-attachment":"scroll","background-type":"","background-media":"","overlay-type":"","overlay-color":"","overlay-opacity":"","overlay-gradient":""}},"ast-content-background-meta":{"desktop":{"background-color":"var(--ast-global-color-5)","background-image":"","background-repeat":"repeat","background-position":"center center","background-size":"auto","background-attachment":"scroll","background-type":"","background-media":"","overlay-type":"","overlay-color":"","overlay-opacity":"","overlay-gradient":""},"tablet":{"background-color":"var(--ast-global-color-5)","background-image":"","background-repeat":"repeat","background-position":"center center","background-size":"auto","background-attachment":"scroll","background-type":"","background-media":"","overlay-type":"","overlay-color":"","overlay-opacity":"","overlay-gradient":""},"mobile":{"background-color":"var(--ast-global-color-5)","background-image":"","background-repeat":"repeat","background-position":"center center","background-size":"auto","background-attachment":"scroll","background-type":"","background-media":"","overlay-type":"","overlay-color":"","overlay-opacity":"","overlay-gradient":""}},"footnotes":""},"class_list":["post-61376","page","type-page","status-publish","hentry"],"yoast_head":"<!-- This site is optimized with the Yoast SEO plugin v27.4 - https:\/\/yoast.com\/product\/yoast-seo-wordpress\/ -->\n<title>Datenschutz-Bestimmungen - SMILING WAY<\/title>\n<meta name=\"robots\" content=\"index, follow, max-snippet:-1, max-image-preview:large, max-video-preview:-1\" \/>\n<link rel=\"canonical\" href=\"https:\/\/smilingway.cz\/de\/datenschutz-bestimmungen\/\" \/>\n<meta property=\"og:locale\" content=\"de_DE\" \/>\n<meta property=\"og:type\" content=\"article\" \/>\n<meta property=\"og:title\" content=\"Datenschutz-Bestimmungen - SMILING WAY\" \/>\n<meta property=\"og:description\" content=\"Wenn Sie ein Besucher meiner Website sind, geben Sie wie bei den meisten Websites Ihre pers\u00f6nlichen Daten an. Ihre Daten sind hier gem\u00e4\u00df der Datenschutzverordnung [&hellip;]\" \/>\n<meta property=\"og:url\" content=\"https:\/\/smilingway.cz\/de\/datenschutz-bestimmungen\/\" \/>\n<meta property=\"og:site_name\" content=\"SMILING WAY\" \/>\n<meta property=\"article:publisher\" content=\"https:\/\/www.facebook.com\/smilingwaycz\/\" \/>\n<meta name=\"twitter:card\" content=\"summary_large_image\" \/>\n<meta name=\"twitter:site\" content=\"@smilingwaycz\" \/>\n<meta name=\"twitter:label1\" content=\"Gesch\u00e4tzte Lesezeit\" \/>\n\t<meta name=\"twitter:data1\" content=\"4\u00a0Minuten\" \/>\n<!-- \/ Yoast SEO plugin. -->","yoast_head_json":{"title":"Datenschutz-Bestimmungen - SMILING WAY","robots":{"index":"index","follow":"follow","max-snippet":"max-snippet:-1","max-image-preview":"max-image-preview:large","max-video-preview":"max-video-preview:-1"},"canonical":"https:\/\/smilingway.cz\/de\/datenschutz-bestimmungen\/","og_locale":"de_DE","og_type":"article","og_title":"Datenschutz-Bestimmungen - SMILING WAY","og_description":"Wenn Sie ein Besucher meiner Website sind, geben Sie wie bei den meisten Websites Ihre pers\u00f6nlichen Daten an. Ihre Daten sind hier gem\u00e4\u00df der Datenschutzverordnung [&hellip;]","og_url":"https:\/\/smilingway.cz\/de\/datenschutz-bestimmungen\/","og_site_name":"SMILING WAY","article_publisher":"https:\/\/www.facebook.com\/smilingwaycz\/","twitter_card":"summary_large_image","twitter_site":"@smilingwaycz","twitter_misc":{"Gesch\u00e4tzte Lesezeit":"4\u00a0Minuten"},"schema":{"@context":"https:\/\/schema.org","@graph":[{"@type":"WebPage","@id":"https:\/\/smilingway.cz\/de\/datenschutz-bestimmungen\/","url":"https:\/\/smilingway.cz\/de\/datenschutz-bestimmungen\/","name":"Datenschutz-Bestimmungen - SMILING WAY","isPartOf":{"@id":"https:\/\/smilingway.cz\/de\/#website"},"datePublished":"2018-11-26T12:15:51+00:00","breadcrumb":{"@id":"https:\/\/smilingway.cz\/de\/datenschutz-bestimmungen\/#breadcrumb"},"inLanguage":"de","potentialAction":[{"@type":"ReadAction","target":["https:\/\/smilingway.cz\/de\/datenschutz-bestimmungen\/"]}]},{"@type":"BreadcrumbList","@id":"https:\/\/smilingway.cz\/de\/datenschutz-bestimmungen\/#breadcrumb","itemListElement":[{"@type":"ListItem","position":1,"name":"Startseite","item":"https:\/\/smilingway.cz\/de\/"},{"@type":"ListItem","position":2,"name":"Datenschutz-Bestimmungen"}]},{"@type":"WebSite","@id":"https:\/\/smilingway.cz\/de\/#website","url":"https:\/\/smilingway.cz\/de\/","name":"Smiling Way","description":"Reisetipps, Inspiration und Reisef\u00fchrer","publisher":{"@id":"https:\/\/smilingway.cz\/de\/#\/schema\/person\/1bb9c7a0f759e37cc3c643cfcf64b9ee"},"potentialAction":[{"@type":"SearchAction","target":{"@type":"EntryPoint","urlTemplate":"https:\/\/smilingway.cz\/de\/?s={search_term_string}"},"query-input":{"@type":"PropertyValueSpecification","valueRequired":true,"valueName":"search_term_string"}}],"inLanguage":"de"},{"@type":["Person","Organization"],"@id":"https:\/\/smilingway.cz\/de\/#\/schema\/person\/1bb9c7a0f759e37cc3c643cfcf64b9ee","name":"Blanka","image":{"@type":"ImageObject","inLanguage":"de","@id":"https:\/\/smilingway.cz\/wp-content\/uploads\/2023\/08\/IMG_20190712_115524_optimized-1-1024x768-1.jpg","url":"https:\/\/smilingway.cz\/wp-content\/uploads\/2023\/08\/IMG_20190712_115524_optimized-1-1024x768-1.jpg","contentUrl":"https:\/\/smilingway.cz\/wp-content\/uploads\/2023\/08\/IMG_20190712_115524_optimized-1-1024x768-1.jpg","width":1024,"height":768,"caption":"Blanka"},"logo":{"@id":"https:\/\/smilingway.cz\/wp-content\/uploads\/2023\/08\/IMG_20190712_115524_optimized-1-1024x768-1.jpg"},"sameAs":["https:\/\/www.facebook.com\/smilingwaycz\/","https:\/\/cz.pinterest.com\/smilingwaycz\/","https:\/\/x.com\/smilingwaycz"]}]}},"spectra_custom_meta":{"_wpml_media_duplicate":["0"],"_wpml_media_featured":["1"],"stick-header-meta":["default"],"site-content-layout":["default"],"theme-transparent-header-meta":["default"],"_top_nav_excluded":[""],"_cms_nav_minihome":[""],"_wp_page_template":["default"],"adv-header-id-meta":[""],"site-sidebar-layout":["right-sidebar"],"ast-site-content-layout":["normal-width-container"],"_uag_page_assets":["a:9:{s:3:\"css\";s:0:\"\";s:2:\"js\";s:0:\"\";s:18:\"current_block_list\";a:2:{i:0;s:14:\"core\/paragraph\";i:1;s:10:\"core\/image\";}s:8:\"uag_flag\";b:0;s:11:\"uag_version\";s:10:\"1776142184\";s:6:\"gfonts\";a:1:{s:7:\"Default\";a:2:{s:10:\"fontfamily\";s:7:\"Default\";s:12:\"fontvariants\";a:0:{}}}s:10:\"gfonts_url\";s:71:\"\/\/fonts.googleapis.com\/css?family=Default&subset=latin&display=fallback\";s:12:\"gfonts_files\";a:0:{}s:14:\"uag_faq_layout\";b:0;}"]},"uagb_featured_image_src":{"full":false,"thumbnail":false,"medium":false,"medium_large":false,"large":false,"1536x1536":false,"2048x2048":false},"uagb_author_info":{"display_name":"Blanka","author_link":"https:\/\/smilingway.cz\/de\/author\/admin\/"},"uagb_comment_info":0,"uagb_excerpt":"Wenn Sie ein Besucher meiner Website sind, geben Sie wie bei den meisten Websites Ihre pers\u00f6nlichen Daten an. Ihre Daten sind hier gem\u00e4\u00df der Datenschutzverordnung [&hellip;]","_links":{"self":[{"href":"https:\/\/smilingway.cz\/de\/wp-json\/wp\/v2\/pages\/61376","targetHints":{"allow":["GET"]}}],"collection":[{"href":"https:\/\/smilingway.cz\/de\/wp-json\/wp\/v2\/pages"}],"about":[{"href":"https:\/\/smilingway.cz\/de\/wp-json\/wp\/v2\/types\/page"}],"author":[{"embeddable":true,"href":"https:\/\/smilingway.cz\/de\/wp-json\/wp\/v2\/users\/1"}],"replies":[{"embeddable":true,"href":"https:\/\/smilingway.cz\/de\/wp-json\/wp\/v2\/comments?post=61376"}],"version-history":[{"count":0,"href":"https:\/\/smilingway.cz\/de\/wp-json\/wp\/v2\/pages\/61376\/revisions"}],"wp:attachment":[{"href":"https:\/\/smilingway.cz\/de\/wp-json\/wp\/v2\/media?parent=61376"}],"curies":[{"name":"wp","href":"https:\/\/api.w.org\/{rel}","templated":true}]}}