{"id":53960,"date":"2023-02-11T18:11:00","date_gmt":"2023-02-11T18:11:00","guid":{"rendered":"https:\/\/smilingway.cz\/ueber-uns\/"},"modified":"2024-04-30T11:28:26","modified_gmt":"2024-04-30T11:28:26","slug":"ueber-uns","status":"publish","type":"page","link":"https:\/\/smilingway.cz\/de\/ueber-uns\/","title":{"rendered":"\u00dcBER UNS"},"content":{"rendered":"\n<div class=\"wp-block-columns alignwide is-layout-flex wp-container-core-columns-is-layout-28f84493 wp-block-columns-is-layout-flex\">\n<div class=\"wp-block-column is-layout-flow wp-block-column-is-layout-flow\">\n<div style=\"height:62px\" aria-hidden=\"true\" class=\"wp-block-spacer\"><\/div>\n\n\n\n<p style=\"font-size:28px\"><strong>Willkommen in unserem Blog!<\/strong><\/p>\n\n\n\n<p>Wir sind eine vierk\u00f6pfige Familie aus Westb\u00f6hmen, die gerne neue Orte erkundet, entdeckt und deren Atmosph\u00e4re in sich aufnimmt.  <\/p>\n\n\n\n<p>Keiner von uns stammt aus einer reisenden Familie. Eigentlich dachten wir vor Jahren, dass Reisen ein Privileg sei, das nicht jedem zuteil wird.  <\/p>\n\n\n\n<p>Heute wissen wir, dass wir uns nicht mehr geirrt haben k\u00f6nnten.  <\/p>\n<\/div>\n\n\n\n<div class=\"wp-block-column is-layout-flow wp-block-column-is-layout-flow\">\n<figure class=\"wp-block-image size-full\"><a href=\"https:\/\/smilingway.cz\/wp-content\/uploads\/2023\/02\/IMG_20180707_152138-1024x768-1-2.jpg\"><img decoding=\"async\" width=\"780\" height=\"585\" src=\"https:\/\/smilingway.cz\/wp-content\/uploads\/2023\/02\/IMG_20180707_152138-1024x768-1-2.jpg\" alt=\"\" class=\"wp-image-125143\" srcset=\"https:\/\/smilingway.cz\/wp-content\/uploads\/2023\/02\/IMG_20180707_152138-1024x768-1-2.jpg 780w, https:\/\/smilingway.cz\/wp-content\/uploads\/2023\/02\/IMG_20180707_152138-1024x768-1-2-300x225.jpg 300w, https:\/\/smilingway.cz\/wp-content\/uploads\/2023\/02\/IMG_20180707_152138-1024x768-1-2-768x576.jpg 768w\" sizes=\"(max-width: 780px) 100vw, 780px\" \/><\/a><\/figure>\n<\/div>\n<\/div>\n\n<p>Unser Abenteuer begann vor etwa 14 Jahren, als wir meinem Schwiegervater eine gute alte Felicia f\u00fcr 5 Tausend Kronen abkauften. Wir fuhren \u00fcberall hin, wo Felicia es uns erlaubte &#8211; ins <a href=\"https:\/\/smilingway.cz\/cesky-raj\/\" target=\"_blank\" rel=\"noreferrer noopener\">B\u00f6hmische Paradies<\/a>, in die <a href=\"https:\/\/smilingway.cz\/ceske-svycarsko\/\" target=\"_blank\" rel=\"noreferrer noopener\">B\u00f6hmische Schweiz<\/a> oder ins <a href=\"https:\/\/smilingway.cz\/co-navstivit-v-krkonosich\/\" target=\"_blank\" rel=\"noreferrer noopener\">Riesengebirge<\/a>.  <\/p>\n\n<p>Nach ein paar Jahren haben wir Felice ersetzt. M\u00f6ge der Boden des Schrottplatzes leicht f\u00fcr sie sein.  <\/p>\n\n<p>Und sie fuhren \u00fcber die Grenze. Zu dieser Zeit arbeitete ich bei der Post und studierte an der Universit\u00e4t. Unsere Geh\u00e4lter in der Region Karlovy Vary geh\u00f6rten nicht zu den h\u00f6chsten, so dass wir oft mit leichtem Gep\u00e4ck und nur wenigen M\u00fcnzen in der Tasche reisten.  <\/p>\n\n<figure class=\"wp-block-image aligncenter size-full is-resized\"><a href=\"https:\/\/smilingway.cz\/wp-content\/uploads\/2023\/02\/image-0-02-05-faf278b8f3b81dc00206901a90f2ec18318c3d154e06d1e7b63770bba43fba90-V.jpg\"><img decoding=\"async\" width=\"600\" height=\"800\" src=\"https:\/\/smilingway.cz\/wp-content\/uploads\/2023\/02\/image-0-02-05-faf278b8f3b81dc00206901a90f2ec18318c3d154e06d1e7b63770bba43fba90-V.jpg\" alt=\"\" class=\"wp-image-125130\" style=\"width:450px;height:600px\" srcset=\"https:\/\/smilingway.cz\/wp-content\/uploads\/2023\/02\/image-0-02-05-faf278b8f3b81dc00206901a90f2ec18318c3d154e06d1e7b63770bba43fba90-V.jpg 600w, https:\/\/smilingway.cz\/wp-content\/uploads\/2023\/02\/image-0-02-05-faf278b8f3b81dc00206901a90f2ec18318c3d154e06d1e7b63770bba43fba90-V-225x300.jpg 225w\" sizes=\"(max-width: 600px) 100vw, 600px\" \/><\/a><\/figure>\n\n<p>Wir haben die billigste Unterkunft gebucht. Im besten Fall warteten wir nur auf Schimmel an den W\u00e4nden, im schlimmsten Fall warteten wir stundenlang im Hof, bis der Airbnb-Besitzer kam und uns hereinlie\u00df. Oder wir haben einfach unsere Betten am Flughafen gemacht (und wir waren ziemlich \u00fcberrascht, wie viele Leute ihre Betten mit uns am Flughafen gemacht haben).  <\/p>\n\n<p>W\u00e4hrend unseres Urlaubs in Venetien haben wir uns jeden Tag eine kleine Packung Nudeln zum Mittagessen geteilt, damit wir uns ein Eis kaufen konnten.<\/p>\n\n<figure class=\"wp-block-image aligncenter size-full\"><a href=\"https:\/\/smilingway.cz\/wp-content\/uploads\/2023\/02\/IMG_20190713_114612.jpg\"><img decoding=\"async\" width=\"800\" height=\"600\" src=\"https:\/\/smilingway.cz\/wp-content\/uploads\/2023\/02\/IMG_20190713_114612.jpg\" alt=\"\" class=\"wp-image-125125\" srcset=\"https:\/\/smilingway.cz\/wp-content\/uploads\/2023\/02\/IMG_20190713_114612.jpg 800w, https:\/\/smilingway.cz\/wp-content\/uploads\/2023\/02\/IMG_20190713_114612-300x225.jpg 300w, https:\/\/smilingway.cz\/wp-content\/uploads\/2023\/02\/IMG_20190713_114612-768x576.jpg 768w\" sizes=\"(max-width: 800px) 100vw, 800px\" \/><\/a><\/figure>\n\n<figure class=\"wp-block-image aligncenter size-full is-resized\"><a href=\"https:\/\/smilingway.cz\/wp-content\/uploads\/2023\/02\/IMG_20211030_104011_1-2-scaled-1.jpg\"><img decoding=\"async\" width=\"924\" height=\"693\" src=\"https:\/\/smilingway.cz\/wp-content\/uploads\/2023\/02\/IMG_20211030_104011_1-2-scaled-1.jpg\" alt=\"\" class=\"wp-image-125135\" style=\"width:693px;height:520px\" srcset=\"https:\/\/smilingway.cz\/wp-content\/uploads\/2023\/02\/IMG_20211030_104011_1-2-scaled-1.jpg 924w, https:\/\/smilingway.cz\/wp-content\/uploads\/2023\/02\/IMG_20211030_104011_1-2-scaled-1-300x225.jpg 300w, https:\/\/smilingway.cz\/wp-content\/uploads\/2023\/02\/IMG_20211030_104011_1-2-scaled-1-768x576.jpg 768w\" sizes=\"(max-width: 924px) 100vw, 924px\" \/><\/a><\/figure>\n\n<p>Und obwohl billiges Reisen durchaus etwas f\u00fcr sich hatte, reisen wir heute anders. Auch wegen unserer Jungs (2 und 4 Jahre alt). Wir planen im Voraus und suchen nach Optionen mit dem besten Preis-Leistungs-Verh\u00e4ltnis. Wir wollen uns vor Ort keinen Stress mehr machen, deshalb reisen wir mit gepr\u00fcften Unternehmen. Und genau das m\u00f6chten wir in diesem Blog vermitteln.  <\/p>\n\n<p>Sie halfen mit ihrer Erfahrung und ihren Tipps, wie man den perfekten Urlaub plant.  <\/p>\n\n<p>Entdecken Sie mit uns <a href=\"https:\/\/smilingway.cz\/de\/london-sehenswuerdigkeiten\/\">London<\/a>, <a href=\"https:\/\/smilingway.cz\/de\/paris-in-3-tagen\/\">Paris<\/a>, <a href=\"https:\/\/smilingway.cz\/de\/rome-sehenswurdigkeiten-eintrittspreise\/\">Rom<\/a>, <a href=\"https:\/\/smilingway.cz\/de\/sehenswuerdigkeiten-in-lissabon\/\">Lissabon<\/a>, aber auch <a href=\"https:\/\/smilingway.cz\/de\/dubai\/\">Dubai<\/a> oder <a href=\"https:\/\/smilingway.cz\/pamatky-v-new-yorku\/\">New York<\/a>. Machen Sie einen Spaziergang in den H\u00fcgeln <a href=\"https:\/\/smilingway.cz\/rakouske-alpy\/\">der \u00f6sterreichischen Alpen<\/a> oder der <a href=\"https:\/\/smilingway.cz\/dolomity-nejkrasnejsi-mista\/\">Dolomiten<\/a>. Oder genie\u00dfen Sie die Weinberge der <a href=\"https:\/\/smilingway.cz\/de\/toskana\/\">Toskana<\/a> und die Lavendelfelder der <a href=\"https:\/\/smilingway.cz\/provence-francie\/\">Provence<\/a>. Lassen Sie sich inspirieren und w\u00e4hlen Sie <a href=\"https:\/\/smilingway.cz\/de\/ziel\/\" target=\"_blank\" rel=\"noreferrer noopener\">hier<\/a> Ihren Urlaub aus.  <\/p>\n\n<p>Wir sind der Meinung, dass man nicht um die halbe Welt fliegen muss, um sch\u00f6ne Orte zu entdecken.<\/p>\n\n<p>Keiner der Artikel auf dieser Website ist gesponsert. Wir tragen alle Kosten selbst, um sicherzustellen, dass unsere Meinungen objektiv und unvoreingenommen sind.<\/p>\n\n<p>Danke, dass Sie mit uns reisen. Ich danke Ihnen f\u00fcr jedes Feedback in den Kommentaren oder per E-Mail. Wir wissen das wirklich zu sch\u00e4tzen!<\/p>\n\n<p>Blanka, Petya und Kinder<\/p>\n","protected":false},"excerpt":{"rendered":"<p>Willkommen in unserem Blog! Wir sind eine vierk\u00f6pfige Familie aus Westb\u00f6hmen, die gerne neue Orte erkundet, entdeckt und deren Atmosph\u00e4re in sich aufnimmt. Keiner von [&hellip;]<\/p>\n","protected":false},"author":1,"featured_media":0,"parent":0,"menu_order":0,"comment_status":"open","ping_status":"closed","template":"","meta":{"_uag_custom_page_level_css":"","site-sidebar-layout":"default","site-content-layout":"default","ast-site-content-layout":"normal-width-container","site-content-style":"default","site-sidebar-style":"default","ast-global-header-display":"","ast-banner-title-visibility":"","ast-main-header-display":"","ast-hfb-above-header-display":"","ast-hfb-below-header-display":"","ast-hfb-mobile-header-display":"","site-post-title":"disabled","ast-breadcrumbs-content":"","ast-featured-img":"","footer-sml-layout":"","ast-disable-related-posts":"","theme-transparent-header-meta":"default","adv-header-id-meta":"","stick-header-meta":"default","header-above-stick-meta":"","header-main-stick-meta":"","header-below-stick-meta":"","astra-migrate-meta-layouts":"default","ast-page-background-enabled":"default","ast-page-background-meta":{"desktop":{"background-color":"","background-image":"","background-repeat":"repeat","background-position":"center center","background-size":"auto","background-attachment":"scroll","background-type":"","background-media":"","overlay-type":"","overlay-color":"","overlay-opacity":"","overlay-gradient":""},"tablet":{"background-color":"","background-image":"","background-repeat":"repeat","background-position":"center center","background-size":"auto","background-attachment":"scroll","background-type":"","background-media":"","overlay-type":"","overlay-color":"","overlay-opacity":"","overlay-gradient":""},"mobile":{"background-color":"","background-image":"","background-repeat":"repeat","background-position":"center center","background-size":"auto","background-attachment":"scroll","background-type":"","background-media":"","overlay-type":"","overlay-color":"","overlay-opacity":"","overlay-gradient":""}},"ast-content-background-meta":{"desktop":{"background-color":"var(--ast-global-color-5)","background-image":"","background-repeat":"repeat","background-position":"center center","background-size":"auto","background-attachment":"scroll","background-type":"","background-media":"","overlay-type":"","overlay-color":"","overlay-opacity":"","overlay-gradient":""},"tablet":{"background-color":"var(--ast-global-color-5)","background-image":"","background-repeat":"repeat","background-position":"center center","background-size":"auto","background-attachment":"scroll","background-type":"","background-media":"","overlay-type":"","overlay-color":"","overlay-opacity":"","overlay-gradient":""},"mobile":{"background-color":"var(--ast-global-color-5)","background-image":"","background-repeat":"repeat","background-position":"center center","background-size":"auto","background-attachment":"scroll","background-type":"","background-media":"","overlay-type":"","overlay-color":"","overlay-opacity":"","overlay-gradient":""}},"footnotes":""},"class_list":["post-53960","page","type-page","status-publish","hentry"],"yoast_head":"<!-- This site is optimized with the Yoast SEO plugin v27.3 - https:\/\/yoast.com\/product\/yoast-seo-wordpress\/ -->\n<title>\u00dcBER UNS - SMILING WAY<\/title>\n<meta name=\"robots\" content=\"index, follow, max-snippet:-1, max-image-preview:large, max-video-preview:-1\" \/>\n<link rel=\"canonical\" href=\"https:\/\/smilingway.cz\/de\/ueber-uns\/\" \/>\n<meta property=\"og:locale\" content=\"de_DE\" \/>\n<meta property=\"og:type\" content=\"article\" \/>\n<meta property=\"og:title\" content=\"\u00dcBER UNS - SMILING WAY\" \/>\n<meta property=\"og:description\" content=\"Willkommen in unserem Blog! Wir sind eine vierk\u00f6pfige Familie aus Westb\u00f6hmen, die gerne neue Orte erkundet, entdeckt und deren Atmosph\u00e4re in sich aufnimmt. Keiner von [&hellip;]\" \/>\n<meta property=\"og:url\" content=\"https:\/\/smilingway.cz\/de\/ueber-uns\/\" \/>\n<meta property=\"og:site_name\" content=\"SMILING WAY\" \/>\n<meta property=\"article:publisher\" content=\"https:\/\/www.facebook.com\/smilingwaycz\/\" \/>\n<meta property=\"article:modified_time\" content=\"2024-04-30T11:28:26+00:00\" \/>\n<meta property=\"og:image\" content=\"https:\/\/smilingway.cz\/wp-content\/uploads\/2023\/02\/IMG_20180707_152138-1024x768-1-2.jpg\" \/>\n<meta name=\"twitter:card\" content=\"summary_large_image\" \/>\n<meta name=\"twitter:site\" content=\"@smilingwaycz\" \/>\n<meta name=\"twitter:label1\" content=\"Gesch\u00e4tzte Lesezeit\" \/>\n\t<meta name=\"twitter:data1\" content=\"2\u00a0Minuten\" \/>\n<!-- \/ Yoast SEO plugin. -->","yoast_head_json":{"title":"\u00dcBER UNS - SMILING WAY","robots":{"index":"index","follow":"follow","max-snippet":"max-snippet:-1","max-image-preview":"max-image-preview:large","max-video-preview":"max-video-preview:-1"},"canonical":"https:\/\/smilingway.cz\/de\/ueber-uns\/","og_locale":"de_DE","og_type":"article","og_title":"\u00dcBER UNS - SMILING WAY","og_description":"Willkommen in unserem Blog! Wir sind eine vierk\u00f6pfige Familie aus Westb\u00f6hmen, die gerne neue Orte erkundet, entdeckt und deren Atmosph\u00e4re in sich aufnimmt. Keiner von [&hellip;]","og_url":"https:\/\/smilingway.cz\/de\/ueber-uns\/","og_site_name":"SMILING WAY","article_publisher":"https:\/\/www.facebook.com\/smilingwaycz\/","article_modified_time":"2024-04-30T11:28:26+00:00","og_image":[{"url":"https:\/\/smilingway.cz\/wp-content\/uploads\/2023\/02\/IMG_20180707_152138-1024x768-1-2.jpg","type":"","width":"","height":""}],"twitter_card":"summary_large_image","twitter_site":"@smilingwaycz","twitter_misc":{"Gesch\u00e4tzte Lesezeit":"2\u00a0Minuten"},"schema":{"@context":"https:\/\/schema.org","@graph":[{"@type":"WebPage","@id":"https:\/\/smilingway.cz\/de\/ueber-uns\/","url":"https:\/\/smilingway.cz\/de\/ueber-uns\/","name":"\u00dcBER UNS - SMILING WAY","isPartOf":{"@id":"https:\/\/smilingway.cz\/de\/#website"},"primaryImageOfPage":{"@id":"https:\/\/smilingway.cz\/de\/ueber-uns\/#primaryimage"},"image":{"@id":"https:\/\/smilingway.cz\/de\/ueber-uns\/#primaryimage"},"thumbnailUrl":"https:\/\/smilingway.cz\/wp-content\/uploads\/2023\/02\/IMG_20180707_152138-1024x768-1-2.jpg","datePublished":"2023-02-11T18:11:00+00:00","dateModified":"2024-04-30T11:28:26+00:00","breadcrumb":{"@id":"https:\/\/smilingway.cz\/de\/ueber-uns\/#breadcrumb"},"inLanguage":"de","potentialAction":[{"@type":"ReadAction","target":["https:\/\/smilingway.cz\/de\/ueber-uns\/"]}]},{"@type":"ImageObject","inLanguage":"de","@id":"https:\/\/smilingway.cz\/de\/ueber-uns\/#primaryimage","url":"https:\/\/smilingway.cz\/wp-content\/uploads\/2023\/02\/IMG_20180707_152138-1024x768-1-2.jpg","contentUrl":"https:\/\/smilingway.cz\/wp-content\/uploads\/2023\/02\/IMG_20180707_152138-1024x768-1-2.jpg"},{"@type":"BreadcrumbList","@id":"https:\/\/smilingway.cz\/de\/ueber-uns\/#breadcrumb","itemListElement":[{"@type":"ListItem","position":1,"name":"Startseite","item":"https:\/\/smilingway.cz\/de\/"},{"@type":"ListItem","position":2,"name":"\u00dcBER UNS"}]},{"@type":"WebSite","@id":"https:\/\/smilingway.cz\/de\/#website","url":"https:\/\/smilingway.cz\/de\/","name":"Smiling Way","description":"Reisetipps, Inspiration und Reisef\u00fchrer","publisher":{"@id":"https:\/\/smilingway.cz\/de\/#\/schema\/person\/1bb9c7a0f759e37cc3c643cfcf64b9ee"},"potentialAction":[{"@type":"SearchAction","target":{"@type":"EntryPoint","urlTemplate":"https:\/\/smilingway.cz\/de\/?s={search_term_string}"},"query-input":{"@type":"PropertyValueSpecification","valueRequired":true,"valueName":"search_term_string"}}],"inLanguage":"de"},{"@type":["Person","Organization"],"@id":"https:\/\/smilingway.cz\/de\/#\/schema\/person\/1bb9c7a0f759e37cc3c643cfcf64b9ee","name":"Blanka","image":{"@type":"ImageObject","inLanguage":"de","@id":"https:\/\/smilingway.cz\/wp-content\/uploads\/2023\/08\/IMG_20190712_115524_optimized-1-1024x768-1.jpg","url":"https:\/\/smilingway.cz\/wp-content\/uploads\/2023\/08\/IMG_20190712_115524_optimized-1-1024x768-1.jpg","contentUrl":"https:\/\/smilingway.cz\/wp-content\/uploads\/2023\/08\/IMG_20190712_115524_optimized-1-1024x768-1.jpg","width":1024,"height":768,"caption":"Blanka"},"logo":{"@id":"https:\/\/smilingway.cz\/wp-content\/uploads\/2023\/08\/IMG_20190712_115524_optimized-1-1024x768-1.jpg"},"sameAs":["https:\/\/www.facebook.com\/smilingwaycz\/","https:\/\/cz.pinterest.com\/smilingwaycz\/","https:\/\/x.com\/smilingwaycz"]}]}},"spectra_custom_meta":{"_wpml_media_featured":["1"],"adv-header-id-meta":[""],"stick-header-meta":["default"],"site-sidebar-layout":["default"],"site-content-layout":["default"],"theme-transparent-header-meta":["default"],"_top_nav_excluded":[""],"_cms_nav_minihome":[""],"_wp_page_template":["default"],"_last_translation_edit_mode":["translation-editor"],"saswp_schema_type_product_pros_enable_cons":["0"],"site-post-title":["disabled"],"_wpml_media_duplicate":["0"],"ast-site-content-layout":["normal-width-container"],"_wpml_media_has_media":["1"]},"uagb_featured_image_src":{"full":false,"thumbnail":false,"medium":false,"medium_large":false,"large":false,"1536x1536":false,"2048x2048":false},"uagb_author_info":{"display_name":"Blanka","author_link":"https:\/\/smilingway.cz\/de\/author\/admin\/"},"uagb_comment_info":0,"uagb_excerpt":"Willkommen in unserem Blog! Wir sind eine vierk\u00f6pfige Familie aus Westb\u00f6hmen, die gerne neue Orte erkundet, entdeckt und deren Atmosph\u00e4re in sich aufnimmt. Keiner von [&hellip;]","_links":{"self":[{"href":"https:\/\/smilingway.cz\/de\/wp-json\/wp\/v2\/pages\/53960","targetHints":{"allow":["GET"]}}],"collection":[{"href":"https:\/\/smilingway.cz\/de\/wp-json\/wp\/v2\/pages"}],"about":[{"href":"https:\/\/smilingway.cz\/de\/wp-json\/wp\/v2\/types\/page"}],"author":[{"embeddable":true,"href":"https:\/\/smilingway.cz\/de\/wp-json\/wp\/v2\/users\/1"}],"replies":[{"embeddable":true,"href":"https:\/\/smilingway.cz\/de\/wp-json\/wp\/v2\/comments?post=53960"}],"version-history":[{"count":0,"href":"https:\/\/smilingway.cz\/de\/wp-json\/wp\/v2\/pages\/53960\/revisions"}],"wp:attachment":[{"href":"https:\/\/smilingway.cz\/de\/wp-json\/wp\/v2\/media?parent=53960"}],"curies":[{"name":"wp","href":"https:\/\/api.w.org\/{rel}","templated":true}]}}