{"id":53479,"date":"2021-12-19T07:38:15","date_gmt":"2021-12-19T07:38:15","guid":{"rendered":"https:\/\/smilingway.cz\/cookies\/"},"modified":"2022-03-29T19:01:05","modified_gmt":"2022-03-29T19:01:05","slug":"cookies","status":"publish","type":"page","link":"https:\/\/smilingway.cz\/de\/cookies\/","title":{"rendered":"Cookies"},"content":{"rendered":"\n<p>Mein Name ist Blanka Odv\u00e1rkov\u00e1 und ich bin die Betreiberin der Website <a href=\"https:\/\/smilingway.cz\/de\/\">smilingway.cz<\/a> .<\/p>\n\n<p>Meine Kontaktdaten sind: <\/p>\n\n<ul class=\"wp-block-list\"><li>Adresse: Zahradn\u00ed 615, 357 31 Horn\u00ed Slavkov, Tschechische Republik<\/li><li>E-Mail: <a href=\"mailto:napis@smilingway.cz\">napis@smilingway.cz<\/a><\/li><\/ul>\n<h2 class=\"wp-block-heading\">Was sind Cookies? <\/h2>\n\n<p>Cookies sind kleine Textdateien, die eine Website an einen Browser sendet, der sie dann auf Ihrem Ger\u00e4t (Computer, Handy, Tablet) speichert. Dies hilft mir bei der Analyse, welche Artikel Ihnen auf dieser Website gefallen, ob Sie regelm\u00e4\u00dfig zur\u00fcckkehren, was zu verbessern ist usw. Dank Cookies m\u00fcssen Sie Ihre Daten nicht st\u00e4ndig irgendwo im Internet eingeben. Sie sind kleine Helfer, die Ihnen das Surfen und Arbeiten im Internet erleichtern.<\/p>\n\n<h2 class=\"wp-block-heading\">Welche Arten von Cookies verwende ich? <\/h2>\n\n<p><strong>Technische und funktionale Cookies<\/strong> , die notwendig sind, damit die Website gut und sicher angezeigt wird. Es ist nicht m\u00f6glich, sie auszuschalten. <\/p>\n\n<p><strong>Analytische Cookies<\/strong> helfen mir zu verstehen und zu analysieren, an welchen Artikeln Sie am meisten interessiert sind und wonach Sie am meisten suchen. Dies erm\u00f6glicht es mir, diese Seite st\u00e4ndig zu verbessern und Artikel nach Ihren W\u00fcnschen zu erstellen.<\/p>\n\n<p>Dank <strong>Marketing-Cookies<\/strong> wird Ihnen nur die Werbung angezeigt, die Sie interessiert. <\/p>\n\n<h2 class=\"wp-block-heading\">Wof\u00fcr verarbeite ich Cookies? <\/h2>\n\n<p>Funktionale Cookies werden vom Cookie-Datenbank-Dienstleister Cookiesdatabase.org mit Sitz in Kalmarweg 14-5, Groningen, Niederlande, gem\u00e4\u00df <a href=\"https:\/\/cookiedatabase.org\/legal\/privacy-statement-eu\/\">deren Bedingungen<\/a> verarbeitet. <\/p>\n\n<p>Ich verarbeite analytische Cookies nur, wenn Sie mir Ihre Zustimmung geben. Cookies werden von Google Ireland Ltd. mit Sitz in Google Building Gordon House, 4 Barrow St, Dublin, D04 E5W5, Irland, gem\u00e4\u00df <a href=\"https:\/\/policies.google.com\/technologies\/cookies?hl=cs\">deren Bedingungen<\/a> verarbeitet <\/p>\n\n<h2 class=\"wp-block-heading\">Wie l\u00f6sche ich Cookies? <\/h2>\n\n<p>Sie k\u00f6nnen Cookies einfach l\u00f6schen, indem Sie den Verlauf in Ihrem Browser l\u00f6schen. <\/p>\n\n<h2 class=\"wp-block-heading\">Wie kann man Cookies deaktivieren? <\/h2>\n\n<p>Nachfolgend finden Sie Anweisungen, wie Sie Cookies in einzelnen Browsern deaktivieren k\u00f6nnen:<\/p>\n\n<ul class=\"wp-block-list\"><li><a href=\"https:\/\/support.google.com\/accounts\/answer\/61416?hl=cs\">Chrome<\/a><\/li><li><a href=\"https:\/\/support.mozilla.org\/cs\/kb\/vymazani-cookies-dat-stranek?redirectlocale=cs&amp;redirectslug=vymazani-cookies\">Firefox<\/a><\/li><li><a href=\"https:\/\/support.microsoft.com\/cs-cz\/help\/17442\/windows-internet-explorer-delete-manage-cookies\">Internet Explorer<\/a><\/li><li><a href=\"https:\/\/help.opera.com\/cs\/latest\/web-preferences\/\">Opera<\/a><\/li><li><a href=\"https:\/\/napoveda.seznam.cz\/cz\/email\/seznam.cz-prohlizec\/smazani-docasnych-souboru-cookies-seznam\/\">Seznam<\/a><\/li><li><a href=\"https:\/\/support.google.com\/chrome\/answer\/2392709?visit_id=1-636270856459123937-2696746637&amp;rd=1&amp;co=GENIE.Platform%3DAndroid&amp;oco=1\">Android<\/a><\/li><li><a href=\"https:\/\/support.apple.com\/cs-cz\/guide\/safari\/sfri11471\/mac\">Safari<\/a><\/li><li><a href=\"https:\/\/support.microsoft.com\/cs-cz\/windows\/microsoft-edge-data-o-proch%C3%A1zen%C3%AD-a-ochrana-soukrom%C3%AD-bb8174ba-9d73-dcf2-9b4a-c582b4e640dd\">Microsoft Edge<\/a><\/li><\/ul>\n<p>Weitere Informationen zur Verarbeitung personenbezogener Daten finden Sie <a href=\"https:\/\/smilingway.cz\/de\/datenschutz-bestimmungen\/\" target=\"_blank\" rel=\"noreferrer noopener\">hier<\/a> . <\/p>\n\n<p>Diese Richtlinien wurden mit <a href=\"https:\/\/cookiedatabase.org\/\" target=\"_blank\" rel=\"noreferrer noopener\">cookiedatabase.org<\/a> 19 synchronisiert. 12. 2021.<\/p>\n","protected":false},"excerpt":{"rendered":"<p>Mein Name ist Blanka Odv\u00e1rkov\u00e1 und ich bin die Betreiberin der Website smilingway.cz . Meine Kontaktdaten sind: Adresse: Zahradn\u00ed 615, 357 31 Horn\u00ed Slavkov, Tschechische [&hellip;]<\/p>\n","protected":false},"author":1,"featured_media":0,"parent":0,"menu_order":0,"comment_status":"closed","ping_status":"closed","template":"","meta":{"_uag_custom_page_level_css":"","site-sidebar-layout":"default","site-content-layout":"","ast-site-content-layout":"default","site-content-style":"default","site-sidebar-style":"default","ast-global-header-display":"","ast-banner-title-visibility":"","ast-main-header-display":"","ast-hfb-above-header-display":"","ast-hfb-below-header-display":"","ast-hfb-mobile-header-display":"","site-post-title":"","ast-breadcrumbs-content":"","ast-featured-img":"","footer-sml-layout":"","ast-disable-related-posts":"","theme-transparent-header-meta":"","adv-header-id-meta":"","stick-header-meta":"","header-above-stick-meta":"","header-main-stick-meta":"","header-below-stick-meta":"","astra-migrate-meta-layouts":"default","ast-page-background-enabled":"default","ast-page-background-meta":{"desktop":{"background-color":"","background-image":"","background-repeat":"repeat","background-position":"center center","background-size":"auto","background-attachment":"scroll","background-type":"","background-media":"","overlay-type":"","overlay-color":"","overlay-opacity":"","overlay-gradient":""},"tablet":{"background-color":"","background-image":"","background-repeat":"repeat","background-position":"center center","background-size":"auto","background-attachment":"scroll","background-type":"","background-media":"","overlay-type":"","overlay-color":"","overlay-opacity":"","overlay-gradient":""},"mobile":{"background-color":"","background-image":"","background-repeat":"repeat","background-position":"center center","background-size":"auto","background-attachment":"scroll","background-type":"","background-media":"","overlay-type":"","overlay-color":"","overlay-opacity":"","overlay-gradient":""}},"ast-content-background-meta":{"desktop":{"background-color":"var(--ast-global-color-5)","background-image":"","background-repeat":"repeat","background-position":"center center","background-size":"auto","background-attachment":"scroll","background-type":"","background-media":"","overlay-type":"","overlay-color":"","overlay-opacity":"","overlay-gradient":""},"tablet":{"background-color":"var(--ast-global-color-5)","background-image":"","background-repeat":"repeat","background-position":"center center","background-size":"auto","background-attachment":"scroll","background-type":"","background-media":"","overlay-type":"","overlay-color":"","overlay-opacity":"","overlay-gradient":""},"mobile":{"background-color":"var(--ast-global-color-5)","background-image":"","background-repeat":"repeat","background-position":"center center","background-size":"auto","background-attachment":"scroll","background-type":"","background-media":"","overlay-type":"","overlay-color":"","overlay-opacity":"","overlay-gradient":""}},"footnotes":""},"class_list":["post-53479","page","type-page","status-publish","hentry"],"yoast_head":"<!-- This site is optimized with the Yoast SEO plugin v27.3 - https:\/\/yoast.com\/product\/yoast-seo-wordpress\/ -->\n<title>Cookies - SMILING WAY<\/title>\n<meta name=\"robots\" content=\"index, follow, max-snippet:-1, max-image-preview:large, max-video-preview:-1\" \/>\n<link rel=\"canonical\" href=\"https:\/\/smilingway.cz\/de\/cookies\/\" \/>\n<meta property=\"og:locale\" content=\"de_DE\" \/>\n<meta property=\"og:type\" content=\"article\" \/>\n<meta property=\"og:title\" content=\"Cookies - SMILING WAY\" \/>\n<meta property=\"og:description\" content=\"Mein Name ist Blanka Odv\u00e1rkov\u00e1 und ich bin die Betreiberin der Website smilingway.cz . Meine Kontaktdaten sind: Adresse: Zahradn\u00ed 615, 357 31 Horn\u00ed Slavkov, Tschechische [&hellip;]\" \/>\n<meta property=\"og:url\" content=\"https:\/\/smilingway.cz\/de\/cookies\/\" \/>\n<meta property=\"og:site_name\" content=\"SMILING WAY\" \/>\n<meta property=\"article:publisher\" content=\"https:\/\/www.facebook.com\/smilingwaycz\/\" \/>\n<meta property=\"article:modified_time\" content=\"2022-03-29T19:01:05+00:00\" \/>\n<meta name=\"twitter:card\" content=\"summary_large_image\" \/>\n<meta name=\"twitter:site\" content=\"@smilingwaycz\" \/>\n<meta name=\"twitter:label1\" content=\"Gesch\u00e4tzte Lesezeit\" \/>\n\t<meta name=\"twitter:data1\" content=\"2\u00a0Minuten\" \/>\n<!-- \/ Yoast SEO plugin. -->","yoast_head_json":{"title":"Cookies - SMILING WAY","robots":{"index":"index","follow":"follow","max-snippet":"max-snippet:-1","max-image-preview":"max-image-preview:large","max-video-preview":"max-video-preview:-1"},"canonical":"https:\/\/smilingway.cz\/de\/cookies\/","og_locale":"de_DE","og_type":"article","og_title":"Cookies - SMILING WAY","og_description":"Mein Name ist Blanka Odv\u00e1rkov\u00e1 und ich bin die Betreiberin der Website smilingway.cz . Meine Kontaktdaten sind: Adresse: Zahradn\u00ed 615, 357 31 Horn\u00ed Slavkov, Tschechische [&hellip;]","og_url":"https:\/\/smilingway.cz\/de\/cookies\/","og_site_name":"SMILING WAY","article_publisher":"https:\/\/www.facebook.com\/smilingwaycz\/","article_modified_time":"2022-03-29T19:01:05+00:00","twitter_card":"summary_large_image","twitter_site":"@smilingwaycz","twitter_misc":{"Gesch\u00e4tzte Lesezeit":"2\u00a0Minuten"},"schema":{"@context":"https:\/\/schema.org","@graph":[{"@type":"WebPage","@id":"https:\/\/smilingway.cz\/de\/cookies\/","url":"https:\/\/smilingway.cz\/de\/cookies\/","name":"Cookies - SMILING WAY","isPartOf":{"@id":"https:\/\/smilingway.cz\/de\/#website"},"datePublished":"2021-12-19T07:38:15+00:00","dateModified":"2022-03-29T19:01:05+00:00","breadcrumb":{"@id":"https:\/\/smilingway.cz\/de\/cookies\/#breadcrumb"},"inLanguage":"de","potentialAction":[{"@type":"ReadAction","target":["https:\/\/smilingway.cz\/de\/cookies\/"]}]},{"@type":"BreadcrumbList","@id":"https:\/\/smilingway.cz\/de\/cookies\/#breadcrumb","itemListElement":[{"@type":"ListItem","position":1,"name":"Startseite","item":"https:\/\/smilingway.cz\/de\/"},{"@type":"ListItem","position":2,"name":"Cookies"}]},{"@type":"WebSite","@id":"https:\/\/smilingway.cz\/de\/#website","url":"https:\/\/smilingway.cz\/de\/","name":"Smiling Way","description":"Reisetipps, Inspiration und Reisef\u00fchrer","publisher":{"@id":"https:\/\/smilingway.cz\/de\/#\/schema\/person\/1bb9c7a0f759e37cc3c643cfcf64b9ee"},"potentialAction":[{"@type":"SearchAction","target":{"@type":"EntryPoint","urlTemplate":"https:\/\/smilingway.cz\/de\/?s={search_term_string}"},"query-input":{"@type":"PropertyValueSpecification","valueRequired":true,"valueName":"search_term_string"}}],"inLanguage":"de"},{"@type":["Person","Organization"],"@id":"https:\/\/smilingway.cz\/de\/#\/schema\/person\/1bb9c7a0f759e37cc3c643cfcf64b9ee","name":"Blanka","image":{"@type":"ImageObject","inLanguage":"de","@id":"https:\/\/smilingway.cz\/wp-content\/uploads\/2023\/08\/IMG_20190712_115524_optimized-1-1024x768-1.jpg","url":"https:\/\/smilingway.cz\/wp-content\/uploads\/2023\/08\/IMG_20190712_115524_optimized-1-1024x768-1.jpg","contentUrl":"https:\/\/smilingway.cz\/wp-content\/uploads\/2023\/08\/IMG_20190712_115524_optimized-1-1024x768-1.jpg","width":1024,"height":768,"caption":"Blanka"},"logo":{"@id":"https:\/\/smilingway.cz\/wp-content\/uploads\/2023\/08\/IMG_20190712_115524_optimized-1-1024x768-1.jpg"},"sameAs":["https:\/\/www.facebook.com\/smilingwaycz\/","https:\/\/cz.pinterest.com\/smilingwaycz\/","https:\/\/x.com\/smilingwaycz"]}]}},"spectra_custom_meta":{"_wpml_media_duplicate":["0"],"_wpml_media_featured":["1"],"_top_nav_excluded":[""],"_cms_nav_minihome":[""],"_last_translation_edit_mode":["translation-editor"],"_wp_page_template":[""],"_uag_page_assets":["a:9:{s:3:\"css\";s:0:\"\";s:2:\"js\";s:0:\"\";s:18:\"current_block_list\";a:5:{i:0;s:22:\"tadv\/classic-paragraph\";i:1;s:14:\"core\/paragraph\";i:2;s:9:\"core\/list\";i:3;s:12:\"core\/heading\";i:4;s:10:\"core\/image\";}s:8:\"uag_flag\";b:0;s:11:\"uag_version\";s:10:\"1776142184\";s:6:\"gfonts\";a:1:{s:7:\"Default\";a:2:{s:10:\"fontfamily\";s:7:\"Default\";s:12:\"fontvariants\";a:0:{}}}s:10:\"gfonts_url\";s:71:\"\/\/fonts.googleapis.com\/css?family=Default&subset=latin&display=fallback\";s:12:\"gfonts_files\";a:0:{}s:14:\"uag_faq_layout\";b:0;}"]},"uagb_featured_image_src":{"full":false,"thumbnail":false,"medium":false,"medium_large":false,"large":false,"1536x1536":false,"2048x2048":false},"uagb_author_info":{"display_name":"Blanka","author_link":"https:\/\/smilingway.cz\/de\/author\/admin\/"},"uagb_comment_info":0,"uagb_excerpt":"Mein Name ist Blanka Odv\u00e1rkov\u00e1 und ich bin die Betreiberin der Website smilingway.cz . Meine Kontaktdaten sind: Adresse: Zahradn\u00ed 615, 357 31 Horn\u00ed Slavkov, Tschechische [&hellip;]","_links":{"self":[{"href":"https:\/\/smilingway.cz\/de\/wp-json\/wp\/v2\/pages\/53479","targetHints":{"allow":["GET"]}}],"collection":[{"href":"https:\/\/smilingway.cz\/de\/wp-json\/wp\/v2\/pages"}],"about":[{"href":"https:\/\/smilingway.cz\/de\/wp-json\/wp\/v2\/types\/page"}],"author":[{"embeddable":true,"href":"https:\/\/smilingway.cz\/de\/wp-json\/wp\/v2\/users\/1"}],"replies":[{"embeddable":true,"href":"https:\/\/smilingway.cz\/de\/wp-json\/wp\/v2\/comments?post=53479"}],"version-history":[{"count":0,"href":"https:\/\/smilingway.cz\/de\/wp-json\/wp\/v2\/pages\/53479\/revisions"}],"wp:attachment":[{"href":"https:\/\/smilingway.cz\/de\/wp-json\/wp\/v2\/media?parent=53479"}],"curies":[{"name":"wp","href":"https:\/\/api.w.org\/{rel}","templated":true}]}}