{"id":53242,"date":"2022-03-29T04:00:52","date_gmt":"2022-03-29T04:00:52","guid":{"rendered":"https:\/\/smilingway.cz\/offenlegung-von-partnern\/"},"modified":"2022-03-29T18:57:42","modified_gmt":"2022-03-29T18:57:42","slug":"offenlegung-von-partnern","status":"publish","type":"page","link":"https:\/\/smilingway.cz\/de\/offenlegung-von-partnern\/","title":{"rendered":"Offenlegung von Partnern"},"content":{"rendered":"\n<p>Aktualisiert am 29. 3. 2022<\/p>\n\n<p>Ich habe diese Website erstellt, um die Reiseplanung mit detaillierten Reisef\u00fchrern zu erleichtern, die Informationen zu Transport, Unterkunft, Preisen, Sehensw\u00fcrdigkeiten und anderen n\u00fctzlichen Tipps f\u00fcr ein bestimmtes Gebiet enthalten. Kein Artikel ist gesponsert oder enth\u00e4lt bezahlte Werbung. Mein Ziel ist es, transparente und klare Informationen auf der Grundlage unabh\u00e4ngiger Bewertungen und Erfahrungen bereitzustellen. Einige Links werden aufgerufen Affiliate-Links. <\/p>\n\n<p>Was sind Affiliate-Links? Wenn du auf den Link klickst und kaufst, bekomme ich eine kleine Provision. Damit kann ich den Betrieb dieser Seite (Hosting, Domain etc.) finanzieren. <strong>Ihr Betrag erh\u00f6ht sich nicht. Der zugeh\u00f6rige Link \u00e4ndert nicht den Preis, den Sie kaufen. <\/strong>Wenn Sie \u00fcber meinen Link einen Kauf t\u00e4tigen, unterst\u00fctzen Sie nur den Betrieb dieser Website. <\/p>\n\n<p>Danke f\u00fcr Ihre Unterst\u00fctzung. Bei Fragen stehe ich Ihnen unter napis@smilingway.cz zur Verf\u00fcgung. <\/p>\n\n<p>Blanka | Smiling Way<\/p>\n","protected":false},"excerpt":{"rendered":"<p>Aktualisiert am 29. 3. 2022 Ich habe diese Website erstellt, um die Reiseplanung mit detaillierten Reisef\u00fchrern zu erleichtern, die Informationen zu Transport, Unterkunft, Preisen, Sehensw\u00fcrdigkeiten [&hellip;]<\/p>\n","protected":false},"author":1,"featured_media":0,"parent":0,"menu_order":0,"comment_status":"closed","ping_status":"closed","template":"","meta":{"_uag_custom_page_level_css":"","site-sidebar-layout":"default","site-content-layout":"","ast-site-content-layout":"default","site-content-style":"default","site-sidebar-style":"default","ast-global-header-display":"","ast-banner-title-visibility":"","ast-main-header-display":"","ast-hfb-above-header-display":"","ast-hfb-below-header-display":"","ast-hfb-mobile-header-display":"","site-post-title":"","ast-breadcrumbs-content":"","ast-featured-img":"","footer-sml-layout":"","ast-disable-related-posts":"","theme-transparent-header-meta":"","adv-header-id-meta":"","stick-header-meta":"","header-above-stick-meta":"","header-main-stick-meta":"","header-below-stick-meta":"","astra-migrate-meta-layouts":"default","ast-page-background-enabled":"default","ast-page-background-meta":{"desktop":{"background-color":"","background-image":"","background-repeat":"repeat","background-position":"center center","background-size":"auto","background-attachment":"scroll","background-type":"","background-media":"","overlay-type":"","overlay-color":"","overlay-opacity":"","overlay-gradient":""},"tablet":{"background-color":"","background-image":"","background-repeat":"repeat","background-position":"center center","background-size":"auto","background-attachment":"scroll","background-type":"","background-media":"","overlay-type":"","overlay-color":"","overlay-opacity":"","overlay-gradient":""},"mobile":{"background-color":"","background-image":"","background-repeat":"repeat","background-position":"center center","background-size":"auto","background-attachment":"scroll","background-type":"","background-media":"","overlay-type":"","overlay-color":"","overlay-opacity":"","overlay-gradient":""}},"ast-content-background-meta":{"desktop":{"background-color":"var(--ast-global-color-5)","background-image":"","background-repeat":"repeat","background-position":"center center","background-size":"auto","background-attachment":"scroll","background-type":"","background-media":"","overlay-type":"","overlay-color":"","overlay-opacity":"","overlay-gradient":""},"tablet":{"background-color":"var(--ast-global-color-5)","background-image":"","background-repeat":"repeat","background-position":"center center","background-size":"auto","background-attachment":"scroll","background-type":"","background-media":"","overlay-type":"","overlay-color":"","overlay-opacity":"","overlay-gradient":""},"mobile":{"background-color":"var(--ast-global-color-5)","background-image":"","background-repeat":"repeat","background-position":"center center","background-size":"auto","background-attachment":"scroll","background-type":"","background-media":"","overlay-type":"","overlay-color":"","overlay-opacity":"","overlay-gradient":""}},"footnotes":""},"class_list":["post-53242","page","type-page","status-publish","hentry"],"yoast_head":"<!-- This site is optimized with the Yoast SEO plugin v27.4 - https:\/\/yoast.com\/product\/yoast-seo-wordpress\/ -->\n<title>Offenlegung von Partnern - SMILING WAY<\/title>\n<meta name=\"robots\" content=\"index, follow, max-snippet:-1, max-image-preview:large, max-video-preview:-1\" \/>\n<link rel=\"canonical\" href=\"https:\/\/smilingway.cz\/de\/offenlegung-von-partnern\/\" \/>\n<meta property=\"og:locale\" content=\"de_DE\" \/>\n<meta property=\"og:type\" content=\"article\" \/>\n<meta property=\"og:title\" content=\"Offenlegung von Partnern - SMILING WAY\" \/>\n<meta property=\"og:description\" content=\"Aktualisiert am 29. 3. 2022 Ich habe diese Website erstellt, um die Reiseplanung mit detaillierten Reisef\u00fchrern zu erleichtern, die Informationen zu Transport, Unterkunft, Preisen, Sehensw\u00fcrdigkeiten [&hellip;]\" \/>\n<meta property=\"og:url\" content=\"https:\/\/smilingway.cz\/de\/offenlegung-von-partnern\/\" \/>\n<meta property=\"og:site_name\" content=\"SMILING WAY\" \/>\n<meta property=\"article:publisher\" content=\"https:\/\/www.facebook.com\/smilingwaycz\/\" \/>\n<meta property=\"article:modified_time\" content=\"2022-03-29T18:57:42+00:00\" \/>\n<meta name=\"twitter:card\" content=\"summary_large_image\" \/>\n<meta name=\"twitter:site\" content=\"@smilingwaycz\" \/>\n<meta name=\"twitter:label1\" content=\"Gesch\u00e4tzte Lesezeit\" \/>\n\t<meta name=\"twitter:data1\" content=\"1\u00a0Minute\" \/>\n<!-- \/ Yoast SEO plugin. -->","yoast_head_json":{"title":"Offenlegung von Partnern - SMILING WAY","robots":{"index":"index","follow":"follow","max-snippet":"max-snippet:-1","max-image-preview":"max-image-preview:large","max-video-preview":"max-video-preview:-1"},"canonical":"https:\/\/smilingway.cz\/de\/offenlegung-von-partnern\/","og_locale":"de_DE","og_type":"article","og_title":"Offenlegung von Partnern - SMILING WAY","og_description":"Aktualisiert am 29. 3. 2022 Ich habe diese Website erstellt, um die Reiseplanung mit detaillierten Reisef\u00fchrern zu erleichtern, die Informationen zu Transport, Unterkunft, Preisen, Sehensw\u00fcrdigkeiten [&hellip;]","og_url":"https:\/\/smilingway.cz\/de\/offenlegung-von-partnern\/","og_site_name":"SMILING WAY","article_publisher":"https:\/\/www.facebook.com\/smilingwaycz\/","article_modified_time":"2022-03-29T18:57:42+00:00","twitter_card":"summary_large_image","twitter_site":"@smilingwaycz","twitter_misc":{"Gesch\u00e4tzte Lesezeit":"1\u00a0Minute"},"schema":{"@context":"https:\/\/schema.org","@graph":[{"@type":"WebPage","@id":"https:\/\/smilingway.cz\/de\/offenlegung-von-partnern\/","url":"https:\/\/smilingway.cz\/de\/offenlegung-von-partnern\/","name":"Offenlegung von Partnern - SMILING WAY","isPartOf":{"@id":"https:\/\/smilingway.cz\/de\/#website"},"datePublished":"2022-03-29T04:00:52+00:00","dateModified":"2022-03-29T18:57:42+00:00","breadcrumb":{"@id":"https:\/\/smilingway.cz\/de\/offenlegung-von-partnern\/#breadcrumb"},"inLanguage":"de","potentialAction":[{"@type":"ReadAction","target":["https:\/\/smilingway.cz\/de\/offenlegung-von-partnern\/"]}]},{"@type":"BreadcrumbList","@id":"https:\/\/smilingway.cz\/de\/offenlegung-von-partnern\/#breadcrumb","itemListElement":[{"@type":"ListItem","position":1,"name":"Startseite","item":"https:\/\/smilingway.cz\/de\/"},{"@type":"ListItem","position":2,"name":"Offenlegung von Partnern"}]},{"@type":"WebSite","@id":"https:\/\/smilingway.cz\/de\/#website","url":"https:\/\/smilingway.cz\/de\/","name":"Smiling Way","description":"Reisetipps, Inspiration und Reisef\u00fchrer","publisher":{"@id":"https:\/\/smilingway.cz\/de\/#\/schema\/person\/1bb9c7a0f759e37cc3c643cfcf64b9ee"},"potentialAction":[{"@type":"SearchAction","target":{"@type":"EntryPoint","urlTemplate":"https:\/\/smilingway.cz\/de\/?s={search_term_string}"},"query-input":{"@type":"PropertyValueSpecification","valueRequired":true,"valueName":"search_term_string"}}],"inLanguage":"de"},{"@type":["Person","Organization"],"@id":"https:\/\/smilingway.cz\/de\/#\/schema\/person\/1bb9c7a0f759e37cc3c643cfcf64b9ee","name":"Blanka","image":{"@type":"ImageObject","inLanguage":"de","@id":"https:\/\/smilingway.cz\/wp-content\/uploads\/2023\/08\/IMG_20190712_115524_optimized-1-1024x768-1.jpg","url":"https:\/\/smilingway.cz\/wp-content\/uploads\/2023\/08\/IMG_20190712_115524_optimized-1-1024x768-1.jpg","contentUrl":"https:\/\/smilingway.cz\/wp-content\/uploads\/2023\/08\/IMG_20190712_115524_optimized-1-1024x768-1.jpg","width":1024,"height":768,"caption":"Blanka"},"logo":{"@id":"https:\/\/smilingway.cz\/wp-content\/uploads\/2023\/08\/IMG_20190712_115524_optimized-1-1024x768-1.jpg"},"sameAs":["https:\/\/www.facebook.com\/smilingwaycz\/","https:\/\/cz.pinterest.com\/smilingwaycz\/","https:\/\/x.com\/smilingwaycz"]}]}},"spectra_custom_meta":{"_wpml_media_duplicate":["1"],"_wpml_media_featured":["1"],"_top_nav_excluded":[""],"_cms_nav_minihome":[""],"_last_translation_edit_mode":["translation-editor"],"_wpml_word_count":["{\"total\":146,\"to_translate\":{\"cs\":146,\"en\":146,\"hu\":146,\"ro\":146}}"],"_wp_page_template":[""],"_uag_page_assets":["a:9:{s:3:\"css\";s:0:\"\";s:2:\"js\";s:0:\"\";s:18:\"current_block_list\";a:2:{i:0;s:14:\"core\/paragraph\";i:1;s:10:\"core\/image\";}s:8:\"uag_flag\";b:0;s:11:\"uag_version\";s:10:\"1776670595\";s:6:\"gfonts\";a:1:{s:7:\"Default\";a:2:{s:10:\"fontfamily\";s:7:\"Default\";s:12:\"fontvariants\";a:0:{}}}s:10:\"gfonts_url\";s:71:\"\/\/fonts.googleapis.com\/css?family=Default&subset=latin&display=fallback\";s:12:\"gfonts_files\";a:0:{}s:14:\"uag_faq_layout\";b:0;}"]},"uagb_featured_image_src":{"full":false,"thumbnail":false,"medium":false,"medium_large":false,"large":false,"1536x1536":false,"2048x2048":false},"uagb_author_info":{"display_name":"Blanka","author_link":"https:\/\/smilingway.cz\/de\/author\/admin\/"},"uagb_comment_info":0,"uagb_excerpt":"Aktualisiert am 29. 3. 2022 Ich habe diese Website erstellt, um die Reiseplanung mit detaillierten Reisef\u00fchrern zu erleichtern, die Informationen zu Transport, Unterkunft, Preisen, Sehensw\u00fcrdigkeiten [&hellip;]","_links":{"self":[{"href":"https:\/\/smilingway.cz\/de\/wp-json\/wp\/v2\/pages\/53242","targetHints":{"allow":["GET"]}}],"collection":[{"href":"https:\/\/smilingway.cz\/de\/wp-json\/wp\/v2\/pages"}],"about":[{"href":"https:\/\/smilingway.cz\/de\/wp-json\/wp\/v2\/types\/page"}],"author":[{"embeddable":true,"href":"https:\/\/smilingway.cz\/de\/wp-json\/wp\/v2\/users\/1"}],"replies":[{"embeddable":true,"href":"https:\/\/smilingway.cz\/de\/wp-json\/wp\/v2\/comments?post=53242"}],"version-history":[{"count":0,"href":"https:\/\/smilingway.cz\/de\/wp-json\/wp\/v2\/pages\/53242\/revisions"}],"wp:attachment":[{"href":"https:\/\/smilingway.cz\/de\/wp-json\/wp\/v2\/media?parent=53242"}],"curies":[{"name":"wp","href":"https:\/\/api.w.org\/{rel}","templated":true}]}}